{"id":79071,"date":"2025-06-27T22:29:49","date_gmt":"2025-06-27T20:29:49","guid":{"rendered":"https:\/\/stara.pikaluna.com\/sk\/?post_type=product&#038;p=79071"},"modified":"2025-12-10T14:05:31","modified_gmt":"2025-12-10T13:05:31","slug":"sunflip-dress-6-in-1-bali","status":"publish","type":"product","link":"https:\/\/stara.pikaluna.com\/sk\/product\/sunflip-dress-6-in-1-bali\/","title":{"rendered":"SunFlip \u0161aty 6-v-1 Bali"},"content":{"rendered":"","protected":false},"excerpt":{"rendered":"<p>Super jemn\u00e9, vysoko kvalitn\u00e9 leg\u00edny Pikaluna kombinuj\u00fa jedine\u010dn\u00fd dizajn a pohodlie. Po\u010fme zlep\u0161i\u0165 \u0161tandard!<\/p>\n","protected":false},"featured_media":79083,"template":"","meta":{"_acf_changed":false,"inline_featured_image":false},"product_brand":[],"product_cat":[248,255,23],"product_tag":[],"class_list":{"0":"post-79071","1":"product","2":"type-product","3":"status-publish","4":"has-post-thumbnail","6":"product_cat-15e-and-under","7":"product_cat-final-sale","8":"product_cat-outlet","10":"first","11":"instock","12":"sale","13":"shipping-taxable","14":"purchasable","15":"product-type-variable","16":"has-default-attributes"},"bundled_by":[],"bundle_stock_status":"instock","bundle_stock_quantity":null,"bundle_virtual":false,"bundle_layout":"","bundle_add_to_cart_form_location":"","bundle_editable_in_cart":false,"bundle_sold_individually_context":"","bundle_item_grouping":"","bundle_min_size":"","bundle_max_size":"","bundle_price":[],"bundled_items":[],"bundle_sell_ids":[],"acf":[],"_links":{"self":[{"href":"https:\/\/stara.pikaluna.com\/sk\/wp-json\/wp\/v2\/product\/79071","targetHints":{"allow":["GET"]}}],"collection":[{"href":"https:\/\/stara.pikaluna.com\/sk\/wp-json\/wp\/v2\/product"}],"about":[{"href":"https:\/\/stara.pikaluna.com\/sk\/wp-json\/wp\/v2\/types\/product"}],"wp:featuredmedia":[{"embeddable":true,"href":"https:\/\/stara.pikaluna.com\/sk\/wp-json\/wp\/v2\/media\/79083"}],"wp:attachment":[{"href":"https:\/\/stara.pikaluna.com\/sk\/wp-json\/wp\/v2\/media?parent=79071"}],"wp:term":[{"taxonomy":"product_brand","embeddable":true,"href":"https:\/\/stara.pikaluna.com\/sk\/wp-json\/wp\/v2\/product_brand?post=79071"},{"taxonomy":"product_cat","embeddable":true,"href":"https:\/\/stara.pikaluna.com\/sk\/wp-json\/wp\/v2\/product_cat?post=79071"},{"taxonomy":"product_tag","embeddable":true,"href":"https:\/\/stara.pikaluna.com\/sk\/wp-json\/wp\/v2\/product_tag?post=79071"}],"curies":[{"name":"wp","href":"https:\/\/api.w.org\/{rel}","templated":true}]}}