{"id":78885,"date":"2025-06-21T22:28:05","date_gmt":"2025-06-21T20:28:05","guid":{"rendered":"https:\/\/stara.pikaluna.com\/sk\/?post_type=product&#038;p=78885"},"modified":"2025-12-10T14:24:35","modified_gmt":"2025-12-10T13:24:35","slug":"kids-long-leggings-ditsy","status":"publish","type":"product","link":"https:\/\/stara.pikaluna.com\/sk\/product\/kids-long-leggings-ditsy\/","title":{"rendered":"Dlh\u00e9 Detsk\u00e9 Leg\u00edny Ditsy"},"content":{"rendered":"","protected":false},"excerpt":{"rendered":"<p>Super jemn\u00e9 a pohodln\u00e9. Nechajte svoje deti vyzera\u0165 m\u00f3dne, a c\u00edti\u0165 sa pohodlne na ka\u017edom kroku!<\/p>\n","protected":false},"featured_media":78890,"template":"","meta":{"_acf_changed":false,"inline_featured_image":false},"product_brand":[],"product_cat":[248,30,214,90],"product_tag":[],"class_list":{"0":"post-78885","1":"product","2":"type-product","3":"status-publish","4":"has-post-thumbnail","6":"product_cat-15e-and-under","7":"product_cat-kids-all-products","8":"product_cat-kids-long-leggings","9":"product_cat-new","11":"first","12":"instock","13":"sale","14":"shipping-taxable","15":"purchasable","16":"product-type-variable","17":"has-default-attributes"},"bundled_by":[],"bundle_stock_status":"instock","bundle_stock_quantity":null,"bundle_virtual":false,"bundle_layout":"","bundle_add_to_cart_form_location":"","bundle_editable_in_cart":false,"bundle_sold_individually_context":"","bundle_item_grouping":"","bundle_min_size":"","bundle_max_size":"","bundle_price":[],"bundled_items":[],"bundle_sell_ids":[],"acf":[],"_links":{"self":[{"href":"https:\/\/stara.pikaluna.com\/sk\/wp-json\/wp\/v2\/product\/78885","targetHints":{"allow":["GET"]}}],"collection":[{"href":"https:\/\/stara.pikaluna.com\/sk\/wp-json\/wp\/v2\/product"}],"about":[{"href":"https:\/\/stara.pikaluna.com\/sk\/wp-json\/wp\/v2\/types\/product"}],"wp:featuredmedia":[{"embeddable":true,"href":"https:\/\/stara.pikaluna.com\/sk\/wp-json\/wp\/v2\/media\/78890"}],"wp:attachment":[{"href":"https:\/\/stara.pikaluna.com\/sk\/wp-json\/wp\/v2\/media?parent=78885"}],"wp:term":[{"taxonomy":"product_brand","embeddable":true,"href":"https:\/\/stara.pikaluna.com\/sk\/wp-json\/wp\/v2\/product_brand?post=78885"},{"taxonomy":"product_cat","embeddable":true,"href":"https:\/\/stara.pikaluna.com\/sk\/wp-json\/wp\/v2\/product_cat?post=78885"},{"taxonomy":"product_tag","embeddable":true,"href":"https:\/\/stara.pikaluna.com\/sk\/wp-json\/wp\/v2\/product_tag?post=78885"}],"curies":[{"name":"wp","href":"https:\/\/api.w.org\/{rel}","templated":true}]}}