{"id":65859,"date":"2024-05-14T19:40:28","date_gmt":"2024-05-14T17:40:28","guid":{"rendered":"https:\/\/stara.pikaluna.com\/sk\/?post_type=product&#038;p=65859"},"modified":"2025-12-10T08:43:20","modified_gmt":"2025-12-10T07:43:20","slug":"sweats-mesh-capri-falcon","status":"publish","type":"product","link":"https:\/\/stara.pikaluna.com\/sk\/product\/sweats-mesh-capri-falcon\/","title":{"rendered":"Sweats Mesh Capri Falcon"},"content":{"rendered":"","protected":false},"excerpt":{"rendered":"<p>Super m\u00e4kk\u00e9, vysoko kvalitn\u00e9 tepl\u00e1ky PikaLuna sp\u00e1jaj\u00fa jedine\u010dn\u00fd dizajn s ve\u013ek\u00fdm pohodl\u00edm. Po\u010fme zlep\u0161i\u0165 \u0161tandardy!<\/p>\n","protected":false},"featured_media":67729,"template":"","meta":{"_acf_changed":false,"inline_featured_image":false},"product_brand":[],"product_cat":[250,104,151,152,90,46],"product_tag":[21],"class_list":{"0":"post-65859","1":"product","2":"type-product","3":"status-publish","4":"has-post-thumbnail","6":"product_cat-25e-and-under","7":"product_cat-all-sweat-pants","8":"product_cat-mesh","9":"product_cat-mesh-sweats","10":"product_cat-new","11":"product_cat-sweat-pants","12":"product_tag-newproduct","14":"first","15":"instock","16":"sale","17":"shipping-taxable","18":"purchasable","19":"product-type-variable"},"bundled_by":[],"bundle_stock_status":"instock","bundle_stock_quantity":null,"bundle_virtual":false,"bundle_layout":"","bundle_add_to_cart_form_location":"","bundle_editable_in_cart":false,"bundle_sold_individually_context":"","bundle_item_grouping":"","bundle_min_size":"","bundle_max_size":"","bundle_price":[],"bundled_items":[],"bundle_sell_ids":[],"acf":[],"_links":{"self":[{"href":"https:\/\/stara.pikaluna.com\/sk\/wp-json\/wp\/v2\/product\/65859","targetHints":{"allow":["GET"]}}],"collection":[{"href":"https:\/\/stara.pikaluna.com\/sk\/wp-json\/wp\/v2\/product"}],"about":[{"href":"https:\/\/stara.pikaluna.com\/sk\/wp-json\/wp\/v2\/types\/product"}],"wp:featuredmedia":[{"embeddable":true,"href":"https:\/\/stara.pikaluna.com\/sk\/wp-json\/wp\/v2\/media\/67729"}],"wp:attachment":[{"href":"https:\/\/stara.pikaluna.com\/sk\/wp-json\/wp\/v2\/media?parent=65859"}],"wp:term":[{"taxonomy":"product_brand","embeddable":true,"href":"https:\/\/stara.pikaluna.com\/sk\/wp-json\/wp\/v2\/product_brand?post=65859"},{"taxonomy":"product_cat","embeddable":true,"href":"https:\/\/stara.pikaluna.com\/sk\/wp-json\/wp\/v2\/product_cat?post=65859"},{"taxonomy":"product_tag","embeddable":true,"href":"https:\/\/stara.pikaluna.com\/sk\/wp-json\/wp\/v2\/product_tag?post=65859"}],"curies":[{"name":"wp","href":"https:\/\/api.w.org\/{rel}","templated":true}]}}