{"id":65174,"date":"2024-06-27T10:42:55","date_gmt":"2024-06-27T08:42:55","guid":{"rendered":"https:\/\/stara.pikaluna.com\/sk\/?post_type=product&#038;p=65174"},"modified":"2025-12-05T16:11:33","modified_gmt":"2025-12-05T15:11:33","slug":"fancy-capri","status":"publish","type":"product","link":"https:\/\/stara.pikaluna.com\/sk\/product\/fancy-capri\/","title":{"rendered":"Fancy Capri"},"content":{"rendered":"","protected":false},"excerpt":{"rendered":"<p>Super jemn\u00e9, vysoko kvalitn\u00e9 leg\u00edny Pikaluna kombinuj\u00fa jedine\u010dn\u00fd dizajn a pohodlie. Po\u010fme zlep\u0161i\u0165 \u0161tandard!<\/p>\n","protected":false},"featured_media":67129,"template":"","meta":{"_acf_changed":false,"inline_featured_image":false},"product_brand":[],"product_cat":[249,99,18,147,149,90],"product_tag":[21],"class_list":{"0":"post-65174","1":"product","2":"type-product","3":"status-publish","4":"has-post-thumbnail","6":"product_cat-20e-and-under","7":"product_cat-all-leggings","8":"product_cat-capri","9":"product_cat-elegant","10":"product_cat-elegant-capri","11":"product_cat-new","12":"product_tag-newproduct","14":"first","15":"instock","16":"sale","17":"shipping-taxable","18":"purchasable","19":"product-type-variable","20":"has-default-attributes"},"bundled_by":[],"bundle_stock_status":"instock","bundle_stock_quantity":null,"bundle_virtual":false,"bundle_layout":"","bundle_add_to_cart_form_location":"","bundle_editable_in_cart":false,"bundle_sold_individually_context":"","bundle_item_grouping":"","bundle_min_size":"","bundle_max_size":"","bundle_price":[],"bundled_items":[],"bundle_sell_ids":[],"acf":[],"_links":{"self":[{"href":"https:\/\/stara.pikaluna.com\/sk\/wp-json\/wp\/v2\/product\/65174","targetHints":{"allow":["GET"]}}],"collection":[{"href":"https:\/\/stara.pikaluna.com\/sk\/wp-json\/wp\/v2\/product"}],"about":[{"href":"https:\/\/stara.pikaluna.com\/sk\/wp-json\/wp\/v2\/types\/product"}],"wp:featuredmedia":[{"embeddable":true,"href":"https:\/\/stara.pikaluna.com\/sk\/wp-json\/wp\/v2\/media\/67129"}],"wp:attachment":[{"href":"https:\/\/stara.pikaluna.com\/sk\/wp-json\/wp\/v2\/media?parent=65174"}],"wp:term":[{"taxonomy":"product_brand","embeddable":true,"href":"https:\/\/stara.pikaluna.com\/sk\/wp-json\/wp\/v2\/product_brand?post=65174"},{"taxonomy":"product_cat","embeddable":true,"href":"https:\/\/stara.pikaluna.com\/sk\/wp-json\/wp\/v2\/product_cat?post=65174"},{"taxonomy":"product_tag","embeddable":true,"href":"https:\/\/stara.pikaluna.com\/sk\/wp-json\/wp\/v2\/product_tag?post=65174"}],"curies":[{"name":"wp","href":"https:\/\/api.w.org\/{rel}","templated":true}]}}