{"id":56145,"date":"2023-08-23T20:42:54","date_gmt":"2023-08-23T18:42:54","guid":{"rendered":"https:\/\/stara.pikaluna.com\/sk\/?post_type=product&#038;p=56145"},"modified":"2025-12-10T14:05:13","modified_gmt":"2025-12-10T13:05:13","slug":"delight-capri","status":"publish","type":"product","link":"https:\/\/stara.pikaluna.com\/sk\/product\/delight-capri\/","title":{"rendered":"Delight Capri"},"content":{"rendered":"","protected":false},"excerpt":{"rendered":"<p>Super jemn\u00e9, vysoko kvalitn\u00e9 leg\u00edny Pikaluna kombinuj\u00fa jedine\u010dn\u00fd dizajn a pohodlie. Po\u010fme zlep\u0161i\u0165 \u0161tandard!<\/p>\n","protected":false},"featured_media":28299,"template":"","meta":{"_acf_changed":false,"inline_featured_image":false},"product_brand":[],"product_cat":[247,23],"product_tag":[],"class_list":{"0":"post-56145","1":"product","2":"type-product","3":"status-publish","4":"has-post-thumbnail","6":"product_cat-10e-and-under","7":"product_cat-outlet","9":"first","10":"instock","11":"sale","12":"shipping-taxable","13":"purchasable","14":"product-type-variable","15":"has-default-attributes"},"bundled_by":[],"bundle_stock_status":"instock","bundle_stock_quantity":null,"bundle_virtual":false,"bundle_layout":"","bundle_add_to_cart_form_location":"","bundle_editable_in_cart":false,"bundle_sold_individually_context":"","bundle_item_grouping":"","bundle_min_size":"","bundle_max_size":"","bundle_price":[],"bundled_items":[],"bundle_sell_ids":[],"acf":[],"_links":{"self":[{"href":"https:\/\/stara.pikaluna.com\/sk\/wp-json\/wp\/v2\/product\/56145","targetHints":{"allow":["GET"]}}],"collection":[{"href":"https:\/\/stara.pikaluna.com\/sk\/wp-json\/wp\/v2\/product"}],"about":[{"href":"https:\/\/stara.pikaluna.com\/sk\/wp-json\/wp\/v2\/types\/product"}],"wp:featuredmedia":[{"embeddable":true,"href":"https:\/\/stara.pikaluna.com\/sk\/wp-json\/wp\/v2\/media\/28299"}],"wp:attachment":[{"href":"https:\/\/stara.pikaluna.com\/sk\/wp-json\/wp\/v2\/media?parent=56145"}],"wp:term":[{"taxonomy":"product_brand","embeddable":true,"href":"https:\/\/stara.pikaluna.com\/sk\/wp-json\/wp\/v2\/product_brand?post=56145"},{"taxonomy":"product_cat","embeddable":true,"href":"https:\/\/stara.pikaluna.com\/sk\/wp-json\/wp\/v2\/product_cat?post=56145"},{"taxonomy":"product_tag","embeddable":true,"href":"https:\/\/stara.pikaluna.com\/sk\/wp-json\/wp\/v2\/product_tag?post=56145"}],"curies":[{"name":"wp","href":"https:\/\/api.w.org\/{rel}","templated":true}]}}