{"id":37350,"date":"2022-07-08T15:10:06","date_gmt":"2022-07-08T13:10:06","guid":{"rendered":"https:\/\/stara.pikaluna.com\/sk\/?post_type=product&#038;p=37350"},"modified":"2025-12-10T11:16:04","modified_gmt":"2025-12-10T10:16:04","slug":"gothic-tricko","status":"publish","type":"product","link":"https:\/\/stara.pikaluna.com\/sk\/product\/gothic-tricko\/","title":{"rendered":"Gothic Tri\u010dko"},"content":{"rendered":"","protected":false},"excerpt":{"rendered":"<p><strong>V\u00fd\u0161ka modelky:<\/strong>\u00a0170 cm<br \/>\n<strong>Modelka m\u00e1 oble\u010den\u00fa ve\u013ekos\u0165:<\/strong>\u00a0S<\/p>\n","protected":false},"featured_media":61733,"template":"","meta":{"_acf_changed":false,"inline_featured_image":false},"product_brand":[],"product_cat":[249,246,204,23,183,81,203],"product_tag":[],"class_list":{"0":"post-37350","1":"product","2":"type-product","3":"status-publish","4":"has-post-thumbnail","6":"product_cat-20e-and-under","7":"product_cat-5e-and-under","8":"product_cat-all-short-sleeves","9":"product_cat-outlet","10":"product_cat-sxs","11":"product_cat-sport-t-shirt","12":"product_cat-upper-wear","14":"first","15":"instock","16":"sale","17":"shipping-taxable","18":"purchasable","19":"product-type-variable","20":"has-default-attributes"},"bundled_by":[],"bundle_stock_status":"instock","bundle_stock_quantity":null,"bundle_virtual":false,"bundle_layout":"","bundle_add_to_cart_form_location":"","bundle_editable_in_cart":false,"bundle_sold_individually_context":"","bundle_item_grouping":"","bundle_min_size":"","bundle_max_size":"","bundle_price":[],"bundled_items":[],"bundle_sell_ids":[],"acf":[],"_links":{"self":[{"href":"https:\/\/stara.pikaluna.com\/sk\/wp-json\/wp\/v2\/product\/37350","targetHints":{"allow":["GET"]}}],"collection":[{"href":"https:\/\/stara.pikaluna.com\/sk\/wp-json\/wp\/v2\/product"}],"about":[{"href":"https:\/\/stara.pikaluna.com\/sk\/wp-json\/wp\/v2\/types\/product"}],"wp:featuredmedia":[{"embeddable":true,"href":"https:\/\/stara.pikaluna.com\/sk\/wp-json\/wp\/v2\/media\/61733"}],"wp:attachment":[{"href":"https:\/\/stara.pikaluna.com\/sk\/wp-json\/wp\/v2\/media?parent=37350"}],"wp:term":[{"taxonomy":"product_brand","embeddable":true,"href":"https:\/\/stara.pikaluna.com\/sk\/wp-json\/wp\/v2\/product_brand?post=37350"},{"taxonomy":"product_cat","embeddable":true,"href":"https:\/\/stara.pikaluna.com\/sk\/wp-json\/wp\/v2\/product_cat?post=37350"},{"taxonomy":"product_tag","embeddable":true,"href":"https:\/\/stara.pikaluna.com\/sk\/wp-json\/wp\/v2\/product_tag?post=37350"}],"curies":[{"name":"wp","href":"https:\/\/api.w.org\/{rel}","templated":true}]}}