{"id":33854,"date":"2022-06-08T22:08:01","date_gmt":"2022-06-08T20:08:01","guid":{"rendered":"https:\/\/stara.pikaluna.com\/sk\/?post_type=product&#038;p=33854"},"modified":"2025-12-10T08:36:13","modified_gmt":"2025-12-10T07:36:13","slug":"etna-dot-sveter-s-kratkym-rukavom","status":"publish","type":"product","link":"https:\/\/stara.pikaluna.com\/sk\/product\/etna-dot-sveter-s-kratkym-rukavom\/","title":{"rendered":"Etna Dot Sveter s Kr\u00e1tkym Ruk\u00e1vom"},"content":{"rendered":"","protected":false},"excerpt":{"rendered":"<p>Super jemn\u00e9, vysoko kvalitn\u00e9 leg\u00edny Pikaluna kombinuj\u00fa jedine\u010dn\u00fd dizajn a pohodlie. Po\u010fme zlep\u0161i\u0165 \u0161tandard!<\/p>\n","protected":false},"featured_media":33873,"template":"","meta":{"_acf_changed":false,"inline_featured_image":false},"product_brand":[],"product_cat":[247,254,79],"product_tag":[],"class_list":{"0":"post-33854","1":"product","2":"type-product","3":"status-publish","4":"has-post-thumbnail","6":"product_cat-10e-and-under","7":"product_cat-cotton","8":"product_cat-cotton-short-sleave-sweaters","10":"first","11":"instock","12":"sale","13":"shipping-taxable","14":"purchasable","15":"product-type-variable","16":"has-default-attributes"},"bundled_by":["38063"],"bundle_stock_status":"instock","bundle_stock_quantity":null,"bundle_virtual":false,"bundle_layout":"","bundle_add_to_cart_form_location":"","bundle_editable_in_cart":false,"bundle_sold_individually_context":"","bundle_item_grouping":"","bundle_min_size":"","bundle_max_size":"","bundle_price":[],"bundled_items":[],"bundle_sell_ids":[],"acf":[],"_links":{"self":[{"href":"https:\/\/stara.pikaluna.com\/sk\/wp-json\/wp\/v2\/product\/33854","targetHints":{"allow":["GET"]}}],"collection":[{"href":"https:\/\/stara.pikaluna.com\/sk\/wp-json\/wp\/v2\/product"}],"about":[{"href":"https:\/\/stara.pikaluna.com\/sk\/wp-json\/wp\/v2\/types\/product"}],"wp:featuredmedia":[{"embeddable":true,"href":"https:\/\/stara.pikaluna.com\/sk\/wp-json\/wp\/v2\/media\/33873"}],"wp:attachment":[{"href":"https:\/\/stara.pikaluna.com\/sk\/wp-json\/wp\/v2\/media?parent=33854"}],"wp:term":[{"taxonomy":"product_brand","embeddable":true,"href":"https:\/\/stara.pikaluna.com\/sk\/wp-json\/wp\/v2\/product_brand?post=33854"},{"taxonomy":"product_cat","embeddable":true,"href":"https:\/\/stara.pikaluna.com\/sk\/wp-json\/wp\/v2\/product_cat?post=33854"},{"taxonomy":"product_tag","embeddable":true,"href":"https:\/\/stara.pikaluna.com\/sk\/wp-json\/wp\/v2\/product_tag?post=33854"}],"curies":[{"name":"wp","href":"https:\/\/api.w.org\/{rel}","templated":true}]}}