{"id":33766,"date":"2022-06-08T20:31:36","date_gmt":"2022-06-08T18:31:36","guid":{"rendered":"https:\/\/stara.pikaluna.com\/sk\/?post_type=product&#038;p=33766"},"modified":"2025-12-05T16:07:44","modified_gmt":"2025-12-05T15:07:44","slug":"sand-print-triko","status":"publish","type":"product","link":"https:\/\/stara.pikaluna.com\/sk\/product\/sand-print-triko\/","title":{"rendered":"Sand Print Triko"},"content":{"rendered":"","protected":false},"excerpt":{"rendered":"<p><strong>V\u00fd\u0161ka modelky:<\/strong>\u00a0170 cm<br \/>\n<strong>Modelka m\u00e1 oble\u010den\u00fa ve\u013ekos\u0165:<\/strong>\u00a0S<\/p>\n","protected":false},"featured_media":33774,"template":"","meta":{"_acf_changed":false,"inline_featured_image":false},"product_brand":[],"product_cat":[246,254,72],"product_tag":[],"class_list":{"0":"post-33766","1":"product","2":"type-product","3":"status-publish","4":"has-post-thumbnail","6":"product_cat-5e-and-under","7":"product_cat-cotton","8":"product_cat-cotton-shirts","10":"first","11":"instock","12":"sale","13":"shipping-taxable","14":"purchasable","15":"product-type-variable","16":"has-default-attributes"},"bundled_by":["38031"],"bundle_stock_status":"instock","bundle_stock_quantity":null,"bundle_virtual":false,"bundle_layout":"","bundle_add_to_cart_form_location":"","bundle_editable_in_cart":false,"bundle_sold_individually_context":"","bundle_item_grouping":"","bundle_min_size":"","bundle_max_size":"","bundle_price":[],"bundled_items":[],"bundle_sell_ids":[],"acf":[],"_links":{"self":[{"href":"https:\/\/stara.pikaluna.com\/sk\/wp-json\/wp\/v2\/product\/33766","targetHints":{"allow":["GET"]}}],"collection":[{"href":"https:\/\/stara.pikaluna.com\/sk\/wp-json\/wp\/v2\/product"}],"about":[{"href":"https:\/\/stara.pikaluna.com\/sk\/wp-json\/wp\/v2\/types\/product"}],"wp:featuredmedia":[{"embeddable":true,"href":"https:\/\/stara.pikaluna.com\/sk\/wp-json\/wp\/v2\/media\/33774"}],"wp:attachment":[{"href":"https:\/\/stara.pikaluna.com\/sk\/wp-json\/wp\/v2\/media?parent=33766"}],"wp:term":[{"taxonomy":"product_brand","embeddable":true,"href":"https:\/\/stara.pikaluna.com\/sk\/wp-json\/wp\/v2\/product_brand?post=33766"},{"taxonomy":"product_cat","embeddable":true,"href":"https:\/\/stara.pikaluna.com\/sk\/wp-json\/wp\/v2\/product_cat?post=33766"},{"taxonomy":"product_tag","embeddable":true,"href":"https:\/\/stara.pikaluna.com\/sk\/wp-json\/wp\/v2\/product_tag?post=33766"}],"curies":[{"name":"wp","href":"https:\/\/api.w.org\/{rel}","templated":true}]}}