{"id":22799,"date":"2022-01-03T13:06:09","date_gmt":"2022-01-03T12:06:09","guid":{"rendered":"https:\/\/stara.pikaluna.com\/sk\/?post_type=product&#038;p=22799"},"modified":"2025-12-05T16:07:23","modified_gmt":"2025-12-05T15:07:23","slug":"colorblast-kids","status":"publish","type":"product","link":"https:\/\/stara.pikaluna.com\/sk\/product\/colorblast-kids\/","title":{"rendered":"Dlh\u00e9 Detsk\u00e9 Leg\u00edny Color Blast"},"content":{"rendered":"","protected":false},"excerpt":{"rendered":"<p>Super jemn\u00e9 a pohodln\u00e9. Nechajte svoje deti vyzera\u0165 m\u00f3dne, a c\u00edti\u0165 sa pohodlne na ka\u017edom kroku!<\/p>\n","protected":false},"featured_media":22806,"template":"","meta":{"_acf_changed":false,"inline_featured_image":false},"product_brand":[],"product_cat":[246,23],"product_tag":[],"class_list":{"0":"post-22799","1":"product","2":"type-product","3":"status-publish","4":"has-post-thumbnail","6":"product_cat-5e-and-under","7":"product_cat-outlet","9":"first","10":"instock","11":"sale","12":"shipping-taxable","13":"purchasable","14":"product-type-variable","15":"has-default-attributes"},"bundled_by":[],"bundle_stock_status":"instock","bundle_stock_quantity":null,"bundle_virtual":false,"bundle_layout":"","bundle_add_to_cart_form_location":"","bundle_editable_in_cart":false,"bundle_sold_individually_context":"","bundle_item_grouping":"","bundle_min_size":"","bundle_max_size":"","bundle_price":[],"bundled_items":[],"bundle_sell_ids":[],"acf":[],"_links":{"self":[{"href":"https:\/\/stara.pikaluna.com\/sk\/wp-json\/wp\/v2\/product\/22799","targetHints":{"allow":["GET"]}}],"collection":[{"href":"https:\/\/stara.pikaluna.com\/sk\/wp-json\/wp\/v2\/product"}],"about":[{"href":"https:\/\/stara.pikaluna.com\/sk\/wp-json\/wp\/v2\/types\/product"}],"wp:featuredmedia":[{"embeddable":true,"href":"https:\/\/stara.pikaluna.com\/sk\/wp-json\/wp\/v2\/media\/22806"}],"wp:attachment":[{"href":"https:\/\/stara.pikaluna.com\/sk\/wp-json\/wp\/v2\/media?parent=22799"}],"wp:term":[{"taxonomy":"product_brand","embeddable":true,"href":"https:\/\/stara.pikaluna.com\/sk\/wp-json\/wp\/v2\/product_brand?post=22799"},{"taxonomy":"product_cat","embeddable":true,"href":"https:\/\/stara.pikaluna.com\/sk\/wp-json\/wp\/v2\/product_cat?post=22799"},{"taxonomy":"product_tag","embeddable":true,"href":"https:\/\/stara.pikaluna.com\/sk\/wp-json\/wp\/v2\/product_tag?post=22799"}],"curies":[{"name":"wp","href":"https:\/\/api.w.org\/{rel}","templated":true}]}}