{"id":18669,"date":"2021-11-09T14:18:24","date_gmt":"2021-11-09T13:18:24","guid":{"rendered":"https:\/\/stara.pikaluna.com\/sk\/?post_type=product&#038;p=18669"},"modified":"2025-09-23T10:56:10","modified_gmt":"2025-09-23T08:56:10","slug":"digital-gift-card-30e","status":"publish","type":"product","link":"https:\/\/stara.pikaluna.com\/sk\/product\/digital-gift-card-30e\/","title":{"rendered":"Digit\u00e1lny dar\u010dekov\u00fd poukaz"},"content":{"rendered":"","protected":false},"excerpt":{"rendered":"<p>Super jemn\u00e9 a pohodln\u00e9. Nechajte svoje deti vyzera\u0165 m\u00f3dne, a c\u00edti\u0165 sa pohodlne na ka\u017edom kroku!<\/p>\n","protected":false},"featured_media":20601,"template":"","meta":{"_acf_changed":false,"inline_featured_image":false},"product_brand":[],"product_cat":[40],"product_tag":[],"class_list":{"0":"post-18669","1":"product","2":"type-product","3":"status-publish","4":"has-post-thumbnail","6":"product_cat-gift-card","8":"first","9":"instock","10":"virtual","11":"purchasable","12":"product-type-store_credit"},"bundled_by":[],"bundle_stock_status":"instock","bundle_stock_quantity":null,"bundle_virtual":false,"bundle_layout":"","bundle_add_to_cart_form_location":"","bundle_editable_in_cart":false,"bundle_sold_individually_context":"","bundle_item_grouping":"","bundle_min_size":"","bundle_max_size":"","bundle_price":[],"bundled_items":[],"bundle_sell_ids":[],"acf":[],"_links":{"self":[{"href":"https:\/\/stara.pikaluna.com\/sk\/wp-json\/wp\/v2\/product\/18669","targetHints":{"allow":["GET"]}}],"collection":[{"href":"https:\/\/stara.pikaluna.com\/sk\/wp-json\/wp\/v2\/product"}],"about":[{"href":"https:\/\/stara.pikaluna.com\/sk\/wp-json\/wp\/v2\/types\/product"}],"wp:featuredmedia":[{"embeddable":true,"href":"https:\/\/stara.pikaluna.com\/sk\/wp-json\/wp\/v2\/media\/20601"}],"wp:attachment":[{"href":"https:\/\/stara.pikaluna.com\/sk\/wp-json\/wp\/v2\/media?parent=18669"}],"wp:term":[{"taxonomy":"product_brand","embeddable":true,"href":"https:\/\/stara.pikaluna.com\/sk\/wp-json\/wp\/v2\/product_brand?post=18669"},{"taxonomy":"product_cat","embeddable":true,"href":"https:\/\/stara.pikaluna.com\/sk\/wp-json\/wp\/v2\/product_cat?post=18669"},{"taxonomy":"product_tag","embeddable":true,"href":"https:\/\/stara.pikaluna.com\/sk\/wp-json\/wp\/v2\/product_tag?post=18669"}],"curies":[{"name":"wp","href":"https:\/\/api.w.org\/{rel}","templated":true}]}}