{"id":23414,"date":"2022-01-11T09:13:46","date_gmt":"2022-01-11T08:13:46","guid":{"rendered":"https:\/\/stara.pikaluna.com\/sk\/?page_id=23414"},"modified":"2025-10-08T10:57:05","modified_gmt":"2025-10-08T08:57:05","slug":"home-page-new-v2","status":"publish","type":"page","link":"https:\/\/stara.pikaluna.com\/sk\/","title":{"rendered":"Leg\u00edny PIKALUNA &#8211; Pr\u00e9miov\u00fd Komfort a \u0160t\u00fdl"},"content":{"rendered":"","protected":false},"excerpt":{"rendered":"","protected":false},"author":20,"featured_media":0,"parent":0,"menu_order":0,"comment_status":"closed","ping_status":"closed","template":"template-home-new-v2.blade.php","meta":{"_acf_changed":false,"inline_featured_image":false,"footnotes":""},"class_list":["post-23414","page","type-page","status-publish","hentry"],"acf":[],"_links":{"self":[{"href":"https:\/\/stara.pikaluna.com\/sk\/wp-json\/wp\/v2\/pages\/23414","targetHints":{"allow":["GET"]}}],"collection":[{"href":"https:\/\/stara.pikaluna.com\/sk\/wp-json\/wp\/v2\/pages"}],"about":[{"href":"https:\/\/stara.pikaluna.com\/sk\/wp-json\/wp\/v2\/types\/page"}],"author":[{"embeddable":true,"href":"https:\/\/stara.pikaluna.com\/sk\/wp-json\/wp\/v2\/users\/20"}],"replies":[{"embeddable":true,"href":"https:\/\/stara.pikaluna.com\/sk\/wp-json\/wp\/v2\/comments?post=23414"}],"version-history":[{"count":5,"href":"https:\/\/stara.pikaluna.com\/sk\/wp-json\/wp\/v2\/pages\/23414\/revisions"}],"predecessor-version":[{"id":81542,"href":"https:\/\/stara.pikaluna.com\/sk\/wp-json\/wp\/v2\/pages\/23414\/revisions\/81542"}],"wp:attachment":[{"href":"https:\/\/stara.pikaluna.com\/sk\/wp-json\/wp\/v2\/media?parent=23414"}],"curies":[{"name":"wp","href":"https:\/\/api.w.org\/{rel}","templated":true}]}}