{"id":21799,"date":"2022-01-03T15:40:35","date_gmt":"2022-01-03T14:40:35","guid":{"rendered":"https:\/\/stara.pikaluna.com\/si\/?post_type=product&#038;p=21799"},"modified":"2025-12-05T16:07:22","modified_gmt":"2025-12-05T15:07:22","slug":"butterflies-kids","status":"publish","type":"product","link":"https:\/\/stara.pikaluna.com\/si\/product\/butterflies-kids\/","title":{"rendered":"Otro\u0161ke Dolge pajkice Butterflies"},"content":{"rendered":"","protected":false},"excerpt":{"rendered":"<p>Super mehke, visokokakovostne pajkice Pikaluna zdru\u017eujejo modo in udobje. To\u010dno to, kar va\u0161i otroci potrebujejo za dobro po\u010dutje!<\/p>\n","protected":false},"featured_media":21806,"template":"","meta":{"_acf_changed":false,"inline_featured_image":false},"product_brand":[],"product_cat":[265,17,231],"product_tag":[],"class_list":{"0":"post-21799","1":"product","2":"type-product","3":"status-publish","4":"has-post-thumbnail","6":"product_cat-15e-and-under","7":"product_cat-kids-all-products","8":"product_cat-kids-long-leggings","10":"first","11":"instock","12":"sale","13":"shipping-taxable","14":"purchasable","15":"product-type-variable","16":"has-default-attributes"},"bundled_by":[],"bundle_stock_status":"instock","bundle_stock_quantity":null,"bundle_virtual":false,"bundle_layout":"","bundle_add_to_cart_form_location":"","bundle_editable_in_cart":false,"bundle_sold_individually_context":"","bundle_item_grouping":"","bundle_min_size":"","bundle_max_size":"","bundle_price":[],"bundled_items":[],"bundle_sell_ids":[],"acf":[],"_links":{"self":[{"href":"https:\/\/stara.pikaluna.com\/si\/wp-json\/wp\/v2\/product\/21799","targetHints":{"allow":["GET"]}}],"collection":[{"href":"https:\/\/stara.pikaluna.com\/si\/wp-json\/wp\/v2\/product"}],"about":[{"href":"https:\/\/stara.pikaluna.com\/si\/wp-json\/wp\/v2\/types\/product"}],"wp:featuredmedia":[{"embeddable":true,"href":"https:\/\/stara.pikaluna.com\/si\/wp-json\/wp\/v2\/media\/21806"}],"wp:attachment":[{"href":"https:\/\/stara.pikaluna.com\/si\/wp-json\/wp\/v2\/media?parent=21799"}],"wp:term":[{"taxonomy":"product_brand","embeddable":true,"href":"https:\/\/stara.pikaluna.com\/si\/wp-json\/wp\/v2\/product_brand?post=21799"},{"taxonomy":"product_cat","embeddable":true,"href":"https:\/\/stara.pikaluna.com\/si\/wp-json\/wp\/v2\/product_cat?post=21799"},{"taxonomy":"product_tag","embeddable":true,"href":"https:\/\/stara.pikaluna.com\/si\/wp-json\/wp\/v2\/product_tag?post=21799"}],"curies":[{"name":"wp","href":"https:\/\/api.w.org\/{rel}","templated":true}]}}