{"id":379,"date":"2020-08-06T08:37:27","date_gmt":"2020-08-06T06:37:27","guid":{"rendered":"https:\/\/stara.pikaluna.com\/si\/?page_id=379"},"modified":"2022-02-07T13:11:29","modified_gmt":"2022-02-07T12:11:29","slug":"about-us","status":"publish","type":"page","link":"https:\/\/stara.pikaluna.com\/si\/about-us\/","title":{"rendered":"O nas"},"content":{"rendered":"<h3>Na\u0161a misija:<\/h3>\n<p>Zdru\u017eiti mo\u010d, udobje in kakovost s super mehkimi materiali, dizajniranimi v EU<\/p>\n<p>&nbsp;<\/p>\n<h3>Na\u0161a vizija:<\/h3>\n<p>Voditi inovacije na podro\u010dju modne industrije z razvojem kakovostnih materialov, oblikovanih v EU. Svojo blagovno znamko \u017eelimo razvijati na podlagi tega, kar pravijo na\u0161e stranke. Prizadevamo si, da bi bila na\u0161a obla\u010dila delno izdelana iz recikliranih materialov \u2013 ker nam je mar za na\u0161 planet!<\/p>\n<p>&nbsp;<\/p>\n<h3>Po \u010dem se razlikujemo od ostalih:<\/h3>\n<p>Vsa na\u0161a obla\u010dila so oblikovana v EU. Nekateri modeli so nastali celo na podlagi predlogov na\u0161ih strank! In to je tisto, kar nas dela druga\u010dne \u2013 resni\u010dno nam je mar za va\u0161e mnenje! Ne samo, da vas poslu\u0161amo &#8211; potem tudi ukrepamo! No pa \u0161e ena stvar, na\u0161 material je&#8230; ENKRATEN! Ampak ne verjami nam na besedo, prepri\u010daj se sama!<\/p>\n<p>&nbsp;<\/p>\n<p><img decoding=\"async\" class=\"alignnone wp-image-800\" src=\"https:\/\/stara.pikaluna.com\/si\/wp-content\/uploads\/sites\/10\/2020\/08\/Pikaluna_280720-141-min-1-600x400.jpg\" alt=\"\" width=\"788\" height=\"524\" srcset=\"https:\/\/stara.pikaluna.com\/si\/wp-content\/uploads\/sites\/10\/2020\/08\/Pikaluna_280720-141-min-1-600x400.jpg 600w, https:\/\/stara.pikaluna.com\/si\/wp-content\/uploads\/sites\/10\/2020\/08\/Pikaluna_280720-141-min-1-1200x800.jpg 1200w, https:\/\/stara.pikaluna.com\/si\/wp-content\/uploads\/sites\/10\/2020\/08\/Pikaluna_280720-141-min-1-768x512.jpg 768w, https:\/\/stara.pikaluna.com\/si\/wp-content\/uploads\/sites\/10\/2020\/08\/Pikaluna_280720-141-min-1-1536x1024.jpg 1536w\" sizes=\"(max-width: 788px) 100vw, 788px\" \/><\/p>\n<p>&nbsp;<\/p>\n<p>Podjetje INVIO d.o.o. je trgovsko podjetje, ki zastopa mednarodno blagovno znamko PIKALUNA<\/p>\n<p>Trg komandanta Staneta 8<\/p>\n<p>1000 Ljubljana<\/p>\n<p>Slovenia<\/p>\n<p>SI:\u00a0<b data-stringify-type=\"bold\">71188860<\/b><\/p>\n<p><a href=\"mailto:info@pikaluna.com\">info@pikaluna.com<\/a><\/p>\n","protected":false},"excerpt":{"rendered":"<p>Na\u0161a misija: Zdru\u017eiti mo\u010d, udobje in kakovost s super mehkimi materiali, dizajniranimi v EU &nbsp; Na\u0161a vizija: Voditi inovacije na podro\u010dju modne industrije z razvojem kakovostnih materialov, oblikovanih v EU. Svojo blagovno znamko \u017eelimo razvijati na podlagi tega, kar pravijo na\u0161e stranke. Prizadevamo si, da bi bila na\u0161a obla\u010dila delno izdelana iz recikliranih materialov \u2013 &hellip; <a href=\"https:\/\/stara.pikaluna.com\/si\/about-us\/\">Continued<\/a><\/p>\n","protected":false},"author":3,"featured_media":0,"parent":0,"menu_order":0,"comment_status":"closed","ping_status":"closed","template":"template-content.blade.php","meta":{"_acf_changed":false,"inline_featured_image":false,"footnotes":""},"class_list":["post-379","page","type-page","status-publish","hentry"],"acf":[],"_links":{"self":[{"href":"https:\/\/stara.pikaluna.com\/si\/wp-json\/wp\/v2\/pages\/379","targetHints":{"allow":["GET"]}}],"collection":[{"href":"https:\/\/stara.pikaluna.com\/si\/wp-json\/wp\/v2\/pages"}],"about":[{"href":"https:\/\/stara.pikaluna.com\/si\/wp-json\/wp\/v2\/types\/page"}],"author":[{"embeddable":true,"href":"https:\/\/stara.pikaluna.com\/si\/wp-json\/wp\/v2\/users\/3"}],"replies":[{"embeddable":true,"href":"https:\/\/stara.pikaluna.com\/si\/wp-json\/wp\/v2\/comments?post=379"}],"version-history":[{"count":0,"href":"https:\/\/stara.pikaluna.com\/si\/wp-json\/wp\/v2\/pages\/379\/revisions"}],"wp:attachment":[{"href":"https:\/\/stara.pikaluna.com\/si\/wp-json\/wp\/v2\/media?parent=379"}],"curies":[{"name":"wp","href":"https:\/\/api.w.org\/{rel}","templated":true}]}}