{"id":20963,"date":"2021-12-20T13:27:47","date_gmt":"2021-12-20T12:27:47","guid":{"rendered":"https:\/\/stara.pikaluna.com\/si\/?page_id=20963"},"modified":"2022-11-08T10:29:05","modified_gmt":"2022-11-08T09:29:05","slug":"returns-form","status":"publish","type":"page","link":"https:\/\/stara.pikaluna.com\/si\/returns-form\/","title":{"rendered":"Obrazec za vra\u010dilo"},"content":{"rendered":"<p class=\"Navaden\">Kljub temu da se pri PikaLuni trudimo kupcem ponuditi le najbolj\u0161e, se lahko kdaj pripeti kak\u0161na nev\u0161e\u010dnost. \u010ce si prejel\/a napa\u010dno velikost, \u010de je izdelek po\u0161kodovan ali ima tovarni\u0161ko napako, ne izpolnjuj obrazca ampak nas prosim kontaktiraj na\u00a0<a class=\"c-link\" tabindex=\"-1\" href=\"mailto:info@pikaluna.com\" target=\"_blank\" rel=\"noopener noreferrer\" data-stringify-link=\"mailto:info@pikaluna.com\" data-sk=\"tooltip_parent\" aria-haspopup=\"menu\" aria-expanded=\"false\" data-remove-tab-index=\"true\">info@pikaluna.com<\/a>\u00a0v roku 14 dni od prejema paketa. Paketa ne po\u0161iljaj nazaj na na\u0161 naslov, ampak po\u010dakaj na na\u0161 odgovor in napako bomo ustrezno popravili.<\/p>\n<p class=\"Navaden\">V kolikor pa vra\u010da\u0161 izdelke, ki ti ne ustrezajo je izdelke mo\u017eno vrniti skladno s splo\u0161nimi pogoji.<\/p>\n<p class=\"Navaden\"><strong><span class=\"Krepko\"><span lang=\"SL\" style=\"font-family: 'Arial',sans-serif; color: black;\">Povzetek splo\u0161nih pogojev:<\/span><\/span><\/strong><\/p>\n<p class=\"Navaden\"><span class=\"Privzetapisavaodstavka\"><span lang=\"SL\" style=\"font-family: 'Arial',sans-serif; color: black;\">\u2014 Izdelek mora biti neno\u0161en, neopran, z vsemi pritrjenimi etiketami in v originalni embala\u017ei. Na izdelku prav tako ne sme biti nobenih drugih made\u017eev, dlak ipd. Izdelek ne sme biti po\u0161kodovan.<\/span><\/span><span lang=\"SL\"><br \/>\n<\/span><span class=\"Privzetapisavaodstavka\"><span lang=\"SL\" style=\"font-family: 'Arial',sans-serif; color: black;\">\u2014 Po uspe\u0161no oddanem obrazcu za vra\u010dilo izdelke vrne\u0161 na naslov podjetja Invio d.o.o. , Ljubljanska cesta 45, 1241 Kamnik, Slovenija.<\/span><\/span><span lang=\"SL\"><br \/>\n<\/span><span class=\"Privzetapisavaodstavka\"><span lang=\"SL\" style=\"font-family: 'Arial',sans-serif; color: black;\">\u2014 Paketov z odkupnino ne sprejemamo. Kupec je sam dol\u017ean pla\u010dati stro\u0161ke po\u0161iljanja za vra\u010dilo svojega izdelka. Stro\u0161ki po\u0161tnine se ne vra\u010dajo.<\/span><\/span><span lang=\"SL\"><br \/>\n<\/span><span class=\"Privzetapisavaodstavka\"><span lang=\"SL\" style=\"font-family: 'Arial',sans-serif; color: black;\">\u2014 V kolikor se pojavijo kakr\u0161ne koli te\u017eave ali vpra\u0161anja, se obrni na na\u0161o ekipo na\u00a0<a class=\"c-link\" href=\"mailto:info@pikaluna.com\" target=\"_blank\" rel=\"noopener noreferrer\" data-stringify-link=\"mailto:info@pikaluna.com\" data-sk=\"tooltip_parent\" aria-haspopup=\"menu\" aria-expanded=\"false\">info@pikaluna.com<\/a>. Odgovorili ti bomo v najkraj\u0161em mo\u017enem \u010dasu<\/span><\/span><span class=\"Privzetapisavaodstavka\"><span lang=\"SL\" style=\"font-family: 'Arial',sans-serif; color: black;\">.<\/span><\/span><\/p>\n","protected":false},"excerpt":{"rendered":"<p>Kljub temu da se pri PikaLuni trudimo kupcem ponuditi le najbolj\u0161e, se lahko kdaj pripeti kak\u0161na nev\u0161e\u010dnost. \u010ce si prejel\/a napa\u010dno velikost, \u010de je izdelek po\u0161kodovan ali ima tovarni\u0161ko napako, ne izpolnjuj obrazca ampak nas prosim kontaktiraj na\u00a0info@pikaluna.com\u00a0v roku 14 dni od prejema paketa. Paketa ne po\u0161iljaj nazaj na na\u0161 naslov, ampak po\u010dakaj na na\u0161 &hellip; <a href=\"https:\/\/stara.pikaluna.com\/si\/returns-form\/\">Continued<\/a><\/p>\n","protected":false},"author":20,"featured_media":0,"parent":0,"menu_order":0,"comment_status":"closed","ping_status":"closed","template":"template-returns-form.blade.php","meta":{"_acf_changed":false,"inline_featured_image":false,"footnotes":""},"class_list":["post-20963","page","type-page","status-publish","hentry"],"acf":[],"_links":{"self":[{"href":"https:\/\/stara.pikaluna.com\/si\/wp-json\/wp\/v2\/pages\/20963","targetHints":{"allow":["GET"]}}],"collection":[{"href":"https:\/\/stara.pikaluna.com\/si\/wp-json\/wp\/v2\/pages"}],"about":[{"href":"https:\/\/stara.pikaluna.com\/si\/wp-json\/wp\/v2\/types\/page"}],"author":[{"embeddable":true,"href":"https:\/\/stara.pikaluna.com\/si\/wp-json\/wp\/v2\/users\/20"}],"replies":[{"embeddable":true,"href":"https:\/\/stara.pikaluna.com\/si\/wp-json\/wp\/v2\/comments?post=20963"}],"version-history":[{"count":0,"href":"https:\/\/stara.pikaluna.com\/si\/wp-json\/wp\/v2\/pages\/20963\/revisions"}],"wp:attachment":[{"href":"https:\/\/stara.pikaluna.com\/si\/wp-json\/wp\/v2\/media?parent=20963"}],"curies":[{"name":"wp","href":"https:\/\/api.w.org\/{rel}","templated":true}]}}