{"id":27006,"date":"2025-09-22T19:25:45","date_gmt":"2025-09-22T17:25:45","guid":{"rendered":"https:\/\/stara.pikaluna.com\/pl\/?post_type=product&#038;p=27006"},"modified":"2025-12-10T14:48:00","modified_gmt":"2025-12-10T13:48:00","slug":"glam-skirt-etna","status":"publish","type":"product","link":"https:\/\/stara.pikaluna.com\/pl\/product\/glam-skirt-etna\/","title":{"rendered":"Glam Sp\u00f3dnica Etna"},"content":{"rendered":"","protected":false},"excerpt":{"rendered":"<p>Super mi\u0119kkie, wysokiej jako\u015bci legginsy Pikaluna \u0142\u0105cz\u0105 w sobie unikalny styl i niezwyk\u0142\u0105 wygod\u0119. Udoskonalmy standardy!<\/p>\n","protected":false},"featured_media":27085,"template":"","meta":{"_acf_changed":false,"inline_featured_image":false},"product_brand":[],"product_cat":[251,236,89,163,234,202],"product_tag":[],"class_list":{"0":"post-27006","1":"product","2":"type-product","3":"status-publish","4":"has-post-thumbnail","6":"product_cat-30e-and-under","7":"product_cat-glam-skirt","8":"product_cat-new","9":"product_cat-office-collection","10":"product_cat-office-skirts","11":"product_cat-skirts","13":"first","14":"instock","15":"sale","16":"shipping-taxable","17":"purchasable","18":"product-type-variable","19":"has-default-attributes"},"bundled_by":[],"bundle_stock_status":"instock","bundle_stock_quantity":null,"bundle_virtual":false,"bundle_layout":"","bundle_add_to_cart_form_location":"","bundle_editable_in_cart":false,"bundle_sold_individually_context":"","bundle_item_grouping":"","bundle_min_size":"","bundle_max_size":"","bundle_price":[],"bundled_items":[],"bundle_sell_ids":[],"acf":[],"_links":{"self":[{"href":"https:\/\/stara.pikaluna.com\/pl\/wp-json\/wp\/v2\/product\/27006","targetHints":{"allow":["GET"]}}],"collection":[{"href":"https:\/\/stara.pikaluna.com\/pl\/wp-json\/wp\/v2\/product"}],"about":[{"href":"https:\/\/stara.pikaluna.com\/pl\/wp-json\/wp\/v2\/types\/product"}],"wp:featuredmedia":[{"embeddable":true,"href":"https:\/\/stara.pikaluna.com\/pl\/wp-json\/wp\/v2\/media\/27085"}],"wp:attachment":[{"href":"https:\/\/stara.pikaluna.com\/pl\/wp-json\/wp\/v2\/media?parent=27006"}],"wp:term":[{"taxonomy":"product_brand","embeddable":true,"href":"https:\/\/stara.pikaluna.com\/pl\/wp-json\/wp\/v2\/product_brand?post=27006"},{"taxonomy":"product_cat","embeddable":true,"href":"https:\/\/stara.pikaluna.com\/pl\/wp-json\/wp\/v2\/product_cat?post=27006"},{"taxonomy":"product_tag","embeddable":true,"href":"https:\/\/stara.pikaluna.com\/pl\/wp-json\/wp\/v2\/product_tag?post=27006"}],"curies":[{"name":"wp","href":"https:\/\/api.w.org\/{rel}","templated":true}]}}