{"id":26156,"date":"2025-07-05T23:00:20","date_gmt":"2025-07-05T21:00:20","guid":{"rendered":"https:\/\/stara.pikaluna.com\/pl\/?post_type=product&#038;p=26156"},"modified":"2025-12-10T08:50:48","modified_gmt":"2025-12-10T07:50:48","slug":"tunic-dress-amber","status":"publish","type":"product","link":"https:\/\/stara.pikaluna.com\/pl\/product\/tunic-dress-amber\/","title":{"rendered":"Sukienka Tunikowa Amber"},"content":{"rendered":"","protected":false},"excerpt":{"rendered":"<p>Super mi\u0119kkie, wysokiej jako\u015bci legginsy Pikaluna \u0142\u0105cz\u0105 w sobie unikalny styl i niezwyk\u0142\u0105 wygod\u0119. Udoskonalmy standardy!<\/p>\n","protected":false},"featured_media":26214,"template":"","meta":{"_acf_changed":false,"inline_featured_image":false},"product_brand":[],"product_cat":[249,210,208,89,220],"product_tag":[],"class_list":{"0":"post-26156","1":"product","2":"type-product","3":"status-publish","4":"has-post-thumbnail","6":"product_cat-20e-and-under","7":"product_cat-dresses","8":"product_cat-jumpsuits-and-dresses","9":"product_cat-new","10":"product_cat-tunic-dresses","12":"first","13":"instock","14":"sale","15":"shipping-taxable","16":"purchasable","17":"product-type-variable"},"bundled_by":[],"bundle_stock_status":"instock","bundle_stock_quantity":null,"bundle_virtual":false,"bundle_layout":"","bundle_add_to_cart_form_location":"","bundle_editable_in_cart":false,"bundle_sold_individually_context":"","bundle_item_grouping":"","bundle_min_size":"","bundle_max_size":"","bundle_price":[],"bundled_items":[],"bundle_sell_ids":[],"acf":[],"_links":{"self":[{"href":"https:\/\/stara.pikaluna.com\/pl\/wp-json\/wp\/v2\/product\/26156","targetHints":{"allow":["GET"]}}],"collection":[{"href":"https:\/\/stara.pikaluna.com\/pl\/wp-json\/wp\/v2\/product"}],"about":[{"href":"https:\/\/stara.pikaluna.com\/pl\/wp-json\/wp\/v2\/types\/product"}],"wp:featuredmedia":[{"embeddable":true,"href":"https:\/\/stara.pikaluna.com\/pl\/wp-json\/wp\/v2\/media\/26214"}],"wp:attachment":[{"href":"https:\/\/stara.pikaluna.com\/pl\/wp-json\/wp\/v2\/media?parent=26156"}],"wp:term":[{"taxonomy":"product_brand","embeddable":true,"href":"https:\/\/stara.pikaluna.com\/pl\/wp-json\/wp\/v2\/product_brand?post=26156"},{"taxonomy":"product_cat","embeddable":true,"href":"https:\/\/stara.pikaluna.com\/pl\/wp-json\/wp\/v2\/product_cat?post=26156"},{"taxonomy":"product_tag","embeddable":true,"href":"https:\/\/stara.pikaluna.com\/pl\/wp-json\/wp\/v2\/product_tag?post=26156"}],"curies":[{"name":"wp","href":"https:\/\/api.w.org\/{rel}","templated":true}]}}