{"id":25329,"date":"2025-05-07T00:11:19","date_gmt":"2025-05-06T22:11:19","guid":{"rendered":"https:\/\/stara.pikaluna.com\/pl\/?post_type=product&#038;p=25329"},"modified":"2025-12-10T12:05:18","modified_gmt":"2025-12-10T11:05:18","slug":"zip-jacket-etna","status":"publish","type":"product","link":"https:\/\/stara.pikaluna.com\/pl\/product\/zip-jacket-etna\/","title":{"rendered":"Kurtka na Zip Etna"},"content":{"rendered":"","protected":false},"excerpt":{"rendered":"<p>Super mi\u0119kkie, wysokiej jako\u015bci legginsy Pikaluna \u0142\u0105cz\u0105 w sobie unikalny styl i niezwyk\u0142\u0105 wygod\u0119. Udoskonalmy standardy!<\/p>\n","protected":false},"featured_media":25335,"template":"","meta":{"_acf_changed":false,"inline_featured_image":false},"product_brand":[],"product_cat":[252,205,206,89,192,203,196],"product_tag":[],"class_list":{"0":"post-25329","1":"product","2":"type-product","3":"status-publish","4":"has-post-thumbnail","6":"product_cat-35e-and-under","7":"product_cat-all-jackets","8":"product_cat-all-long-sleeves","9":"product_cat-new","10":"product_cat-pocketflex","11":"product_cat-upper-wear","12":"product_cat-zip-jackets","14":"first","15":"instock","16":"sale","17":"shipping-taxable","18":"purchasable","19":"product-type-variable"},"bundled_by":[],"bundle_stock_status":"instock","bundle_stock_quantity":null,"bundle_virtual":false,"bundle_layout":"","bundle_add_to_cart_form_location":"","bundle_editable_in_cart":false,"bundle_sold_individually_context":"","bundle_item_grouping":"","bundle_min_size":"","bundle_max_size":"","bundle_price":[],"bundled_items":[],"bundle_sell_ids":[],"acf":[],"_links":{"self":[{"href":"https:\/\/stara.pikaluna.com\/pl\/wp-json\/wp\/v2\/product\/25329","targetHints":{"allow":["GET"]}}],"collection":[{"href":"https:\/\/stara.pikaluna.com\/pl\/wp-json\/wp\/v2\/product"}],"about":[{"href":"https:\/\/stara.pikaluna.com\/pl\/wp-json\/wp\/v2\/types\/product"}],"wp:featuredmedia":[{"embeddable":true,"href":"https:\/\/stara.pikaluna.com\/pl\/wp-json\/wp\/v2\/media\/25335"}],"wp:attachment":[{"href":"https:\/\/stara.pikaluna.com\/pl\/wp-json\/wp\/v2\/media?parent=25329"}],"wp:term":[{"taxonomy":"product_brand","embeddable":true,"href":"https:\/\/stara.pikaluna.com\/pl\/wp-json\/wp\/v2\/product_brand?post=25329"},{"taxonomy":"product_cat","embeddable":true,"href":"https:\/\/stara.pikaluna.com\/pl\/wp-json\/wp\/v2\/product_cat?post=25329"},{"taxonomy":"product_tag","embeddable":true,"href":"https:\/\/stara.pikaluna.com\/pl\/wp-json\/wp\/v2\/product_tag?post=25329"}],"curies":[{"name":"wp","href":"https:\/\/api.w.org\/{rel}","templated":true}]}}