{"id":22880,"date":"2024-06-06T13:39:22","date_gmt":"2024-06-06T11:39:22","guid":{"rendered":"https:\/\/stara.pikaluna.com\/pl\/?post_type=product&#038;p=22880"},"modified":"2025-12-10T12:04:30","modified_gmt":"2025-12-10T11:04:30","slug":"choco-capri","status":"publish","type":"product","link":"https:\/\/stara.pikaluna.com\/pl\/product\/choco-capri\/","title":{"rendered":"Choco Capri"},"content":{"rendered":"","protected":false},"excerpt":{"rendered":"<p>Super mi\u0119kkie, wysokiej jako\u015bci legginsy Pikaluna \u0142\u0105cz\u0105 w sobie unikalny styl i niezwyk\u0142\u0105 wygod\u0119. Udoskonalmy standardy!<\/p>\n","protected":false},"featured_media":22884,"template":"","meta":{"_acf_changed":false,"inline_featured_image":false},"product_brand":[],"product_cat":[249],"product_tag":[22],"class_list":{"0":"post-22880","1":"product","2":"type-product","3":"status-publish","4":"has-post-thumbnail","6":"product_cat-20e-and-under","7":"product_tag-newproduct","9":"first","10":"instock","11":"sale","12":"shipping-taxable","13":"purchasable","14":"product-type-variable","15":"has-default-attributes"},"bundled_by":[],"bundle_stock_status":"instock","bundle_stock_quantity":null,"bundle_virtual":false,"bundle_layout":"","bundle_add_to_cart_form_location":"","bundle_editable_in_cart":false,"bundle_sold_individually_context":"","bundle_item_grouping":"","bundle_min_size":"","bundle_max_size":"","bundle_price":[],"bundled_items":[],"bundle_sell_ids":[],"acf":[],"_links":{"self":[{"href":"https:\/\/stara.pikaluna.com\/pl\/wp-json\/wp\/v2\/product\/22880","targetHints":{"allow":["GET"]}}],"collection":[{"href":"https:\/\/stara.pikaluna.com\/pl\/wp-json\/wp\/v2\/product"}],"about":[{"href":"https:\/\/stara.pikaluna.com\/pl\/wp-json\/wp\/v2\/types\/product"}],"wp:featuredmedia":[{"embeddable":true,"href":"https:\/\/stara.pikaluna.com\/pl\/wp-json\/wp\/v2\/media\/22884"}],"wp:attachment":[{"href":"https:\/\/stara.pikaluna.com\/pl\/wp-json\/wp\/v2\/media?parent=22880"}],"wp:term":[{"taxonomy":"product_brand","embeddable":true,"href":"https:\/\/stara.pikaluna.com\/pl\/wp-json\/wp\/v2\/product_brand?post=22880"},{"taxonomy":"product_cat","embeddable":true,"href":"https:\/\/stara.pikaluna.com\/pl\/wp-json\/wp\/v2\/product_cat?post=22880"},{"taxonomy":"product_tag","embeddable":true,"href":"https:\/\/stara.pikaluna.com\/pl\/wp-json\/wp\/v2\/product_tag?post=22880"}],"curies":[{"name":"wp","href":"https:\/\/api.w.org\/{rel}","templated":true}]}}