{"id":19351,"date":"2023-08-23T20:56:13","date_gmt":"2023-08-23T18:56:13","guid":{"rendered":"https:\/\/stara.pikaluna.com\/pl\/?post_type=product&#038;p=19351"},"modified":"2025-12-05T16:10:45","modified_gmt":"2025-12-05T15:10:45","slug":"enigma-capri","status":"publish","type":"product","link":"https:\/\/stara.pikaluna.com\/pl\/product\/enigma-capri\/","title":{"rendered":"Enigma Capri"},"content":{"rendered":"","protected":false},"excerpt":{"rendered":"<p>Super mi\u0119kkie, wysokiej jako\u015bci legginsy Pikaluna \u0142\u0105cz\u0105 w sobie unikalny styl i niezwyk\u0142\u0105 wygod\u0119. Udoskonalmy standardy!<\/p>\n","protected":false},"featured_media":12853,"template":"","meta":{"_acf_changed":false,"inline_featured_image":false},"product_brand":[],"product_cat":[247,24],"product_tag":[],"class_list":{"0":"post-19351","1":"product","2":"type-product","3":"status-publish","4":"has-post-thumbnail","6":"product_cat-10e-and-under","7":"product_cat-outlet","9":"first","10":"instock","11":"sale","12":"shipping-taxable","13":"purchasable","14":"product-type-variable","15":"has-default-attributes"},"bundled_by":[],"bundle_stock_status":"instock","bundle_stock_quantity":null,"bundle_virtual":false,"bundle_layout":"","bundle_add_to_cart_form_location":"","bundle_editable_in_cart":false,"bundle_sold_individually_context":"","bundle_item_grouping":"","bundle_min_size":"","bundle_max_size":"","bundle_price":[],"bundled_items":[],"bundle_sell_ids":[],"acf":[],"_links":{"self":[{"href":"https:\/\/stara.pikaluna.com\/pl\/wp-json\/wp\/v2\/product\/19351","targetHints":{"allow":["GET"]}}],"collection":[{"href":"https:\/\/stara.pikaluna.com\/pl\/wp-json\/wp\/v2\/product"}],"about":[{"href":"https:\/\/stara.pikaluna.com\/pl\/wp-json\/wp\/v2\/types\/product"}],"wp:featuredmedia":[{"embeddable":true,"href":"https:\/\/stara.pikaluna.com\/pl\/wp-json\/wp\/v2\/media\/12853"}],"wp:attachment":[{"href":"https:\/\/stara.pikaluna.com\/pl\/wp-json\/wp\/v2\/media?parent=19351"}],"wp:term":[{"taxonomy":"product_brand","embeddable":true,"href":"https:\/\/stara.pikaluna.com\/pl\/wp-json\/wp\/v2\/product_brand?post=19351"},{"taxonomy":"product_cat","embeddable":true,"href":"https:\/\/stara.pikaluna.com\/pl\/wp-json\/wp\/v2\/product_cat?post=19351"},{"taxonomy":"product_tag","embeddable":true,"href":"https:\/\/stara.pikaluna.com\/pl\/wp-json\/wp\/v2\/product_tag?post=19351"}],"curies":[{"name":"wp","href":"https:\/\/api.w.org\/{rel}","templated":true}]}}