{"id":391,"date":"2020-08-06T09:08:20","date_gmt":"2020-08-06T07:08:20","guid":{"rendered":"https:\/\/stara.pikaluna.com\/pl\/?page_id=391"},"modified":"2023-01-19T15:01:35","modified_gmt":"2023-01-19T14:01:35","slug":"dostawa","status":"publish","type":"page","link":"https:\/\/stara.pikaluna.com\/pl\/dostawa\/","title":{"rendered":"Dostawa"},"content":{"rendered":"<p><strong>Dostawa<\/strong><\/p>\n<p>Darmowa wysy\u0142ka przy zakupach powy\u017cej 330 z\u0142! \ud83d\ude9a<\/p>\n<p>P\u0142atno\u015b\u0107 got\u00f3wk\u0105 przy odbiorze = 9z\u0142.<\/p>\n<p><strong>Gwarancja<\/strong><\/p>\n<p>Zawsze staramy si\u0119 dostarczy\u0107 Ci produkt w idealnym stanie &#8211; je\u015bli z jakiegokolwiek powodu nie b\u0119dziesz w 100% zadowolony, zwr\u00f3cimy Ci pe\u0142n\u0105 cen\u0119 zakupu lub bezp\u0142atnie wy\u015blemy nowy produkt. Nie martw si\u0119, mamy ci\u0119 pod opiek\u0105!<\/p>\n<p>&nbsp;<\/p>\n","protected":false},"excerpt":{"rendered":"<p>Dostawa Darmowa wysy\u0142ka przy zakupach powy\u017cej 330 z\u0142! \ud83d\ude9a P\u0142atno\u015b\u0107 got\u00f3wk\u0105 przy odbiorze = 9z\u0142. Gwarancja Zawsze staramy si\u0119 dostarczy\u0107 Ci produkt w idealnym stanie &#8211; je\u015bli z jakiegokolwiek powodu nie b\u0119dziesz w 100% zadowolony, zwr\u00f3cimy Ci pe\u0142n\u0105 cen\u0119 zakupu lub bezp\u0142atnie wy\u015blemy nowy produkt. Nie martw si\u0119, mamy ci\u0119 pod opiek\u0105! &nbsp;<\/p>\n","protected":false},"author":20,"featured_media":0,"parent":0,"menu_order":0,"comment_status":"closed","ping_status":"closed","template":"template-content.blade.php","meta":{"_acf_changed":false,"inline_featured_image":false,"footnotes":""},"class_list":["post-391","page","type-page","status-publish","hentry"],"acf":[],"_links":{"self":[{"href":"https:\/\/stara.pikaluna.com\/pl\/wp-json\/wp\/v2\/pages\/391","targetHints":{"allow":["GET"]}}],"collection":[{"href":"https:\/\/stara.pikaluna.com\/pl\/wp-json\/wp\/v2\/pages"}],"about":[{"href":"https:\/\/stara.pikaluna.com\/pl\/wp-json\/wp\/v2\/types\/page"}],"author":[{"embeddable":true,"href":"https:\/\/stara.pikaluna.com\/pl\/wp-json\/wp\/v2\/users\/20"}],"replies":[{"embeddable":true,"href":"https:\/\/stara.pikaluna.com\/pl\/wp-json\/wp\/v2\/comments?post=391"}],"version-history":[{"count":0,"href":"https:\/\/stara.pikaluna.com\/pl\/wp-json\/wp\/v2\/pages\/391\/revisions"}],"wp:attachment":[{"href":"https:\/\/stara.pikaluna.com\/pl\/wp-json\/wp\/v2\/media?parent=391"}],"curies":[{"name":"wp","href":"https:\/\/api.w.org\/{rel}","templated":true}]}}