{"id":379,"date":"2020-08-06T08:37:27","date_gmt":"2020-08-06T06:37:27","guid":{"rendered":"https:\/\/stara.pikaluna.com\/pl\/?page_id=379"},"modified":"2022-02-07T13:07:46","modified_gmt":"2022-02-07T12:07:46","slug":"about-us","status":"publish","type":"page","link":"https:\/\/stara.pikaluna.com\/pl\/about-us\/","title":{"rendered":"O nas"},"content":{"rendered":"<h3>Nasza misja:<\/h3>\n<p>Po\u0142\u0105czy\u0107 si\u0142\u0119, komfort i jako\u015b\u0107 z rozwojem nowych, super mi\u0119kkich materia\u0142\u00f3w, zaprojektowanych w UE.<\/p>\n<p>&nbsp;<\/p>\n<h3>Nasza wizja:<\/h3>\n<p>Aby prowadzi\u0107 innowacje w dziedzinie przemys\u0142u mody, z rozwojem wysokiej jako\u015bci materia\u0142\u00f3w, zaprojektowanych w UE. Chcemy rozwija\u0107 nasz\u0105 mark\u0119 w oparciu o to, co m\u00f3wi\u0105 nasi klienci i pozwoli\u0107 Ci rosn\u0105\u0107 razem z nami. D\u0105\u017cymy do tego, aby nasze ubrania by\u0142y wykonane cz\u0119\u015bciowo z materia\u0142\u00f3w pochodz\u0105cych z recyklingu &#8211; poniewa\u017c dbamy o nasz\u0105 planet\u0119!<\/p>\n<p>&nbsp;<\/p>\n<h3>Co nas wyr\u00f3\u017cnia:<\/h3>\n<p>Wszystkie nasze ubrania s\u0105 projektowane w UE. Niekt\u00f3re projekty s\u0105 nawet inspirowane przez Was, naszych drogich klient\u00f3w! I to w\u0142a\u015bnie nas wyr\u00f3\u017cnia &#8211; naprawd\u0119 zale\u017cy nam na Waszej opinii! S\u0142yszymy je i dzia\u0142amy zgodnie z nimi! A nasze materia\u0142y s\u0105 po prostu&#8230; WOW! Ale nie ufajcie tylko naszym s\u0142owom &#8211; spr\u00f3bujcie sami.<\/p>\n<p>&nbsp;<\/p>\n<p><img decoding=\"async\" class=\"alignnone wp-image-800\" src=\"https:\/\/stara.pikaluna.com\/pl\/wp-content\/uploads\/sites\/5\/2020\/08\/Pikaluna_280720-141-min-1-600x400.jpg\" alt=\"\" width=\"788\" height=\"524\" srcset=\"https:\/\/stara.pikaluna.com\/pl\/wp-content\/uploads\/sites\/5\/2020\/08\/Pikaluna_280720-141-min-1-600x400.jpg 600w, https:\/\/stara.pikaluna.com\/pl\/wp-content\/uploads\/sites\/5\/2020\/08\/Pikaluna_280720-141-min-1-1200x800.jpg 1200w, https:\/\/stara.pikaluna.com\/pl\/wp-content\/uploads\/sites\/5\/2020\/08\/Pikaluna_280720-141-min-1-768x512.jpg 768w, https:\/\/stara.pikaluna.com\/pl\/wp-content\/uploads\/sites\/5\/2020\/08\/Pikaluna_280720-141-min-1-1536x1024.jpg 1536w\" sizes=\"(max-width: 788px) 100vw, 788px\" \/><\/p>\n<p>&nbsp;<\/p>\n<p>Invio d.o.o. jest firm\u0105 handlow\u0105 reprezentuj\u0105c\u0105 mi\u0119dzynarodow\u0105 mark\u0119 PIKALUNA.<\/p>\n<p>Trg komandanta Staneta 8<\/p>\n<p>1000 Ljubljana<\/p>\n<p>Slovenija<\/p>\n<p><a href=\"mailto:info@pikaluna.com\/pl\">info@pikaluna.com\/pl<\/a><\/p>\n","protected":false},"excerpt":{"rendered":"<p>Nasza misja: Po\u0142\u0105czy\u0107 si\u0142\u0119, komfort i jako\u015b\u0107 z rozwojem nowych, super mi\u0119kkich materia\u0142\u00f3w, zaprojektowanych w UE. &nbsp; Nasza wizja: Aby prowadzi\u0107 innowacje w dziedzinie przemys\u0142u mody, z rozwojem wysokiej jako\u015bci materia\u0142\u00f3w, zaprojektowanych w UE. Chcemy rozwija\u0107 nasz\u0105 mark\u0119 w oparciu o to, co m\u00f3wi\u0105 nasi klienci i pozwoli\u0107 Ci rosn\u0105\u0107 razem z nami. D\u0105\u017cymy do &hellip; <a href=\"https:\/\/stara.pikaluna.com\/pl\/about-us\/\">Continued<\/a><\/p>\n","protected":false},"author":3,"featured_media":0,"parent":0,"menu_order":0,"comment_status":"closed","ping_status":"closed","template":"template-content.blade.php","meta":{"_acf_changed":false,"inline_featured_image":false,"footnotes":""},"class_list":["post-379","page","type-page","status-publish","hentry"],"acf":[],"_links":{"self":[{"href":"https:\/\/stara.pikaluna.com\/pl\/wp-json\/wp\/v2\/pages\/379","targetHints":{"allow":["GET"]}}],"collection":[{"href":"https:\/\/stara.pikaluna.com\/pl\/wp-json\/wp\/v2\/pages"}],"about":[{"href":"https:\/\/stara.pikaluna.com\/pl\/wp-json\/wp\/v2\/types\/page"}],"author":[{"embeddable":true,"href":"https:\/\/stara.pikaluna.com\/pl\/wp-json\/wp\/v2\/users\/3"}],"replies":[{"embeddable":true,"href":"https:\/\/stara.pikaluna.com\/pl\/wp-json\/wp\/v2\/comments?post=379"}],"version-history":[{"count":0,"href":"https:\/\/stara.pikaluna.com\/pl\/wp-json\/wp\/v2\/pages\/379\/revisions"}],"wp:attachment":[{"href":"https:\/\/stara.pikaluna.com\/pl\/wp-json\/wp\/v2\/media?parent=379"}],"curies":[{"name":"wp","href":"https:\/\/api.w.org\/{rel}","templated":true}]}}