{"id":10658,"date":"2021-12-20T13:22:02","date_gmt":"2021-12-20T12:22:02","guid":{"rendered":"https:\/\/stara.pikaluna.com\/pl\/?page_id=10658"},"modified":"2022-11-08T11:45:20","modified_gmt":"2022-11-08T10:45:20","slug":"returns-form","status":"publish","type":"page","link":"https:\/\/stara.pikaluna.com\/pl\/returns-form\/","title":{"rendered":"Returns form"},"content":{"rendered":"<p>Pomimo stara\u0144 firmy PikaLuna, maj\u0105cych zapewni\u0107 naszym klientom najlepsz\u0105 obs\u0142ug\u0119, nie mo\u017cna ca\u0142kowicie wykluczy\u0107 mo\u017cliwo\u015bci pomy\u0142ki.<\/p>\n<p>Je\u017celi dostarczony produkt jest w z\u0142ym rozmiarze, uszkodzony lub z wad\u0105 fabryczn\u0105, nie wype\u0142niaj formularza, a zamiast tego skontaktuj si\u0119 z nami pod adresem <a class=\"waffle-rich-text-link\" style=\"color: #ff29a9;\" href=\"mailto:info@pikaluna.com\"><strong>info@pikaluna.com<\/strong><\/a> w terminie do 14 dni od otrzymania przesy\u0142ki.<\/p>\n<p>Nie odsy\u0142aj zam\u00f3wienia, lecz pozw\u00f3l nam naprawi\u0107 nasze niedopatrzenie.<\/p>\n<p>Produkty mo\u017cna zwr\u00f3ci\u0107 zgodnie z warunkami og\u00f3lnymi.<br \/>\n<strong>Podsumowanie:<\/strong><br \/>\n\u2014 Produkt musi by\u0107 niemyty, nienoszony, a wszystkie etykiety powinny znajdowa\u0107 si\u0119 w oryginalnym opakowaniu. Produkt musi by\u0107 r\u00f3wnie\u017c wolny od plam, w\u0142os\u00f3w i innych uszkodze\u0144.<br \/>\n\u2014 <span data-sheets-value=\"{&quot;1&quot;:2,&quot;2&quot;:&quot;Po pomy\u015blnym przes\u0142aniu formularza zwrotu ode\u015blij produkt na adres Invio d.o.o., Ljubljanska cesta 45, 1241 Kamnik, S\u0142owenia.&quot;}\" data-sheets-userformat=\"{&quot;2&quot;:338689,&quot;3&quot;:{&quot;1&quot;:0},&quot;11&quot;:4,&quot;12&quot;:0,&quot;14&quot;:{&quot;1&quot;:3,&quot;3&quot;:1},&quot;16&quot;:10,&quot;19&quot;:0,&quot;21&quot;:0}\">Po pomy\u015blnym przes\u0142aniu formularza zwrotu ode\u015blij produkt na adres Invio d.o.o., Ljubljanska cesta 45, 1241 Kamnik, S\u0142owenia.<\/span><br \/>\n\u2014 Nie przyjmujemy paczek z odp\u0142atno\u015bci\u0105. Klient jest odpowiedzialny za op\u0142acenie w\u0142asnych koszt\u00f3w wysy\u0142ki w celu zwrotu przedmiotu. Koszty wysy\u0142ki s\u0105 bezzwrotne.<br \/>\n\u2014 Je\u015bli masz jakiekolwiek problemy lub pytania, skontaktuj si\u0119 z naszym zespo\u0142em na<a href=\"mailto:info@pikaluna.com\"><span style=\"color: #ff29a9;\"><strong> info@pikaluna.com<\/strong><\/span><\/a>, a my odpowiemy Ci tak szybko, jak to mo\u017cliwe.<\/p>\n","protected":false},"excerpt":{"rendered":"<p>Pomimo stara\u0144 firmy PikaLuna, maj\u0105cych zapewni\u0107 naszym klientom najlepsz\u0105 obs\u0142ug\u0119, nie mo\u017cna ca\u0142kowicie wykluczy\u0107 mo\u017cliwo\u015bci pomy\u0142ki. Je\u017celi dostarczony produkt jest w z\u0142ym rozmiarze, uszkodzony lub z wad\u0105 fabryczn\u0105, nie wype\u0142niaj formularza, a zamiast tego skontaktuj si\u0119 z nami pod adresem info@pikaluna.com w terminie do 14 dni od otrzymania przesy\u0142ki. Nie odsy\u0142aj zam\u00f3wienia, lecz pozw\u00f3l nam &hellip; <a href=\"https:\/\/stara.pikaluna.com\/pl\/returns-form\/\">Continued<\/a><\/p>\n","protected":false},"author":20,"featured_media":0,"parent":0,"menu_order":0,"comment_status":"closed","ping_status":"closed","template":"template-returns-form.blade.php","meta":{"_acf_changed":false,"inline_featured_image":false,"footnotes":""},"class_list":["post-10658","page","type-page","status-publish","hentry"],"acf":[],"_links":{"self":[{"href":"https:\/\/stara.pikaluna.com\/pl\/wp-json\/wp\/v2\/pages\/10658","targetHints":{"allow":["GET"]}}],"collection":[{"href":"https:\/\/stara.pikaluna.com\/pl\/wp-json\/wp\/v2\/pages"}],"about":[{"href":"https:\/\/stara.pikaluna.com\/pl\/wp-json\/wp\/v2\/types\/page"}],"author":[{"embeddable":true,"href":"https:\/\/stara.pikaluna.com\/pl\/wp-json\/wp\/v2\/users\/20"}],"replies":[{"embeddable":true,"href":"https:\/\/stara.pikaluna.com\/pl\/wp-json\/wp\/v2\/comments?post=10658"}],"version-history":[{"count":0,"href":"https:\/\/stara.pikaluna.com\/pl\/wp-json\/wp\/v2\/pages\/10658\/revisions"}],"wp:attachment":[{"href":"https:\/\/stara.pikaluna.com\/pl\/wp-json\/wp\/v2\/media?parent=10658"}],"curies":[{"name":"wp","href":"https:\/\/api.w.org\/{rel}","templated":true}]}}