{"id":366,"date":"2020-08-05T15:59:48","date_gmt":"2020-08-05T13:59:48","guid":{"rendered":"https:\/\/stara.pikaluna.com\/it\/?page_id=366"},"modified":"2023-05-08T11:52:08","modified_gmt":"2023-05-08T09:52:08","slug":"faq","status":"publish","type":"page","link":"https:\/\/stara.pikaluna.com\/it\/faq\/","title":{"rendered":"Domande frequenti"},"content":{"rendered":"<p>&nbsp;<\/p>\n<h3>LEGGINGS<\/h3>\n<p>&nbsp;<\/p>\n<h4>Come lavare i capi PikaLuna?<\/h4>\n<p>Si consiglia di lavare a 30 gradi con programma delicato. Prima del lavaggio, girare il capo in modo che la stampa sia all&#8217;interno. Si sconsiglia l&#8217;asciugatura in asciugatrice. Oltre alla tabella delle taglie, \u00e8 possibile trovare anche le propriet\u00e0 e la composizione del materiale, nonch\u00e9 le istruzioni di lavaggio per ogni singolo capo.<\/p>\n<h4>I leggings sono trasparenti?<\/h4>\n<p>I collant PikaLuna sono coprenti. Tuttavia, \u00e8 necessario scegliere la taglia appropriata per evitare un eccessivo allungamento del materiale, che pu\u00f2 portare a una parziale traslucenza.<\/p>\n<h4>I leggings PikaLuna sono adatti alle donne in gravidanza?<\/h4>\n<p>S\u00ec, i collant PikaLuna sono estremamente elastici e confortevoli e aderiscono delicatamente alla pancia senza stringere.<\/p>\n<h4>I leggings PikaLuna sono adatti anche per l&#8217;attivit\u00e0 fisica?<\/h4>\n<p>S\u00ec, sono adatti a tutte le occasioni, compresa l&#8217;attivit\u00e0 fisica.<br \/>\n&nbsp;<\/p>\n<h3>ORDINE<\/h3>\n<p>&nbsp;<\/p>\n<h4>Come posso effettuare un ordine?<\/h4>\n<p>Ordinare \u00e8 molto semplice:<br \/>\n1. Aggiungere i prodotti selezionati al carrello.<br \/>\n2. Una volta aggiunto un prodotto al carrello, si aprir\u00e0 una finestra pop-up in cui si potr\u00e0 scegliere se continuare lo shopping o terminare l&#8217;ordine.<br \/>\n3. Una volta deciso di completare l&#8217;ordine, inserire i dati di consegna e scegliere il metodo di pagamento.<br \/>\n4. \u00c8 possibile inoltrare l&#8217;ordine facendo clic sul pulsante &#8220;Completa l&#8217;ordine&#8221;.<\/p>\n<h4>Cosa devo fare se il prodotto che desidero non \u00e8 pi\u00f9 disponibile?<\/h4>\n<p>Le scorte vengono continuamente rifornite, quindi \u00e8 possibile attendere una o due settimane per il riassortimento delle scorte. Se desiderate conoscere la data esatta di arrivo delle nuove scorte per un determinato articolo, potete contattarci all&#8217;indirizzo <strong><a href=\"mailto:info@pikaluna.com\">info@pikaluna.com<\/a><\/strong> e saremo lieti di rispondere alla vostra domanda.<\/p>\n<h4>Cosa succede quando si effettua un ordine?<\/h4>\n<p>Dopo aver effettuato l&#8217;ordine, riceverete un&#8217;e-mail di conferma con i prodotti ordinati, l&#8217;indirizzo di fatturazione e di spedizione e il metodo di pagamento scelto. Se non trovate l&#8217;e-mail di conferma, controllate anche la posta indesiderata. Infine, il vostro ordine sar\u00e0 consegnato e speriamo che vi divertiate con i vostri nuovi pezzi. Nel caso in cui non siate soddisfatti del vostro acquisto, potete facilmente avviare il processo di restituzione.<\/p>\n<h4>Come posso cancellare il mio ordine?<\/h4>\n<p>Per annullare l&#8217;ordine, contattare <strong><a href=\"mailto:info@pikaluna.com\">info@pikaluna.com<\/a><\/strong> L&#8217;annullamento \u00e8 possibile solo se l&#8217;ordine non \u00e8 ancora stato elaborato nel nostro magazzino. Il nostro magazzino \u00e8 molto veloce nell&#8217;evadere gli ordini, quindi \u00e8 possibile che la cancellazione di un ordine sia possibile solo poche ore dopo l&#8217;invio dell&#8217;ordine.<\/p>\n<h4>Esiste un valore minimo d&#8217;ordine?<\/h4>\n<p>Su PikaLuna non esiste un valore minimo generale dell&#8217;ordine. Tuttavia, per alcune opzioni di pagamento \u00e8 previsto un valore minimo dell&#8217;ordine, che vi verr\u00e0 comunicato in caso di applicazione.<\/p>\n<h4>Esiste un valore massimo dell&#8217;ordine?<\/h4>\n<p>Non esiste un valore massimo generale dell&#8217;ordine su PikaLuna. Il valore dipende dal metodo di pagamento scelto.<br \/>\n&nbsp;<\/p>\n<h3>PAGAMENTO<\/h3>\n<p>&nbsp;<\/p>\n<h4>Cosa significano IBAN e BIC?<\/h4>\n<p>L&#8217;IBAN (International Bank Account Number) \u00e8 un numero che sostituisce tutte le informazioni nazionali sul conto (come il numero di conto e il codice di selezione della banca in Germania). Il BIC (Business Identifier Code) \u00e8 un codice bancario standardizzato a livello internazionale (simile a un codice di routing bancario) che identifica chiaramente i fornitori di pagamenti in tutto il mondo.<\/p>\n<h4>Dove si trova il CVC sulla mia carta di credito?<\/h4>\n<p>Il codice di sicurezza a tre cifre si trova sul retro della carta.<\/p>\n<h4>Come viene indicata l&#8217;IVA?<\/h4>\n<p>L&#8217;imposta sul valore aggiunto (IVA) viene calcolata separatamente su ogni fattura.<\/p>\n<h4>Perch\u00e9 il pagamento con carta di credito \u00e8 stato rifiutato?<\/h4>\n<p>I motivi per cui il pagamento con carta di credito \u00e8 stato rifiutato possono essere diversi. Ad esempio, un errore di digitazione, una carta non valida, una verifica mancante o un errore tecnico sul nostro sito web. Siamo lieti di offrirvi le seguenti opzioni di pagamento alternative: PayPal, carta regalo&#8230; oppure contattateci all&#8217;indirizzo <strong><a href=\"mailto:info@pikaluna.com\">info@pikaluna.com<\/a><\/strong> e vi aiuteremo a risolvere il problema.<\/p>\n<h4>Quando e come ricever\u00f2 la fattura?<\/h4>\n<p>Riceverete la fattura via e-mail non appena tutti i prodotti ordinati saranno stati spediti.<\/p>\n<h4>Ricever\u00f2 una conferma dopo il pagamento?<\/h4>\n<p>Se avete scelto PayPal o la carta di credito come metodo di pagamento, il vostro ordine sar\u00e0 completato solo dopo che il processo di pagamento sar\u00e0 andato a buon fine. Una conferma del pagamento apparir\u00e0 nel vostro browser una volta completato l&#8217;intero processo.<\/p>\n<h4>Quali metodi di pagamento accettate?<\/h4>\n<p>\u00c8 possibile scegliere tra le seguenti opzioni di pagamento: contrassegno, carta di credito (Visa, Mastercard) e PayPal.<\/p>\n<h4>Quando verr\u00e0 effettuato l&#8217;addebito sulla mia carta di credito?<\/h4>\n<p>Il processo di pagamento riserva automaticamente i prodotti acquistati. L&#8217;addebito sulla carta di credito dell&#8217;intero importo dell&#8217;acquisto avverr\u00e0 al momento della spedizione dei prodotti.<\/p>\n<h4>Posso pagare a rate?<\/h4>\n<p>Purtroppo il pagamento rateale non \u00e8 disponibile.<br \/>\n&nbsp;<\/p>\n<h3>CODICE DI SCONTO<\/h3>\n<p>&nbsp;<\/p>\n<h4>Come si riscatta un codice buono?<\/h4>\n<p>Una volta inseriti i prodotti nel carrello, andate alla cassa e inserite il codice del buono nel campo &#8220;Codice del buono&#8221;. Lo troverete sul lato destro.<br \/>\nL&#8217;importo totale dell&#8217;ordine verr\u00e0 immediatamente ridotto del valore del buono. A questo punto si completa l&#8217;ordine.<\/p>\n<h4>Il mio codice voucher non funziona. Cosa succede?<\/h4>\n<p>I motivi per cui il codice voucher non funziona possono essere diversi:<br \/>\n1. Il buono \u00e8 gi\u00e0 stato riscattato e non dispone pi\u00f9 di fondi.<br \/>\n2. Il buono \u00e8 stato collegato all&#8217;account di un cliente specifico.<br \/>\n3. Il buono \u00e8 collegato a un valore minimo e\/o massimo dell&#8217;ordine.<br \/>\nPer qualsiasi domanda, contattateci all&#8217;indirizzo <strong><a href=\"mailto:info@pikaluna.com\">info@pikaluna.com<\/a><\/strong>.<br \/>\n&nbsp;<\/p>\n<h3>CARTE REGALO<\/h3>\n<p>&nbsp;<\/p>\n<h4>Dove posso acquistare una carta regalo?<\/h4>\n<p>\u00c8 possibile ordinare una carta regalo tramite il nostro sito web (<strong><a href=\"https:\/\/stara.pikaluna.com\/it\/product-category\/gift-card\/\" target=\"_blank\" rel=\"noopener\">https:\/\/stara.pikaluna.com\/it\/product-category\/gift-card\/<\/a><\/strong>) o contattandoci via e-mail (<strong><a href=\"mailto:info@pikaluna.com\">info@pikaluna.com<\/a><\/strong>).<\/p>\n<h4>Cosa succede se perdo il mio buono regalo o se inserisco un indirizzo e-mail sbagliato nel mio account?<\/h4>\n<p>Contattateci all&#8217;indirizzo <strong><a href=\"mailto:info@pikaluna.com\">info@pikaluna.com<\/a><\/strong> e verificheremo il codice del buono e l&#8217;indirizzo e-mail corretti. Tuttavia, non ci assumiamo alcuna responsabilit\u00e0 per la perdita, il furto, il danneggiamento, l&#8217;illeggibilit\u00e0 o l&#8217;uso non autorizzato del buono regalo.<\/p>\n<h4>Come posso riscattare la mia carta regalo?<\/h4>\n<p>\u00c8 possibile riscattare la carta regalo nel negozio online. La carta regalo \u00e8 valida per un anno e il valore minimo dell&#8217;ordine al momento del riscatto \u00e8 il valore della carta regalo.<br \/>\nLa carta regalo pu\u00f2 essere riscattata come un codice voucher. Una volta inseriti i prodotti nel carrello, durante il processo di checkout, aggiungere il codice della carta regalo nel campo &#8220;Codice coupon&#8221;. Il valore della carta regalo verr\u00e0 detratto dall&#8217;importo totale dell&#8217;ordine.<\/p>\n<h4>Cosa succede se rispedisco i prodotti ordinati?<\/h4>\n<p>Naturalmente \u00e8 possibile restituire i prodotti non graditi. Se l&#8217;ordine \u00e8 stato pagato con una carta regalo, l&#8217;importo del rimborso sar\u00e0 accreditato sulla carta regalo non appena riceveremo i prodotti restituiti. Se l&#8217;importo dell&#8217;ordine supera il valore della carta regalo, l&#8217;importo del rimborso sar\u00e0 rimborsato tramite l&#8217;altra opzione di pagamento scelta non appena riceveremo i prodotti restituiti. Si prega di notare che il rimborso tramite l&#8217;altro metodo di pagamento scelto sar\u00e0 effettuato solo fino all&#8217;importo originariamente pagato con quel metodo di pagamento. Se dopo la restituzione rimane un importo, questo verr\u00e0 accreditato sulla carta regalo.<\/p>\n<h4>Cosa succede se il valore del mio ordine \u00e8 superiore al valore della mia carta regalo?<\/h4>\n<p>Nessun problema. Se l&#8217;importo dell&#8217;ordine supera il valore della carta regalo, vi verr\u00e0 automaticamente chiesto di scegliere un altro metodo di pagamento per pagare l&#8217;importo rimanente dell&#8217;ordine.<br \/>\nSi noti che, sebbene sia possibile avere pi\u00f9 carte regalo collegate al proprio indirizzo e-mail, \u00e8 possibile riscattarne solo una alla volta.<\/p>\n<h4>Posso riscattare la mia carta regalo per un ordine esistente?<\/h4>\n<p>Le carte regalo non possono essere riscattate retroattivamente. Le carte regalo non possono essere scambiate. \u00c8 possibile utilizzare la carta regalo per il prossimo ordine.<\/p>\n<h4>Un codice sconto \u00e8 applicabile anche all&#8217;acquisto di una carta regalo?<\/h4>\n<p>I codici sconto o altre promozioni non possono essere riscattati per le carte regalo.<br \/>\n&nbsp;<\/p>\n<h3>SPEDIZIONE E CONSEGNA<\/h3>\n<p>&nbsp;<\/p>\n<h4>Quanto tempo ci vuole per la consegna?<\/h4>\n<p>I tempi di consegna dipendono dal Paese di provenienza:<br \/>\nAustria, Germania, Polonia, Romania: 5-7 giorni lavorativi;<br \/>\nRepubblica Ceca, Slovacchia: 4-6 giorni lavorativi;<br \/>\nSlovenia, Croazia, Italia: 3-4 giorni lavorativi.<br \/>\nIn caso di un numero elevato di ordini, i tempi di consegna possono essere prolungati di uno o due giorni.<\/p>\n<h4>Come posso seguire il mio ordine?<\/h4>\n<p>\u00c8 possibile controllare lo stato del proprio ordine accanto alla conferma di spedizione ricevuta via e-mail. Per ogni pacco inviato, riceverete una conferma di spedizione che includer\u00e0 anche un link per tracciare il pacco. In questo modo saprete sempre dove si trova il vostro pacco e quanto tempo impiegher\u00e0 ad arrivare.<\/p>\n<h4>Come posso verificare che l&#8217;ordine sia corretto?<\/h4>\n<p>\u00c8 possibile verificare che l&#8217;ordine sia corretto inviando un&#8217;e-mail di conferma dell&#8217;ordine. Se non riuscite a trovare l&#8217;e-mail, controllate anche lo spam.<br \/>\nSe avete ulteriori domande sul vostro ordine, potete contattare il nostro helpdesk in qualsiasi momento inviando un&#8217;e-mail a <strong><a href=\"mailto:info@pikaluna.com\">info@pikaluna.com<\/a><\/strong> e saremo lieti di aiutarvi.<\/p>\n<h4>Cosa posso fare se ricevo un prodotto danneggiato?<\/h4>\n<p>Se notate un difetto o un danno ai leggings che non \u00e8 stato causato da voi, contattateci all&#8217;indirizzo <strong><a href=\"mailto:info@pikaluna.com\">info@pikaluna.com<\/a><\/strong> entro 14 giorni dalla ricezione del pacco. Non rispedire il pacco al nostro indirizzo, ma attendere la nostra risposta e provvederemo a correggere il difetto di conseguenza.<\/p>\n<h4>L&#8217;indirizzo di consegna pu\u00f2 essere diverso da quello di fatturazione?<\/h4>\n<p>Il vostro ordine pu\u00f2 essere consegnato a un indirizzo diverso da quello di fatturazione, ad esempio il vostro posto di lavoro. \u00c8 sufficiente selezionare &#8220;Consegnare a un indirizzo diverso?&#8221; e inserire l&#8217;indirizzo di consegna preferito. <\/p>\n<h4>Posso cambiare l&#8217;indirizzo di consegna dopo aver completato l&#8217;ordine?<\/h4>\n<p>Ci auguriamo che comprenda che non possiamo modificare l&#8217;indirizzo di consegna di PikaLuna per un ordine gi\u00e0 confermato. Poich\u00e9 gli ordini vengono elaborati immediatamente, non possiamo garantire che i dettagli vengano modificati in tempo. Nel caso in cui l&#8217;indirizzo fornito non sia reperibile o il pacco non possa essere consegnato, ci verr\u00e0 rispedito. Dopo la restituzione e l&#8217;ispezione, il credito verr\u00e0 riaccreditato tramite il metodo scelto.<br \/>\n&nbsp;<\/p>\n<h3>RESTITUZIONE DI PRODOTTI E DENARO<\/h3>\n<p>&nbsp;<\/p>\n<h4>Come posso restituire il mio ordine?<\/h4>\n<p>Per restituire un articolo, \u00e8 necessario compilare il modulo che si trova qui: <strong><a href=\"https:\/\/stara.pikaluna.com\/it\/returns-form\/\" target=\"_blank\" rel=\"noopener\">https:\/\/stara.pikaluna.com\/it\/returns-form\/<\/a><\/strong>. Non \u00e8 necessario stampare il modulo perch\u00e9 verr\u00e0 inviato al nostro indirizzo e-mail. In caso di problemi o domande, contattate il nostro team all&#8217;indirizzo <strong><a href=\"mailto:info@pikaluna.com\">info@pikaluna.com<\/a><\/strong> e vi risponderemo al pi\u00f9 presto.<\/p>\n<h4>Cosa succede se non mi piacciono i leggings che ho ordinato?<\/h4>\n<p>Se il prodotto consegnato non soddisfa le vostre aspettative, potete restituirlo. Non accettiamo pacchi di riscatto. Le spese di spedizione per la restituzione del prodotto sono a carico dell&#8217;acquirente e non vengono rimborsate. Si prega di utilizzare una bolla di reso che indichi il motivo della restituzione. Tutte le informazioni importanti sulle restituzioni si trovano alla voce &#8220;Come posso restituire il mio ordine?&#8221;. Non appena il pacco arriva e viene ispezionato, rimborseremo il valore dell&#8217;ordine utilizzando lo stesso mezzo di pagamento con cui \u00e8 stato pagato. Se avete effettuato un ordine in contrassegno, al momento della compilazione del modulo di reso dovrete fornire anche il numero di una carta di credito con cui potremo rimborsarvi il valore dell&#8217;ordine. <\/p>\n<h4>Quanto tempo ci vuole di solito per ottenere un rimborso?<\/h4>\n<p>Entro 14 giorni dall&#8217;arrivo del pacco e dall&#8217;ispezione da parte nostra, avvieremo il processo di rimborso tramite il mezzo di pagamento appropriato.<\/p>\n<h4>\u00c8 possibile cambiare direttamente il prodotto restituito?<\/h4>\n<p>Purtroppo non \u00e8 possibile effettuare un cambio diretto del prodotto restituito. Una volta che il pacco \u00e8 stato restituito e ispezionato, possiamo inviarvi un prodotto sostitutivo o rimborsarvi il prezzo di acquisto del prodotto &#8211; il saldo sar\u00e0 accreditato tramite il metodo di pagamento da voi scelto.<\/p>\n<h4>Come posso presentare un reclamo su un prodotto?<\/h4>\n<p>Se notate un difetto o un danno ai leggings che non \u00e8 stato causato da voi, contattateci all&#8217;indirizzo <strong><a href=\"mailto:info@pikaluna.com\">info@pikaluna.com<\/a><\/strong> entro 14 giorni dalla ricezione del pacco. Non rispedite il pacco al nostro indirizzo, ma attendete la nostra risposta e provvederemo a correggere il difetto di conseguenza.<\/p>\n<h4>Come verr\u00f2 rimborsato?<\/h4>\n<p>Il prezzo d&#8217;acquisto sar\u00e0 rimborsato utilizzando lo stesso mezzo di pagamento scelto per l&#8217;acquisto. In caso di pagamento con carta, rimborseremo l&#8217;importo sul vostro conto bancario. Per i pagamenti con PayPal, il rimborso verr\u00e0 effettuato sul vostro conto PayPal. Se avete effettuato un ordine in contrassegno, vi contatteremo per fornirvi un numero di carta di credito su cui rimborsare il valore del vostro ordine.<\/p>\n<h4>A quale indirizzo devo inviare il pacco di reso?<\/h4>\n<p>Restituire i prodotti a INVIO d.o.o, Ljubljanska cesta 45, 1241 Kamnik, Slovenia.<br \/>\n&nbsp;<\/p>\n<h3>ALTRO<\/h3>\n<p>&nbsp;<\/p>\n<h4>Come faccio a trovare la taglia o il taglio giusto?<\/h4>\n<p>Per essere sicuri di aver scelto la taglia giusta, controllate la nostra tabella delle taglie prima di ordinare. Prendete le vostre misure e confrontatele con la nostra tabella delle taglie. Se avete una taglia in pi\u00f9 e non sapete quale scegliere, contattateci all&#8217;indirizzo <strong><a href=\"mailto:info@pikaluna.com\">info@pikaluna.com<\/a><\/strong> e vi aiuteremo.<\/p>\n<h4>Come posso iscrivermi alla newsletter?<\/h4>\n<p>Se non volete perdere nessuna delle nostre ultime offerte, iscrivetevi alla nostra newsletter gratuita. A tal fine, al momento dell&#8217;acquisto, spuntate la voce &#8220;Iscriviti alla nostra newsletter&#8221; sotto i dati di consegna. Vi invieremo un&#8217;e-mail per confermare l&#8217;iscrizione alla newsletter.<\/p>\n<h4>Con quale frequenza ricever\u00f2 la newsletter?<\/h4>\n<p>Pubblichiamo la nostra newsletter solo occasionalmente. Soprattutto in caso di offerte speciali come saldi, riassortimenti o articoli appena arrivati che non dovreste assolutamente perdere. <\/p>\n<h4>Come posso inviarvi i miei suggerimenti e feedback?<\/h4>\n<p>Siamo lieti di ricevere i vostri commenti, critiche e complimenti. Inviateci un&#8217;e-mail a <strong><a href=\"mailto:info@pikaluna.com\">info@pikaluna.com<\/a><\/strong> . Vi risponderemo in ogni caso.<\/p>\n<h4>Cosa posso fare se ho problemi tecnici con il sito?<\/h4>\n<p>Ci impegniamo sempre per rendere la vostra esperienza di acquisto un&#8217;esperienza fantastica. Se c&#8217;\u00e8 un problema tecnico o qualcosa non funziona come dovrebbe, vi saremmo grati se ci contattaste per risolvere il problema. Inviate un messaggio a <strong><a href=\"mailto:info@pikaluna.com\">info@pikaluna.com<\/a><\/strong> e non dimenticate di includere uno screenshot. Per utilizzare tutte le funzioni del nostro negozio online, consigliamo di utilizzare la versione pi\u00f9 recente del browser. Assicuratevi di utilizzare l&#8217;ultima versione del vostro browser, che JavaScript sia abilitato e che i cookie siano consentiti.<\/p>\n","protected":false},"excerpt":{"rendered":"<p>&nbsp; LEGGINGS &nbsp; Come lavare i capi PikaLuna? Si consiglia di lavare a 30 gradi con programma delicato. Prima del lavaggio, girare il capo in modo che la stampa sia all&#8217;interno. Si sconsiglia l&#8217;asciugatura in asciugatrice. Oltre alla tabella delle taglie, \u00e8 possibile trovare anche le propriet\u00e0 e la composizione del materiale, nonch\u00e9 le istruzioni &hellip; <a href=\"https:\/\/stara.pikaluna.com\/it\/faq\/\">Continued<\/a><\/p>\n","protected":false},"author":20,"featured_media":0,"parent":0,"menu_order":0,"comment_status":"closed","ping_status":"closed","template":"template-content.blade.php","meta":{"_acf_changed":false,"inline_featured_image":false,"footnotes":""},"class_list":["post-366","page","type-page","status-publish","hentry"],"acf":[],"_links":{"self":[{"href":"https:\/\/stara.pikaluna.com\/it\/wp-json\/wp\/v2\/pages\/366","targetHints":{"allow":["GET"]}}],"collection":[{"href":"https:\/\/stara.pikaluna.com\/it\/wp-json\/wp\/v2\/pages"}],"about":[{"href":"https:\/\/stara.pikaluna.com\/it\/wp-json\/wp\/v2\/types\/page"}],"author":[{"embeddable":true,"href":"https:\/\/stara.pikaluna.com\/it\/wp-json\/wp\/v2\/users\/20"}],"replies":[{"embeddable":true,"href":"https:\/\/stara.pikaluna.com\/it\/wp-json\/wp\/v2\/comments?post=366"}],"version-history":[{"count":0,"href":"https:\/\/stara.pikaluna.com\/it\/wp-json\/wp\/v2\/pages\/366\/revisions"}],"wp:attachment":[{"href":"https:\/\/stara.pikaluna.com\/it\/wp-json\/wp\/v2\/media?parent=366"}],"curies":[{"name":"wp","href":"https:\/\/api.w.org\/{rel}","templated":true}]}}