{"id":17731,"date":"2021-12-20T13:18:47","date_gmt":"2021-12-20T12:18:47","guid":{"rendered":"https:\/\/stara.pikaluna.com\/it\/?page_id=17731"},"modified":"2022-11-08T11:51:29","modified_gmt":"2022-11-08T10:51:29","slug":"returns-form","status":"publish","type":"page","link":"https:\/\/stara.pikaluna.com\/it\/returns-form\/","title":{"rendered":"Modulo di reso"},"content":{"rendered":"<p><span data-sheets-value=\"{&quot;1&quot;:2,&quot;2&quot;:&quot;Anche se noi di PikaLuna ci sforziamo di offrire ai nostri clienti solo il meglio, un inconveniente qua e l\u00e0 non pu\u00f2 essere escluso. Se hai ricevuto una taglia sbagliata, se il prodotto \u00e8 danneggiato o presenta un difetto di fabbricazione, non compilare il modulo e contattaci a info@pikaluna.com entro 14 giorni dalla ricezione del pacco. Non rispedirci il pacco ma attendi la nostra risposta in modo da poter correggere il difetto.&quot;}\" data-sheets-userformat=\"{&quot;2&quot;:769,&quot;3&quot;:{&quot;1&quot;:0},&quot;11&quot;:4,&quot;12&quot;:0}\">Anche se noi di PikaLuna ci sforziamo di offrire ai nostri clienti solo il meglio, un inconveniente qua e l\u00e0 non pu\u00f2 essere escluso.<\/span><\/p>\n<p><span data-sheets-value=\"{&quot;1&quot;:2,&quot;2&quot;:&quot;Anche se noi di PikaLuna ci sforziamo di offrire ai nostri clienti solo il meglio, un inconveniente qua e l\u00e0 non pu\u00f2 essere escluso. Se hai ricevuto una taglia sbagliata, se il prodotto \u00e8 danneggiato o presenta un difetto di fabbricazione, non compilare il modulo e contattaci a info@pikaluna.com entro 14 giorni dalla ricezione del pacco. Non rispedirci il pacco ma attendi la nostra risposta in modo da poter correggere il difetto.&quot;}\" data-sheets-userformat=\"{&quot;2&quot;:769,&quot;3&quot;:{&quot;1&quot;:0},&quot;11&quot;:4,&quot;12&quot;:0}\">Se hai ricevuto una taglia sbagliata, se il prodotto \u00e8 danneggiato o presenta un difetto di fabbricazione, non compilare il modulo e contattaci a <a style=\"color: #ff29a9;\" href=\"mailto:info@pikaluna.com\"><strong>info@pikaluna.com<\/strong><\/a> entro 14 giorni dalla ricezione del pacco.<\/span><\/p>\n<p><span data-sheets-value=\"{&quot;1&quot;:2,&quot;2&quot;:&quot;Anche se noi di PikaLuna ci sforziamo di offrire ai nostri clienti solo il meglio, un inconveniente qua e l\u00e0 non pu\u00f2 essere escluso. Se hai ricevuto una taglia sbagliata, se il prodotto \u00e8 danneggiato o presenta un difetto di fabbricazione, non compilare il modulo e contattaci a info@pikaluna.com entro 14 giorni dalla ricezione del pacco. Non rispedirci il pacco ma attendi la nostra risposta in modo da poter correggere il difetto.&quot;}\" data-sheets-userformat=\"{&quot;2&quot;:769,&quot;3&quot;:{&quot;1&quot;:0},&quot;11&quot;:4,&quot;12&quot;:0}\">Non rispedirci il pacco ma attendi la nostra risposta in modo da poter correggere il difetto.<\/span><\/p>\n<p><strong>Riepilogo:<\/strong><br \/>\n\u2014 Il prodotto deve essere non lavato, non indossato, con tutte le etichette attaccate e nella confezione originale. Il prodotto deve inoltre essere privo di macchie, capelli o altri danni.<br \/>\n\u2014 <span data-sheets-value=\"{&quot;1&quot;:2,&quot;2&quot;:&quot;Dopo aver inviato correttamente il modulo di reso restituisci i prodotti a Invio d.o.o., Ljubljanska cesta 45, 1241 Kamnik, Slovenia.&quot;}\" data-sheets-userformat=\"{&quot;2&quot;:769,&quot;3&quot;:{&quot;1&quot;:0},&quot;11&quot;:4,&quot;12&quot;:0}\">Dopo aver inviato correttamente il modulo di reso restituisci i prodotti a Invio d.o.o., Ljubljanska cesta 45, 1241 Kamnik, Slovenia.<\/span><br \/>\n\u2014 Non accettiamo pacchetti con addebito. Il cliente \u00e8 responsabile del pagamento dei costi di spedizione per la restituzione dell\u2019articolo. I costi di spedizione non sono rimborsabili.<br \/>\n\u2014 Per problemi o domande ti preghiamo di contattare il nostro team all\u2019indirizzo<span style=\"color: #ff29a9;\"><strong><a href=\"mailto:info@pikaluna.com\"> info@pikaluna.com<\/a>,<\/strong><\/span>\u00a0ti risponderemo il prima possibile.<\/p>\n","protected":false},"excerpt":{"rendered":"<p>Anche se noi di PikaLuna ci sforziamo di offrire ai nostri clienti solo il meglio, un inconveniente qua e l\u00e0 non pu\u00f2 essere escluso. Se hai ricevuto una taglia sbagliata, se il prodotto \u00e8 danneggiato o presenta un difetto di fabbricazione, non compilare il modulo e contattaci a info@pikaluna.com entro 14 giorni dalla ricezione del &hellip; <a href=\"https:\/\/stara.pikaluna.com\/it\/returns-form\/\">Continued<\/a><\/p>\n","protected":false},"author":20,"featured_media":0,"parent":0,"menu_order":0,"comment_status":"closed","ping_status":"closed","template":"template-returns-form.blade.php","meta":{"_acf_changed":false,"inline_featured_image":false,"footnotes":""},"class_list":["post-17731","page","type-page","status-publish","hentry"],"acf":[],"_links":{"self":[{"href":"https:\/\/stara.pikaluna.com\/it\/wp-json\/wp\/v2\/pages\/17731","targetHints":{"allow":["GET"]}}],"collection":[{"href":"https:\/\/stara.pikaluna.com\/it\/wp-json\/wp\/v2\/pages"}],"about":[{"href":"https:\/\/stara.pikaluna.com\/it\/wp-json\/wp\/v2\/types\/page"}],"author":[{"embeddable":true,"href":"https:\/\/stara.pikaluna.com\/it\/wp-json\/wp\/v2\/users\/20"}],"replies":[{"embeddable":true,"href":"https:\/\/stara.pikaluna.com\/it\/wp-json\/wp\/v2\/comments?post=17731"}],"version-history":[{"count":0,"href":"https:\/\/stara.pikaluna.com\/it\/wp-json\/wp\/v2\/pages\/17731\/revisions"}],"wp:attachment":[{"href":"https:\/\/stara.pikaluna.com\/it\/wp-json\/wp\/v2\/media?parent=17731"}],"curies":[{"name":"wp","href":"https:\/\/api.w.org\/{rel}","templated":true}]}}