{"id":64809,"date":"2025-07-05T23:00:02","date_gmt":"2025-07-05T21:00:02","guid":{"rendered":"https:\/\/stara.pikaluna.com\/hu\/?post_type=product&#038;p=64809"},"modified":"2025-12-10T08:50:48","modified_gmt":"2025-12-10T07:50:48","slug":"tunic-dress-amber","status":"publish","type":"product","link":"https:\/\/stara.pikaluna.com\/hu\/product\/tunic-dress-amber\/","title":{"rendered":"Tunik Ruha Amber"},"content":{"rendered":"","protected":false},"excerpt":{"rendered":"<p>Rendk\u00edv\u00fcl puha, kiv\u00e1l\u00f3 min\u0151s\u00e9g\u0171 Pikaluna leggingsek, amelyek az egyedi diz\u00e1jnt nagy fok\u00fa k\u00e9nyelemmel \u00f6tv\u00f6zik. A folyamatos fejleszt\u00e9s a c\u00e9l!<\/p>\n","protected":false},"featured_media":64952,"template":"","meta":{"_acf_changed":false,"inline_featured_image":false},"product_brand":[],"product_cat":[262,223,268,221,103,233],"product_tag":[],"class_list":{"0":"post-64809","1":"product","2":"type-product","3":"status-publish","4":"has-post-thumbnail","6":"product_cat-20e-and-under","7":"product_cat-dresses","8":"product_cat-final-sale","9":"product_cat-jumpsuits-and-dresses","10":"product_cat-new","11":"product_cat-tunic-dresses","13":"first","14":"instock","15":"sale","16":"shipping-taxable","17":"purchasable","18":"product-type-variable"},"bundled_by":[],"bundle_stock_status":"instock","bundle_stock_quantity":null,"bundle_virtual":false,"bundle_layout":"","bundle_add_to_cart_form_location":"","bundle_editable_in_cart":false,"bundle_sold_individually_context":"","bundle_item_grouping":"","bundle_min_size":"","bundle_max_size":"","bundle_price":[],"bundled_items":[],"bundle_sell_ids":[],"acf":[],"_links":{"self":[{"href":"https:\/\/stara.pikaluna.com\/hu\/wp-json\/wp\/v2\/product\/64809","targetHints":{"allow":["GET"]}}],"collection":[{"href":"https:\/\/stara.pikaluna.com\/hu\/wp-json\/wp\/v2\/product"}],"about":[{"href":"https:\/\/stara.pikaluna.com\/hu\/wp-json\/wp\/v2\/types\/product"}],"wp:featuredmedia":[{"embeddable":true,"href":"https:\/\/stara.pikaluna.com\/hu\/wp-json\/wp\/v2\/media\/64952"}],"wp:attachment":[{"href":"https:\/\/stara.pikaluna.com\/hu\/wp-json\/wp\/v2\/media?parent=64809"}],"wp:term":[{"taxonomy":"product_brand","embeddable":true,"href":"https:\/\/stara.pikaluna.com\/hu\/wp-json\/wp\/v2\/product_brand?post=64809"},{"taxonomy":"product_cat","embeddable":true,"href":"https:\/\/stara.pikaluna.com\/hu\/wp-json\/wp\/v2\/product_cat?post=64809"},{"taxonomy":"product_tag","embeddable":true,"href":"https:\/\/stara.pikaluna.com\/hu\/wp-json\/wp\/v2\/product_tag?post=64809"}],"curies":[{"name":"wp","href":"https:\/\/api.w.org\/{rel}","templated":true}]}}