{"id":52384,"date":"2024-06-26T06:26:04","date_gmt":"2024-06-26T04:26:04","guid":{"rendered":"https:\/\/stara.pikaluna.com\/hu\/?post_type=product&#038;p=52384"},"modified":"2025-12-10T13:53:09","modified_gmt":"2025-12-10T12:53:09","slug":"zen-pants","status":"publish","type":"product","link":"https:\/\/stara.pikaluna.com\/hu\/product\/zen-pants\/","title":{"rendered":"Zen Nadr\u00e1gok"},"content":{"rendered":"","protected":false},"excerpt":{"rendered":"<p>Rendk\u00edv\u00fcl puha, kiv\u00e1l\u00f3 min\u0151s\u00e9g\u0171 Pikaluna leggingsek, amelyek az egyedi diz\u00e1jnt nagy fok\u00fa k\u00e9nyelemmel \u00f6tv\u00f6zik. A folyamatos fejleszt\u00e9s a c\u00e9l!<\/p>\n","protected":false},"featured_media":61249,"template":"","meta":{"_acf_changed":false,"inline_featured_image":false},"product_brand":[],"product_cat":[262,214,169,170],"product_tag":[],"class_list":{"0":"post-52384","1":"product","2":"type-product","3":"status-publish","4":"has-post-thumbnail","6":"product_cat-20e-and-under","7":"product_cat-pants","8":"product_cat-sunseeker","9":"product_cat-sunseeker-pants","11":"first","12":"instock","13":"sale","14":"shipping-taxable","15":"purchasable","16":"product-type-variable","17":"has-default-attributes"},"bundled_by":[],"bundle_stock_status":"instock","bundle_stock_quantity":null,"bundle_virtual":false,"bundle_layout":"","bundle_add_to_cart_form_location":"","bundle_editable_in_cart":false,"bundle_sold_individually_context":"","bundle_item_grouping":"","bundle_min_size":"","bundle_max_size":"","bundle_price":[],"bundled_items":[],"bundle_sell_ids":[],"acf":[],"_links":{"self":[{"href":"https:\/\/stara.pikaluna.com\/hu\/wp-json\/wp\/v2\/product\/52384","targetHints":{"allow":["GET"]}}],"collection":[{"href":"https:\/\/stara.pikaluna.com\/hu\/wp-json\/wp\/v2\/product"}],"about":[{"href":"https:\/\/stara.pikaluna.com\/hu\/wp-json\/wp\/v2\/types\/product"}],"wp:featuredmedia":[{"embeddable":true,"href":"https:\/\/stara.pikaluna.com\/hu\/wp-json\/wp\/v2\/media\/61249"}],"wp:attachment":[{"href":"https:\/\/stara.pikaluna.com\/hu\/wp-json\/wp\/v2\/media?parent=52384"}],"wp:term":[{"taxonomy":"product_brand","embeddable":true,"href":"https:\/\/stara.pikaluna.com\/hu\/wp-json\/wp\/v2\/product_brand?post=52384"},{"taxonomy":"product_cat","embeddable":true,"href":"https:\/\/stara.pikaluna.com\/hu\/wp-json\/wp\/v2\/product_cat?post=52384"},{"taxonomy":"product_tag","embeddable":true,"href":"https:\/\/stara.pikaluna.com\/hu\/wp-json\/wp\/v2\/product_tag?post=52384"}],"curies":[{"name":"wp","href":"https:\/\/api.w.org\/{rel}","templated":true}]}}