{"id":3996,"date":"2021-05-26T11:22:52","date_gmt":"2021-05-26T09:22:52","guid":{"rendered":"https:\/\/stara.pikaluna.com\/hu\/?post_type=product&#038;p=3996"},"modified":"2025-12-05T16:06:51","modified_gmt":"2025-12-05T15:06:51","slug":"mandala-capri","status":"publish","type":"product","link":"https:\/\/stara.pikaluna.com\/hu\/product\/mandala-capri\/","title":{"rendered":"Mandala Capri"},"content":{"rendered":"","protected":false},"excerpt":{"rendered":"<p>Rendk\u00edv\u00fcl puha, kiv\u00e1l\u00f3 min\u0151s\u00e9g\u0171 Pikaluna leggingsek, amelyek az egyedi diz\u00e1jnt nagy fok\u00fa k\u00e9nyelemmel \u00f6tv\u00f6zik. A folyamatos fejleszt\u00e9s a c\u00e9l!<\/p>\n","protected":false},"featured_media":18070,"template":"","meta":{"_acf_changed":false,"inline_featured_image":false},"product_brand":[],"product_cat":[262,18,15],"product_tag":[],"class_list":{"0":"post-3996","1":"product","2":"type-product","3":"status-publish","4":"has-post-thumbnail","6":"product_cat-20e-and-under","7":"product_cat-capri","8":"product_cat-uncategorized","10":"first","11":"instock","12":"sale","13":"shipping-taxable","14":"purchasable","15":"product-type-variable","16":"has-default-attributes"},"bundled_by":[],"bundle_stock_status":"instock","bundle_stock_quantity":null,"bundle_virtual":false,"bundle_layout":"","bundle_add_to_cart_form_location":"","bundle_editable_in_cart":false,"bundle_sold_individually_context":"","bundle_item_grouping":"","bundle_min_size":"","bundle_max_size":"","bundle_price":[],"bundled_items":[],"bundle_sell_ids":[],"acf":[],"_links":{"self":[{"href":"https:\/\/stara.pikaluna.com\/hu\/wp-json\/wp\/v2\/product\/3996","targetHints":{"allow":["GET"]}}],"collection":[{"href":"https:\/\/stara.pikaluna.com\/hu\/wp-json\/wp\/v2\/product"}],"about":[{"href":"https:\/\/stara.pikaluna.com\/hu\/wp-json\/wp\/v2\/types\/product"}],"wp:featuredmedia":[{"embeddable":true,"href":"https:\/\/stara.pikaluna.com\/hu\/wp-json\/wp\/v2\/media\/18070"}],"wp:attachment":[{"href":"https:\/\/stara.pikaluna.com\/hu\/wp-json\/wp\/v2\/media?parent=3996"}],"wp:term":[{"taxonomy":"product_brand","embeddable":true,"href":"https:\/\/stara.pikaluna.com\/hu\/wp-json\/wp\/v2\/product_brand?post=3996"},{"taxonomy":"product_cat","embeddable":true,"href":"https:\/\/stara.pikaluna.com\/hu\/wp-json\/wp\/v2\/product_cat?post=3996"},{"taxonomy":"product_tag","embeddable":true,"href":"https:\/\/stara.pikaluna.com\/hu\/wp-json\/wp\/v2\/product_tag?post=3996"}],"curies":[{"name":"wp","href":"https:\/\/api.w.org\/{rel}","templated":true}]}}