{"id":25831,"date":"2022-07-07T14:06:07","date_gmt":"2022-07-07T12:06:07","guid":{"rendered":"https:\/\/stara.pikaluna.com\/hu\/?post_type=product&#038;p=25831"},"modified":"2025-12-10T11:28:49","modified_gmt":"2025-12-10T10:28:49","slug":"dark-roses-ujjatlan-polo","status":"publish","type":"product","link":"https:\/\/stara.pikaluna.com\/hu\/product\/dark-roses-ujjatlan-polo\/","title":{"rendered":"Dark Roses Ujjatlan P\u00f3l\u00f3"},"content":{"rendered":"","protected":false},"excerpt":{"rendered":"<p><strong>Modell magass\u00e1ga:<\/strong>\u00a0170 cm<br \/>\n<strong>Modell m\u00e9rete:<\/strong>\u00a0S<\/p>\n","protected":false},"featured_media":46904,"template":"","meta":{"_acf_changed":false,"inline_featured_image":false},"product_brand":[],"product_cat":[259,217,24,96,216],"product_tag":[],"class_list":{"0":"post-25831","1":"product","2":"type-product","3":"status-publish","4":"has-post-thumbnail","6":"product_cat-5e-and-under","7":"product_cat-all-short-sleeves","8":"product_cat-outlet","9":"product_cat-sport-tank-shirt","10":"product_cat-upper-wear","12":"first","13":"instock","14":"sale","15":"shipping-taxable","16":"purchasable","17":"product-type-variable","18":"has-default-attributes"},"bundled_by":[],"bundle_stock_status":"instock","bundle_stock_quantity":null,"bundle_virtual":false,"bundle_layout":"","bundle_add_to_cart_form_location":"","bundle_editable_in_cart":false,"bundle_sold_individually_context":"","bundle_item_grouping":"","bundle_min_size":"","bundle_max_size":"","bundle_price":[],"bundled_items":[],"bundle_sell_ids":[],"acf":[],"_links":{"self":[{"href":"https:\/\/stara.pikaluna.com\/hu\/wp-json\/wp\/v2\/product\/25831","targetHints":{"allow":["GET"]}}],"collection":[{"href":"https:\/\/stara.pikaluna.com\/hu\/wp-json\/wp\/v2\/product"}],"about":[{"href":"https:\/\/stara.pikaluna.com\/hu\/wp-json\/wp\/v2\/types\/product"}],"wp:featuredmedia":[{"embeddable":true,"href":"https:\/\/stara.pikaluna.com\/hu\/wp-json\/wp\/v2\/media\/46904"}],"wp:attachment":[{"href":"https:\/\/stara.pikaluna.com\/hu\/wp-json\/wp\/v2\/media?parent=25831"}],"wp:term":[{"taxonomy":"product_brand","embeddable":true,"href":"https:\/\/stara.pikaluna.com\/hu\/wp-json\/wp\/v2\/product_brand?post=25831"},{"taxonomy":"product_cat","embeddable":true,"href":"https:\/\/stara.pikaluna.com\/hu\/wp-json\/wp\/v2\/product_cat?post=25831"},{"taxonomy":"product_tag","embeddable":true,"href":"https:\/\/stara.pikaluna.com\/hu\/wp-json\/wp\/v2\/product_tag?post=25831"}],"curies":[{"name":"wp","href":"https:\/\/api.w.org\/{rel}","templated":true}]}}