{"id":24889,"date":"2022-06-29T14:43:01","date_gmt":"2022-06-29T12:43:01","guid":{"rendered":"https:\/\/stara.pikaluna.com\/hu\/?post_type=product&#038;p=24889"},"modified":"2025-12-10T12:04:05","modified_gmt":"2025-12-10T11:04:05","slug":"sand-luna-rovid-felso","status":"publish","type":"product","link":"https:\/\/stara.pikaluna.com\/hu\/product\/sand-luna-rovid-felso\/","title":{"rendered":"Sand Luna R\u00f6vid Fels\u0151"},"content":{"rendered":"","protected":false},"excerpt":{"rendered":"<p><strong>Modell magass\u00e1ga:<\/strong>\u00a0170 cm<br \/>\n<strong>Modell m\u00e9rete:<\/strong>\u00a0S<\/p>\n","protected":false},"featured_media":26257,"template":"","meta":{"_acf_changed":false,"inline_featured_image":false},"product_brand":[],"product_cat":[259,267,85,99,27],"product_tag":[],"class_list":{"0":"post-24889","1":"product","2":"type-product","3":"status-publish","4":"has-post-thumbnail","6":"product_cat-5e-and-under","7":"product_cat-cotton","8":"product_cat-cotton-shirts","9":"product_cat-cotton-t-shirts","10":"product_cat-new-old","12":"first","13":"instock","14":"sale","15":"shipping-taxable","16":"purchasable","17":"product-type-variable","18":"has-default-attributes"},"bundled_by":[],"bundle_stock_status":"instock","bundle_stock_quantity":null,"bundle_virtual":false,"bundle_layout":"","bundle_add_to_cart_form_location":"","bundle_editable_in_cart":false,"bundle_sold_individually_context":"","bundle_item_grouping":"","bundle_min_size":"","bundle_max_size":"","bundle_price":[],"bundled_items":[],"bundle_sell_ids":[],"acf":[],"_links":{"self":[{"href":"https:\/\/stara.pikaluna.com\/hu\/wp-json\/wp\/v2\/product\/24889","targetHints":{"allow":["GET"]}}],"collection":[{"href":"https:\/\/stara.pikaluna.com\/hu\/wp-json\/wp\/v2\/product"}],"about":[{"href":"https:\/\/stara.pikaluna.com\/hu\/wp-json\/wp\/v2\/types\/product"}],"wp:featuredmedia":[{"embeddable":true,"href":"https:\/\/stara.pikaluna.com\/hu\/wp-json\/wp\/v2\/media\/26257"}],"wp:attachment":[{"href":"https:\/\/stara.pikaluna.com\/hu\/wp-json\/wp\/v2\/media?parent=24889"}],"wp:term":[{"taxonomy":"product_brand","embeddable":true,"href":"https:\/\/stara.pikaluna.com\/hu\/wp-json\/wp\/v2\/product_brand?post=24889"},{"taxonomy":"product_cat","embeddable":true,"href":"https:\/\/stara.pikaluna.com\/hu\/wp-json\/wp\/v2\/product_cat?post=24889"},{"taxonomy":"product_tag","embeddable":true,"href":"https:\/\/stara.pikaluna.com\/hu\/wp-json\/wp\/v2\/product_tag?post=24889"}],"curies":[{"name":"wp","href":"https:\/\/api.w.org\/{rel}","templated":true}]}}