{"id":391,"date":"2020-08-06T09:08:20","date_gmt":"2020-08-06T07:08:20","guid":{"rendered":"https:\/\/stara.pikaluna.com\/hu\/?page_id=391"},"modified":"2023-01-19T14:55:29","modified_gmt":"2023-01-19T13:55:29","slug":"delivery","status":"publish","type":"page","link":"https:\/\/stara.pikaluna.com\/hu\/delivery\/","title":{"rendered":"Sz\u00e1ll\u00edt\u00e1s"},"content":{"rendered":"<p><strong>Delivery<\/strong><\/p>\n<p>Ingyenes sz\u00e1ll\u00edt\u00e1s 27.699 HUF feletti v\u00e1s\u00e1rl\u00e1s eset\u00e9n! \ud83d\ude9a<\/p>\n<p>Ut\u00e1nv\u00e9tes fizet\u00e9s = 685Ft<\/p>\n<p><strong>Garancia<\/strong><br \/>\nMindig arra t\u00f6reksz\u00fcnk, hogy a term\u00e9ket t\u00f6k\u00e9letes \u00e1llapotban sz\u00e1ll\u00edtsuk le neked. Mindazon\u00e1ltal, ha b\u00e1rmilyen okb\u00f3l kifoly\u00f3lag nem vagy 100%-ig el\u00e9gedett, a teljes v\u00e9tel\u00e1rat visszat\u00e9r\u00edtj\u00fck, vagy ingyen k\u00fcld\u00fcnk neked egy \u00faj term\u00e9ket. Ne agg\u00f3dj, seg\u00edt\u00fcnk!<\/p>\n<p>&nbsp;<\/p>\n","protected":false},"excerpt":{"rendered":"<p>Delivery Ingyenes sz\u00e1ll\u00edt\u00e1s 27.699 HUF feletti v\u00e1s\u00e1rl\u00e1s eset\u00e9n! \ud83d\ude9a Ut\u00e1nv\u00e9tes fizet\u00e9s = 685Ft Garancia Mindig arra t\u00f6reksz\u00fcnk, hogy a term\u00e9ket t\u00f6k\u00e9letes \u00e1llapotban sz\u00e1ll\u00edtsuk le neked. Mindazon\u00e1ltal, ha b\u00e1rmilyen okb\u00f3l kifoly\u00f3lag nem vagy 100%-ig el\u00e9gedett, a teljes v\u00e9tel\u00e1rat visszat\u00e9r\u00edtj\u00fck, vagy ingyen k\u00fcld\u00fcnk neked egy \u00faj term\u00e9ket. Ne agg\u00f3dj, seg\u00edt\u00fcnk! &nbsp;<\/p>\n","protected":false},"author":20,"featured_media":0,"parent":0,"menu_order":0,"comment_status":"closed","ping_status":"closed","template":"template-content.blade.php","meta":{"_acf_changed":false,"inline_featured_image":false,"footnotes":""},"class_list":["post-391","page","type-page","status-publish","hentry"],"acf":[],"_links":{"self":[{"href":"https:\/\/stara.pikaluna.com\/hu\/wp-json\/wp\/v2\/pages\/391","targetHints":{"allow":["GET"]}}],"collection":[{"href":"https:\/\/stara.pikaluna.com\/hu\/wp-json\/wp\/v2\/pages"}],"about":[{"href":"https:\/\/stara.pikaluna.com\/hu\/wp-json\/wp\/v2\/types\/page"}],"author":[{"embeddable":true,"href":"https:\/\/stara.pikaluna.com\/hu\/wp-json\/wp\/v2\/users\/20"}],"replies":[{"embeddable":true,"href":"https:\/\/stara.pikaluna.com\/hu\/wp-json\/wp\/v2\/comments?post=391"}],"version-history":[{"count":0,"href":"https:\/\/stara.pikaluna.com\/hu\/wp-json\/wp\/v2\/pages\/391\/revisions"}],"wp:attachment":[{"href":"https:\/\/stara.pikaluna.com\/hu\/wp-json\/wp\/v2\/media?parent=391"}],"curies":[{"name":"wp","href":"https:\/\/api.w.org\/{rel}","templated":true}]}}