{"id":379,"date":"2020-08-06T08:37:27","date_gmt":"2020-08-06T06:37:27","guid":{"rendered":"https:\/\/stara.pikaluna.com\/hu\/?page_id=379"},"modified":"2022-02-07T13:10:26","modified_gmt":"2022-02-07T12:10:26","slug":"about-us","status":"publish","type":"page","link":"https:\/\/stara.pikaluna.com\/hu\/about-us\/","title":{"rendered":"N\u00e9vjegy"},"content":{"rendered":"<h3>K\u00fcldet\u00e9s\u00fcnk:<\/h3>\n<p>Az er\u0151, a k\u00e9nyelem \u00e9s a min\u0151s\u00e9g \u00f6tv\u00f6z\u00e9se az EU-ban tervezett, \u00faj, rendk\u00edv\u00fcl puha anyagok fejleszt\u00e9s\u00e9vel.<\/p>\n<p>&nbsp;<\/p>\n<h3>A l\u00e1tom\u00e1sunk:<\/h3>\n<p>Az innov\u00e1ci\u00f3k \u00e9l\u00e9re \u00e1llni a divatipar ter\u00fclet\u00e9n, az EU-ban k\u00e9sz\u00fclt, min\u0151s\u00e9gi anyagok fejleszt\u00e9s\u00e9vel. Szeretn\u00e9nk a v\u00e1s\u00e1rl\u00f3ink v\u00e9lem\u00e9nye alapj\u00e1n fejleszteni a m\u00e1rk\u00e1nkat, \u00e9s lehet\u0151v\u00e9 tenni, hogy vel\u00fcnk egy\u00fctt n\u00f6vekedj. Arra t\u00f6reksz\u00fcnk, hogy a ruh\u00e1ink r\u00e9szben \u00fajrahasznos\u00edtott anyagokb\u00f3l k\u00e9sz\u00fcljenek \u2013 mert t\u00f6r\u0151d\u00fcnk a bolyg\u00f3nkkal!<\/p>\n<p>&nbsp;<\/p>\n<h3>Mi k\u00fcl\u00f6nb\u00f6ztet meg minket:<\/h3>\n<p>Minden ruh\u00e1nkat az EU-ban tervezz\u00fck. S\u0151t, n\u00e9h\u00e1ny diz\u00e1jnt ti inspir\u00e1ltok, kedves v\u00e1s\u00e1rl\u00f3ink! \u00c9s ez az, ami megk\u00fcl\u00f6nb\u00f6ztet minket \u2013 t\u00e9nyleg \u00e9rdekel minket a v\u00e9lem\u00e9nyetek! Meghallgatjuk, \u00e9s ut\u00e1na cseleksz\u00fcnk! \u00c9s az anyagunk egyszer\u0171en&#8230; MES\u00c9S! De ne higgy nek\u00fcnk: gy\u0151z\u0151dj meg r\u00f3la magad!<\/p>\n<p>&nbsp;<\/p>\n<p><img decoding=\"async\" class=\"alignnone wp-image-800\" src=\"https:\/\/stara.pikaluna.com\/hu\/wp-content\/uploads\/sites\/8\/2020\/08\/Pikaluna_280720-141-min-1-600x400.jpg\" alt=\"\" width=\"788\" height=\"524\" srcset=\"https:\/\/stara.pikaluna.com\/hu\/wp-content\/uploads\/sites\/8\/2020\/08\/Pikaluna_280720-141-min-1-600x400.jpg 600w, https:\/\/stara.pikaluna.com\/hu\/wp-content\/uploads\/sites\/8\/2020\/08\/Pikaluna_280720-141-min-1-1200x800.jpg 1200w, https:\/\/stara.pikaluna.com\/hu\/wp-content\/uploads\/sites\/8\/2020\/08\/Pikaluna_280720-141-min-1-768x512.jpg 768w, https:\/\/stara.pikaluna.com\/hu\/wp-content\/uploads\/sites\/8\/2020\/08\/Pikaluna_280720-141-min-1-1536x1024.jpg 1536w\" sizes=\"(max-width: 788px) 100vw, 788px\" \/><\/p>\n<p>&nbsp;<\/p>\n<p>Invio d.o.o. a PIKALUNA nemzetk\u00f6zi m\u00e1rk\u00e1t k\u00e9pvisel\u0151 kereskedelmi t\u00e1rsas\u00e1g.<\/p>\n<p>Trg komandanta Staneta 8<\/p>\n<p>1000 Ljubljana<\/p>\n<p>Slovenija<\/p>\n<p><a href=\"mailto:info@pikaluna.com\">info@pikaluna.com<\/a><\/p>\n","protected":false},"excerpt":{"rendered":"<p>K\u00fcldet\u00e9s\u00fcnk: Az er\u0151, a k\u00e9nyelem \u00e9s a min\u0151s\u00e9g \u00f6tv\u00f6z\u00e9se az EU-ban tervezett, \u00faj, rendk\u00edv\u00fcl puha anyagok fejleszt\u00e9s\u00e9vel. &nbsp; A l\u00e1tom\u00e1sunk: Az innov\u00e1ci\u00f3k \u00e9l\u00e9re \u00e1llni a divatipar ter\u00fclet\u00e9n, az EU-ban k\u00e9sz\u00fclt, min\u0151s\u00e9gi anyagok fejleszt\u00e9s\u00e9vel. Szeretn\u00e9nk a v\u00e1s\u00e1rl\u00f3ink v\u00e9lem\u00e9nye alapj\u00e1n fejleszteni a m\u00e1rk\u00e1nkat, \u00e9s lehet\u0151v\u00e9 tenni, hogy vel\u00fcnk egy\u00fctt n\u00f6vekedj. Arra t\u00f6reksz\u00fcnk, hogy a ruh\u00e1ink r\u00e9szben \u00fajrahasznos\u00edtott &hellip; <a href=\"https:\/\/stara.pikaluna.com\/hu\/about-us\/\">Continued<\/a><\/p>\n","protected":false},"author":3,"featured_media":0,"parent":0,"menu_order":0,"comment_status":"closed","ping_status":"closed","template":"template-content.blade.php","meta":{"_acf_changed":false,"inline_featured_image":false,"footnotes":""},"class_list":["post-379","page","type-page","status-publish","hentry"],"acf":[],"_links":{"self":[{"href":"https:\/\/stara.pikaluna.com\/hu\/wp-json\/wp\/v2\/pages\/379","targetHints":{"allow":["GET"]}}],"collection":[{"href":"https:\/\/stara.pikaluna.com\/hu\/wp-json\/wp\/v2\/pages"}],"about":[{"href":"https:\/\/stara.pikaluna.com\/hu\/wp-json\/wp\/v2\/types\/page"}],"author":[{"embeddable":true,"href":"https:\/\/stara.pikaluna.com\/hu\/wp-json\/wp\/v2\/users\/3"}],"replies":[{"embeddable":true,"href":"https:\/\/stara.pikaluna.com\/hu\/wp-json\/wp\/v2\/comments?post=379"}],"version-history":[{"count":0,"href":"https:\/\/stara.pikaluna.com\/hu\/wp-json\/wp\/v2\/pages\/379\/revisions"}],"wp:attachment":[{"href":"https:\/\/stara.pikaluna.com\/hu\/wp-json\/wp\/v2\/media?parent=379"}],"curies":[{"name":"wp","href":"https:\/\/api.w.org\/{rel}","templated":true}]}}