{"id":13480,"date":"2021-12-20T13:25:00","date_gmt":"2021-12-20T12:25:00","guid":{"rendered":"https:\/\/stara.pikaluna.com\/hu\/?page_id=13480"},"modified":"2022-11-08T11:40:47","modified_gmt":"2022-11-08T10:40:47","slug":"returns-form","status":"publish","type":"page","link":"https:\/\/stara.pikaluna.com\/hu\/returns-form\/","title":{"rendered":"Returns form"},"content":{"rendered":"<p>Annak ellen\u00e9re, hogy mi a PikaLuna-n\u00e1l arra t\u00f6reksz\u00fcnk, hogy \u00fcgyfeleinknek csak a legjobbat k\u00edn\u00e1ljuk, n\u00e9ha el\u0151fordulhat kisebb probl\u00e9ma.<\/p>\n<p>Ha rossz m\u00e9retet kapott, vagy a term\u00e9k s\u00e9r\u00fclt, vagy gy\u00e1rt\u00e1si hib\u00e1s, ne t\u00f6ltse ki az \u0171rlapot, hanem vegye fel vel\u00fcnk a kapcsolatot az <strong><a class=\"waffle-rich-text-link\" style=\"color: #ff29a9;\" href=\"mailto:info@pikaluna.com\">info@pikaluna.com<\/a><\/strong> c\u00edmen a csomag \u00e1tv\u00e9tel\u00e9t\u0151l sz\u00e1m\u00edtott 14 napon bel\u00fcl.<\/p>\n<p>Ne k\u00fcldje vissza nek\u00fcnk a csomagot, ink\u00e1bb v\u00e1rja meg v\u00e1laszunkat, hogy ki tudjuk jav\u00edtani a hib\u00e1t.<\/p>\n<p><strong>\u00d6sszegz\u00e9s:<\/strong><br \/>\n\u2014 A term\u00e9ket nem kell mosni, nem kell viselni, minden c\u00edmk\u00e9t az eredeti csomagol\u00e1sban kell elhelyezni. A term\u00e9knek foltokt\u00f3l, sz\u0151rt\u0151l \u00e9s egy\u00e9b s\u00e9r\u00fcl\u00e9sekt\u0151l mentesnek kell lennie.<br \/>\n\u2014 <span data-sheets-value=\"{&quot;1&quot;:2,&quot;2&quot;:&quot;Miut\u00e1n sikeresen visszak\u00fcldte az \u0171rlapot, k\u00fcldje vissza a term\u00e9keket az Invio d.o.o., Ljubljanska cesta 45, 1241 Kamnik, Szlov\u00e9nia c\u00edmre.&quot;}\" data-sheets-userformat=\"{&quot;2&quot;:338689,&quot;3&quot;:{&quot;1&quot;:0},&quot;11&quot;:4,&quot;12&quot;:0,&quot;14&quot;:{&quot;1&quot;:3,&quot;3&quot;:1},&quot;16&quot;:10,&quot;19&quot;:0,&quot;21&quot;:0}\">Miut\u00e1n sikeresen visszak\u00fcldte az \u0171rlapot, k\u00fcldje vissza a term\u00e9keket az Invio d.o.o., Ljubljanska cesta 45, 1241 Kamnik, Szlov\u00e9nia c\u00edmre.<\/span><br \/>\n\u2014 Nem fogadunk \u00e1tv\u00e9teli k\u00f6lts\u00e9ggel j\u00e1r\u00f3 csomagokat. A cikk visszak\u00fcld\u00e9sekor felmer\u00fcl\u0151 sz\u00e1ll\u00edt\u00e1si k\u00f6lts\u00e9gek fedez\u00e9s\u00e9r\u0151l az \u00fcgyf\u00e9lnek kell gondoskodnia. A sz\u00e1ll\u00edt\u00e1si k\u00f6lts\u00e9geket nem t\u00e9r\u00edtj\u00fck vissza.<br \/>\n\u2014 Ha b\u00e1rmilyen probl\u00e9m\u00e1d vagy k\u00e9rd\u00e9sed van, k\u00e9rj\u00fck, l\u00e9pj kapcsolatba a csapatunkkal az<a href=\"mailto:info@pikaluna.com\"><span style=\"color: #ff29a9;\"><strong> info@pikaluna.com<\/strong><\/span><\/a>\u00a0e-mail-c\u00edmen kereszt\u00fcl, \u00e9s a lehet\u0151 leghamarabb v\u00e1laszolunk.<\/p>\n","protected":false},"excerpt":{"rendered":"<p>Annak ellen\u00e9re, hogy mi a PikaLuna-n\u00e1l arra t\u00f6reksz\u00fcnk, hogy \u00fcgyfeleinknek csak a legjobbat k\u00edn\u00e1ljuk, n\u00e9ha el\u0151fordulhat kisebb probl\u00e9ma. Ha rossz m\u00e9retet kapott, vagy a term\u00e9k s\u00e9r\u00fclt, vagy gy\u00e1rt\u00e1si hib\u00e1s, ne t\u00f6ltse ki az \u0171rlapot, hanem vegye fel vel\u00fcnk a kapcsolatot az info@pikaluna.com c\u00edmen a csomag \u00e1tv\u00e9tel\u00e9t\u0151l sz\u00e1m\u00edtott 14 napon bel\u00fcl. Ne k\u00fcldje vissza nek\u00fcnk a &hellip; <a href=\"https:\/\/stara.pikaluna.com\/hu\/returns-form\/\">Continued<\/a><\/p>\n","protected":false},"author":20,"featured_media":0,"parent":0,"menu_order":0,"comment_status":"closed","ping_status":"closed","template":"template-returns-form.blade.php","meta":{"_acf_changed":false,"inline_featured_image":false,"footnotes":""},"class_list":["post-13480","page","type-page","status-publish","hentry"],"acf":[],"_links":{"self":[{"href":"https:\/\/stara.pikaluna.com\/hu\/wp-json\/wp\/v2\/pages\/13480","targetHints":{"allow":["GET"]}}],"collection":[{"href":"https:\/\/stara.pikaluna.com\/hu\/wp-json\/wp\/v2\/pages"}],"about":[{"href":"https:\/\/stara.pikaluna.com\/hu\/wp-json\/wp\/v2\/types\/page"}],"author":[{"embeddable":true,"href":"https:\/\/stara.pikaluna.com\/hu\/wp-json\/wp\/v2\/users\/20"}],"replies":[{"embeddable":true,"href":"https:\/\/stara.pikaluna.com\/hu\/wp-json\/wp\/v2\/comments?post=13480"}],"version-history":[{"count":0,"href":"https:\/\/stara.pikaluna.com\/hu\/wp-json\/wp\/v2\/pages\/13480\/revisions"}],"wp:attachment":[{"href":"https:\/\/stara.pikaluna.com\/hu\/wp-json\/wp\/v2\/media?parent=13480"}],"curies":[{"name":"wp","href":"https:\/\/api.w.org\/{rel}","templated":true}]}}