{"id":6007,"date":"2021-09-03T11:36:13","date_gmt":"2021-09-03T09:36:13","guid":{"rendered":"https:\/\/stara.pikaluna.com\/hr\/?post_type=product&#038;p=6007"},"modified":"2025-12-10T11:28:44","modified_gmt":"2025-12-10T10:28:44","slug":"mini-intense-capri","status":"publish","type":"product","link":"https:\/\/stara.pikaluna.com\/hr\/product\/mini-intense-capri\/","title":{"rendered":"Mini Intense Capri"},"content":{"rendered":"","protected":false},"excerpt":{"rendered":"<p>Super mekane, visokokvalitetne Pikaluna tajice kombiniraju jedinstveni dizajn s velikom udobno\u0161\u0107u. Pobolj\u0161ajmo standarde!<\/p>\n","protected":false},"featured_media":13032,"template":"","meta":{"_acf_changed":false,"inline_featured_image":false},"product_brand":[],"product_cat":[249,99,18],"product_tag":[],"class_list":{"0":"post-6007","1":"product","2":"type-product","3":"status-publish","4":"has-post-thumbnail","6":"product_cat-20e-and-under","7":"product_cat-all-leggings","8":"product_cat-capri","10":"first","11":"instock","12":"sale","13":"shipping-taxable","14":"purchasable","15":"product-type-variable","16":"has-default-attributes"},"bundled_by":[],"bundle_stock_status":"instock","bundle_stock_quantity":null,"bundle_virtual":false,"bundle_layout":"","bundle_add_to_cart_form_location":"","bundle_editable_in_cart":false,"bundle_sold_individually_context":"","bundle_item_grouping":"","bundle_min_size":"","bundle_max_size":"","bundle_price":[],"bundled_items":[],"bundle_sell_ids":[],"acf":[],"_links":{"self":[{"href":"https:\/\/stara.pikaluna.com\/hr\/wp-json\/wp\/v2\/product\/6007","targetHints":{"allow":["GET"]}}],"collection":[{"href":"https:\/\/stara.pikaluna.com\/hr\/wp-json\/wp\/v2\/product"}],"about":[{"href":"https:\/\/stara.pikaluna.com\/hr\/wp-json\/wp\/v2\/types\/product"}],"wp:featuredmedia":[{"embeddable":true,"href":"https:\/\/stara.pikaluna.com\/hr\/wp-json\/wp\/v2\/media\/13032"}],"wp:attachment":[{"href":"https:\/\/stara.pikaluna.com\/hr\/wp-json\/wp\/v2\/media?parent=6007"}],"wp:term":[{"taxonomy":"product_brand","embeddable":true,"href":"https:\/\/stara.pikaluna.com\/hr\/wp-json\/wp\/v2\/product_brand?post=6007"},{"taxonomy":"product_cat","embeddable":true,"href":"https:\/\/stara.pikaluna.com\/hr\/wp-json\/wp\/v2\/product_cat?post=6007"},{"taxonomy":"product_tag","embeddable":true,"href":"https:\/\/stara.pikaluna.com\/hr\/wp-json\/wp\/v2\/product_tag?post=6007"}],"curies":[{"name":"wp","href":"https:\/\/api.w.org\/{rel}","templated":true}]}}