{"id":33580,"date":"2025-05-07T00:42:58","date_gmt":"2025-05-06T22:42:58","guid":{"rendered":"https:\/\/stara.pikaluna.com\/hr\/?post_type=product&#038;p=33580"},"modified":"2025-12-10T12:05:17","modified_gmt":"2025-12-10T11:05:17","slug":"zip-jacket-etna","status":"publish","type":"product","link":"https:\/\/stara.pikaluna.com\/hr\/product\/zip-jacket-etna\/","title":{"rendered":"Zip Jakna Etna"},"content":{"rendered":"","protected":false},"excerpt":{"rendered":"<p>Super mekane, visokokvalitetne Pikaluna tajice kombiniraju jedinstveni dizajn s velikom udobno\u0161\u0107u. Pobolj\u0161ajmo standarde!<\/p>\n","protected":false},"featured_media":33586,"template":"","meta":{"_acf_changed":false,"inline_featured_image":false},"product_brand":[],"product_cat":[252,206,27,192,203,196],"product_tag":[],"class_list":{"0":"post-33580","1":"product","2":"type-product","3":"status-publish","4":"has-post-thumbnail","6":"product_cat-35e-and-under","7":"product_cat-all-long-sleeves","8":"product_cat-new","9":"product_cat-pocketflex","10":"product_cat-upper-wear","11":"product_cat-zip-jackets","13":"first","14":"instock","15":"sale","16":"shipping-taxable","17":"purchasable","18":"product-type-variable","19":"has-default-attributes"},"bundled_by":[],"bundle_stock_status":"instock","bundle_stock_quantity":null,"bundle_virtual":false,"bundle_layout":"","bundle_add_to_cart_form_location":"","bundle_editable_in_cart":false,"bundle_sold_individually_context":"","bundle_item_grouping":"","bundle_min_size":"","bundle_max_size":"","bundle_price":[],"bundled_items":[],"bundle_sell_ids":[],"acf":[],"_links":{"self":[{"href":"https:\/\/stara.pikaluna.com\/hr\/wp-json\/wp\/v2\/product\/33580","targetHints":{"allow":["GET"]}}],"collection":[{"href":"https:\/\/stara.pikaluna.com\/hr\/wp-json\/wp\/v2\/product"}],"about":[{"href":"https:\/\/stara.pikaluna.com\/hr\/wp-json\/wp\/v2\/types\/product"}],"wp:featuredmedia":[{"embeddable":true,"href":"https:\/\/stara.pikaluna.com\/hr\/wp-json\/wp\/v2\/media\/33586"}],"wp:attachment":[{"href":"https:\/\/stara.pikaluna.com\/hr\/wp-json\/wp\/v2\/media?parent=33580"}],"wp:term":[{"taxonomy":"product_brand","embeddable":true,"href":"https:\/\/stara.pikaluna.com\/hr\/wp-json\/wp\/v2\/product_brand?post=33580"},{"taxonomy":"product_cat","embeddable":true,"href":"https:\/\/stara.pikaluna.com\/hr\/wp-json\/wp\/v2\/product_cat?post=33580"},{"taxonomy":"product_tag","embeddable":true,"href":"https:\/\/stara.pikaluna.com\/hr\/wp-json\/wp\/v2\/product_tag?post=33580"}],"curies":[{"name":"wp","href":"https:\/\/api.w.org\/{rel}","templated":true}]}}