{"id":29428,"date":"2024-07-04T06:28:43","date_gmt":"2024-07-04T04:28:43","guid":{"rendered":"https:\/\/stara.pikaluna.com\/hr\/?post_type=product&#038;p=29428"},"modified":"2025-12-10T13:53:11","modified_gmt":"2025-12-10T12:53:11","slug":"glide-skirt","status":"publish","type":"product","link":"https:\/\/stara.pikaluna.com\/hr\/product\/glide-skirt\/","title":{"rendered":"Glide Suknja"},"content":{"rendered":"","protected":false},"excerpt":{"rendered":"<p>Super mekane, visokokvalitetne Pikaluna tajice kombiniraju jedinstveni dizajn s velikom udobno\u0161\u0107u. Pobolj\u0161ajmo standarde!<\/p>\n","protected":false},"featured_media":33385,"template":"","meta":{"_acf_changed":false,"inline_featured_image":false},"product_brand":[],"product_cat":[249,27,202,156,158],"product_tag":[22],"class_list":{"0":"post-29428","1":"product","2":"type-product","3":"status-publish","4":"has-post-thumbnail","6":"product_cat-20e-and-under","7":"product_cat-new","8":"product_cat-skirts","9":"product_cat-sunseeker","10":"product_cat-sunseeker-skirts","11":"product_tag-newproduct","13":"first","14":"instock","15":"sale","16":"shipping-taxable","17":"purchasable","18":"product-type-variable","19":"has-default-attributes"},"bundled_by":[],"bundle_stock_status":"instock","bundle_stock_quantity":null,"bundle_virtual":false,"bundle_layout":"","bundle_add_to_cart_form_location":"","bundle_editable_in_cart":false,"bundle_sold_individually_context":"","bundle_item_grouping":"","bundle_min_size":"","bundle_max_size":"","bundle_price":[],"bundled_items":[],"bundle_sell_ids":[],"acf":[],"_links":{"self":[{"href":"https:\/\/stara.pikaluna.com\/hr\/wp-json\/wp\/v2\/product\/29428","targetHints":{"allow":["GET"]}}],"collection":[{"href":"https:\/\/stara.pikaluna.com\/hr\/wp-json\/wp\/v2\/product"}],"about":[{"href":"https:\/\/stara.pikaluna.com\/hr\/wp-json\/wp\/v2\/types\/product"}],"wp:featuredmedia":[{"embeddable":true,"href":"https:\/\/stara.pikaluna.com\/hr\/wp-json\/wp\/v2\/media\/33385"}],"wp:attachment":[{"href":"https:\/\/stara.pikaluna.com\/hr\/wp-json\/wp\/v2\/media?parent=29428"}],"wp:term":[{"taxonomy":"product_brand","embeddable":true,"href":"https:\/\/stara.pikaluna.com\/hr\/wp-json\/wp\/v2\/product_brand?post=29428"},{"taxonomy":"product_cat","embeddable":true,"href":"https:\/\/stara.pikaluna.com\/hr\/wp-json\/wp\/v2\/product_cat?post=29428"},{"taxonomy":"product_tag","embeddable":true,"href":"https:\/\/stara.pikaluna.com\/hr\/wp-json\/wp\/v2\/product_tag?post=29428"}],"curies":[{"name":"wp","href":"https:\/\/api.w.org\/{rel}","templated":true}]}}