{"id":2000,"date":"2021-02-01T15:10:12","date_gmt":"2021-02-01T14:10:12","guid":{"rendered":"https:\/\/stara.pikaluna.com\/hr\/?post_type=product&#038;p=2000"},"modified":"2025-12-05T16:06:46","modified_gmt":"2025-12-05T15:06:46","slug":"falcon","status":"publish","type":"product","link":"https:\/\/stara.pikaluna.com\/hr\/product\/falcon\/","title":{"rendered":"Falcon"},"content":{"rendered":"","protected":false},"excerpt":{"rendered":"<p>Super mekane, visokokvalitetne Pikaluna tajice kombiniraju jedinstveni dizajn s velikom udobno\u0161\u0107u. Pobolj\u0161ajmo standarde!<\/p>\n","protected":false},"featured_media":9005,"template":"","meta":{"_acf_changed":false,"inline_featured_image":false},"product_brand":[],"product_cat":[249,99,25],"product_tag":[],"class_list":{"0":"post-2000","1":"product","2":"type-product","3":"status-publish","4":"has-post-thumbnail","6":"product_cat-20e-and-under","7":"product_cat-all-leggings","8":"product_cat-leggings","10":"first","11":"instock","12":"sale","13":"shipping-taxable","14":"purchasable","15":"product-type-variable","16":"has-default-attributes"},"bundled_by":["11303","11889"],"bundle_stock_status":"instock","bundle_stock_quantity":null,"bundle_virtual":false,"bundle_layout":"","bundle_add_to_cart_form_location":"","bundle_editable_in_cart":false,"bundle_sold_individually_context":"","bundle_item_grouping":"","bundle_min_size":"","bundle_max_size":"","bundle_price":[],"bundled_items":[],"bundle_sell_ids":[],"acf":[],"_links":{"self":[{"href":"https:\/\/stara.pikaluna.com\/hr\/wp-json\/wp\/v2\/product\/2000","targetHints":{"allow":["GET"]}}],"collection":[{"href":"https:\/\/stara.pikaluna.com\/hr\/wp-json\/wp\/v2\/product"}],"about":[{"href":"https:\/\/stara.pikaluna.com\/hr\/wp-json\/wp\/v2\/types\/product"}],"wp:featuredmedia":[{"embeddable":true,"href":"https:\/\/stara.pikaluna.com\/hr\/wp-json\/wp\/v2\/media\/9005"}],"wp:attachment":[{"href":"https:\/\/stara.pikaluna.com\/hr\/wp-json\/wp\/v2\/media?parent=2000"}],"wp:term":[{"taxonomy":"product_brand","embeddable":true,"href":"https:\/\/stara.pikaluna.com\/hr\/wp-json\/wp\/v2\/product_brand?post=2000"},{"taxonomy":"product_cat","embeddable":true,"href":"https:\/\/stara.pikaluna.com\/hr\/wp-json\/wp\/v2\/product_cat?post=2000"},{"taxonomy":"product_tag","embeddable":true,"href":"https:\/\/stara.pikaluna.com\/hr\/wp-json\/wp\/v2\/product_tag?post=2000"}],"curies":[{"name":"wp","href":"https:\/\/api.w.org\/{rel}","templated":true}]}}