{"id":391,"date":"2020-08-06T09:08:20","date_gmt":"2020-08-06T07:08:20","guid":{"rendered":"https:\/\/stara.pikaluna.com\/hr\/?page_id=391"},"modified":"2023-01-19T14:55:57","modified_gmt":"2023-01-19T13:55:57","slug":"delivery","status":"publish","type":"page","link":"https:\/\/stara.pikaluna.com\/hr\/delivery\/","title":{"rendered":"Dostava"},"content":{"rendered":"<p><strong>Dostava<\/strong><\/p>\n<p>Besplatna dostava za sve narud\u017ebe nad 70\u20ac! \ud83d\ude9a<\/p>\n<p>Gotovinom pri isporuci (pouze\u0107em) = 1,90\u20ac<\/p>\n<p><strong>Jamstvo<\/strong><br \/>\nUvijek nastojimo isporu\u010diti proizvod u savr\u0161enom stanju \u2013 ako iz bilo kojih razloga nisi potpuno zadovoljna, vratit \u0107emo ti puni iznos upla\u0107enog ili \u0107emo ti poslati novi proizvod besplatno. Bez brige, mi \u0107emo sve srediti!<\/p>\n<p>&nbsp;<\/p>\n","protected":false},"excerpt":{"rendered":"<p>Dostava Besplatna dostava za sve narud\u017ebe nad 70\u20ac! \ud83d\ude9a Gotovinom pri isporuci (pouze\u0107em) = 1,90\u20ac Jamstvo Uvijek nastojimo isporu\u010diti proizvod u savr\u0161enom stanju \u2013 ako iz bilo kojih razloga nisi potpuno zadovoljna, vratit \u0107emo ti puni iznos upla\u0107enog ili \u0107emo ti poslati novi proizvod besplatno. Bez brige, mi \u0107emo sve srediti! &nbsp;<\/p>\n","protected":false},"author":20,"featured_media":0,"parent":0,"menu_order":0,"comment_status":"closed","ping_status":"closed","template":"template-content.blade.php","meta":{"_acf_changed":false,"inline_featured_image":false,"footnotes":""},"class_list":["post-391","page","type-page","status-publish","hentry"],"acf":[],"_links":{"self":[{"href":"https:\/\/stara.pikaluna.com\/hr\/wp-json\/wp\/v2\/pages\/391","targetHints":{"allow":["GET"]}}],"collection":[{"href":"https:\/\/stara.pikaluna.com\/hr\/wp-json\/wp\/v2\/pages"}],"about":[{"href":"https:\/\/stara.pikaluna.com\/hr\/wp-json\/wp\/v2\/types\/page"}],"author":[{"embeddable":true,"href":"https:\/\/stara.pikaluna.com\/hr\/wp-json\/wp\/v2\/users\/20"}],"replies":[{"embeddable":true,"href":"https:\/\/stara.pikaluna.com\/hr\/wp-json\/wp\/v2\/comments?post=391"}],"version-history":[{"count":0,"href":"https:\/\/stara.pikaluna.com\/hr\/wp-json\/wp\/v2\/pages\/391\/revisions"}],"wp:attachment":[{"href":"https:\/\/stara.pikaluna.com\/hr\/wp-json\/wp\/v2\/media?parent=391"}],"curies":[{"name":"wp","href":"https:\/\/api.w.org\/{rel}","templated":true}]}}