{"id":379,"date":"2020-08-06T08:37:27","date_gmt":"2020-08-06T06:37:27","guid":{"rendered":"https:\/\/stara.pikaluna.com\/hr\/?page_id=379"},"modified":"2022-02-07T13:10:54","modified_gmt":"2022-02-07T12:10:54","slug":"about-us","status":"publish","type":"page","link":"https:\/\/stara.pikaluna.com\/hr\/about-us\/","title":{"rendered":"O nama"},"content":{"rendered":"<h3>Na\u0161a misija:<\/h3>\n<p>Kombinirati snagu, udobnost i kvalitetu s razvojem novih, super mekih materijala, dizajniranih u EU<\/p>\n<p>&nbsp;<\/p>\n<h3>Na\u0161a vizija:<\/h3>\n<p>Voditi u inovacijama u polju modne industrije, razvojem kvalitetnih materijala, dizajniranih u EU. \u017delimo pro\u0161iriti na\u0161 brend onim \u0161to ka\u017eu na\u0161i korisnici i omogu\u0107iti vam da rastete s nama. Te\u017eimo da na\u0161a odje\u0107a bude dijelom na\u010dinjena od recikliranih materijala &#8211; jer brinemo o na\u0161em planetu!<\/p>\n<p>&nbsp;<\/p>\n<h3>\u0160to nas \u010dini druga\u010dijima:<\/h3>\n<p>Sva je na\u0161a odje\u0107a dizajnirana u EU. Neke ste dizajne inspirirali vi, na\u0161i dragi korisnici! I to nas \u010dini druga\u010dijima &#8211; nama je doista stalo do va\u0161eg mi\u0161ljenja! \u010cujemo ga i djelujemo prema njemu! A na\u0161 je materijal ba\u0161&#8230; WOW! Ali, nemojte nam vjerovati samo na rije\u010d &#8211; isprobajte sami.<\/p>\n<p>&nbsp;<\/p>\n<p><img decoding=\"async\" class=\"alignnone wp-image-800\" src=\"https:\/\/stara.pikaluna.com\/hr\/wp-content\/uploads\/sites\/9\/2020\/08\/Pikaluna_280720-141-min-1-600x400.jpg\" alt=\"\" width=\"788\" height=\"524\" srcset=\"https:\/\/stara.pikaluna.com\/hr\/wp-content\/uploads\/sites\/9\/2020\/08\/Pikaluna_280720-141-min-1-600x400.jpg 600w, https:\/\/stara.pikaluna.com\/hr\/wp-content\/uploads\/sites\/9\/2020\/08\/Pikaluna_280720-141-min-1-1200x800.jpg 1200w, https:\/\/stara.pikaluna.com\/hr\/wp-content\/uploads\/sites\/9\/2020\/08\/Pikaluna_280720-141-min-1-768x512.jpg 768w, https:\/\/stara.pikaluna.com\/hr\/wp-content\/uploads\/sites\/9\/2020\/08\/Pikaluna_280720-141-min-1-1536x1024.jpg 1536w\" sizes=\"(max-width: 788px) 100vw, 788px\" \/><\/p>\n<p>&nbsp;<\/p>\n<p>Invio d.o.o. je trgova\u010dka tvrtka koje zastupa me\u0111unarodnu marku PIKALUNA.<\/p>\n<p>Trg komandanta Staneta 8<\/p>\n<p>1000 Ljubljana<\/p>\n<p>Slovenija<\/p>\n<p><a href=\"mailto:info@pikaluna.com\">info@pikaluna.com<\/a><\/p>\n","protected":false},"excerpt":{"rendered":"<p>Na\u0161a misija: Kombinirati snagu, udobnost i kvalitetu s razvojem novih, super mekih materijala, dizajniranih u EU &nbsp; Na\u0161a vizija: Voditi u inovacijama u polju modne industrije, razvojem kvalitetnih materijala, dizajniranih u EU. \u017delimo pro\u0161iriti na\u0161 brend onim \u0161to ka\u017eu na\u0161i korisnici i omogu\u0107iti vam da rastete s nama. Te\u017eimo da na\u0161a odje\u0107a bude dijelom na\u010dinjena &hellip; <a href=\"https:\/\/stara.pikaluna.com\/hr\/about-us\/\">Continued<\/a><\/p>\n","protected":false},"author":3,"featured_media":0,"parent":0,"menu_order":0,"comment_status":"closed","ping_status":"closed","template":"template-content.blade.php","meta":{"_acf_changed":false,"inline_featured_image":false,"footnotes":""},"class_list":["post-379","page","type-page","status-publish","hentry"],"acf":[],"_links":{"self":[{"href":"https:\/\/stara.pikaluna.com\/hr\/wp-json\/wp\/v2\/pages\/379","targetHints":{"allow":["GET"]}}],"collection":[{"href":"https:\/\/stara.pikaluna.com\/hr\/wp-json\/wp\/v2\/pages"}],"about":[{"href":"https:\/\/stara.pikaluna.com\/hr\/wp-json\/wp\/v2\/types\/page"}],"author":[{"embeddable":true,"href":"https:\/\/stara.pikaluna.com\/hr\/wp-json\/wp\/v2\/users\/3"}],"replies":[{"embeddable":true,"href":"https:\/\/stara.pikaluna.com\/hr\/wp-json\/wp\/v2\/comments?post=379"}],"version-history":[{"count":0,"href":"https:\/\/stara.pikaluna.com\/hr\/wp-json\/wp\/v2\/pages\/379\/revisions"}],"wp:attachment":[{"href":"https:\/\/stara.pikaluna.com\/hr\/wp-json\/wp\/v2\/media?parent=379"}],"curies":[{"name":"wp","href":"https:\/\/api.w.org\/{rel}","templated":true}]}}