{"id":366,"date":"2020-08-05T15:59:48","date_gmt":"2020-08-05T13:59:48","guid":{"rendered":"https:\/\/stara.pikaluna.com\/hr\/?page_id=366"},"modified":"2023-05-08T11:57:07","modified_gmt":"2023-05-08T09:57:07","slug":"faq","status":"publish","type":"page","link":"https:\/\/stara.pikaluna.com\/hr\/faq\/","title":{"rendered":"\u010cesto postavljana pitanja"},"content":{"rendered":"<p>&nbsp;<\/p>\n<h3>TAJICE<\/h3>\n<p>&nbsp;<\/p>\n<h4>Kako oprati PikaLuna odje\u0107u?<\/h4>\n<p>Preporu\u010damo pranje na 30 stupnjeva na programu za osjetljivo rublje. Prije pranja okrenite odjevni predmet tako da otisak bude s unutarnje strane. Ne savjetujemo su\u0161enje u su\u0161ilici. Osim tablice veli\u010dina, mo\u017eete prona\u0107i i svojstva i sastav materijala, kao i upute za pranje za svaki pojedini artikl.<\/p>\n<h4>Jesu li tajice prozirne?<\/h4>\n<p>PikaLuna tajice su neprozirne. Me\u0111utim, potrebno je odabrati odgovaraju\u0107u veli\u010dinu kako bi se izbjeglo prekomjerno istezanje materijala, \u0161to mo\u017ee dovesti do djelomi\u010dne prozirnosti.<\/p>\n<h4>Jesu li PikaLuna tajice prikladne za trudnice?<\/h4>\n<p>Da, PikaLuna tajice su izuzetno rastezljive i udobne te nje\u017eno prianjaju uz trbu\u0161\u010di\u0107 bez osje\u0107aja stezanja.<\/p>\n<h4>Jesu li PikaLuna tajice i za vje\u017ebanje?<\/h4>\n<p>Da, prikladne su za sve prilike, uklju\u010duju\u0107i i tjelovje\u017ebu.<br \/>\n&nbsp;<\/p>\n<h3>NARUD\u017dBA<\/h3>\n<p>&nbsp;<\/p>\n<h4>Kako mogu izvr\u0161iti narud\u017ebu?<\/h4>\n<p>Naru\u010divanje je vrlo jednostavno:<br \/>\n1. Dodajte odabrane proizvode u svoju ko\u0161aricu.<br \/>\n2. Nakon \u0161to ste dodali proizvod u ko\u0161aricu, otvorit \u0107e se sko\u010dni prozor u kojem mo\u017eete nastaviti s kupnjom ili zavr\u0161iti narud\u017ebu.<br \/>\n3. Nakon \u0161to ste odlu\u010dili dovr\u0161iti svoju narud\u017ebu, ispunite svoje podatke za dostavu i odaberite na\u010din pla\u0107anja.<br \/>\n4. Narud\u017ebu mo\u017eete predati klikom na gumb &#8220;Zavr\u0161i narud\u017ebu&#8221;.<\/p>\n<h4>\u0160to trebam u\u010diniti ako proizvod koji \u017eelim vi\u0161e nije dostupan?<\/h4>\n<p>Stalno obnavljamo zalihe, tako da mo\u017eete pri\u010dekati tjedan ili dva da se zalihe obnove. Ukoliko \u017eelite znati to\u010dan datum kada sti\u017eu nove zalihe za odre\u0111eni artikl, mo\u017eete nas kontaktirati na <strong><a href=\"mailto:info@pikaluna.com\">info@pikaluna.com<\/a><\/strong> i rado \u0107emo odgovoriti na va\u0161 upit.<\/p>\n<h4>\u0160to se doga\u0111a kada naru\u010dim?<\/h4>\n<p>Nakon \u0161to izvr\u0161ite narud\u017ebu, primit \u0107ete potvrdu e-po\u0161tom koja \u0107e sadr\u017eavati proizvode koje ste naru\u010dili, adresu za naplatu i dostavu te na\u010din pla\u0107anja koji ste odabrali. Ako ne prona\u0111ete potvrdnu e-po\u0161tu, tako\u0111er provjerite svoju ne\u017eeljenu po\u0161tu. Kona\u010dno, va\u0161a narud\u017eba \u0107e biti isporu\u010dena i nadamo se da \u0107ete se zabaviti sa svojim novim komadima. U slu\u010daju da niste zadovoljni kupnjom, mo\u017eete jednostavno pokrenuti proces povrata.<\/p>\n<h4>Kako mogu otkazati svoju narud\u017ebu?<\/h4>\n<p>Za otkazivanje obratite se na <strong><a href=\"mailto:info@pikaluna.com\">info@pikaluna.com<\/a><\/strong> Otkazivanje je mogu\u0107e samo ako narud\u017eba jo\u0161 nije obra\u0111ena u na\u0161em skladi\u0161tu. Na\u0161e skladi\u0161te je vrlo brzo u obradi narud\u017ebi, tako da je mogu\u0107e da otkazivanje narud\u017ebe bude mogu\u0107e samo nekoliko sati nakon \u0161to je narud\u017eba poslana.<\/p>\n<h4>Postoji li minimalna vrijednost narud\u017ebe?<\/h4>\n<p>Ne postoji op\u0107a minimalna vrijednost narud\u017ebe u PikaLuni. Me\u0111utim, za odre\u0111ene opcije pla\u0107anja postoji minimalna vrijednost narud\u017ebe, o kojoj \u0107ete biti obavije\u0161teni ako je primjenjiva.<\/p>\n<h4>Postoji li maksimalna vrijednost narud\u017ebe?<\/h4>\n<p>Ne postoji op\u0107a najve\u0107a vrijednost narud\u017ebe u PikaLuni. Vrijednost ovisi o odabranom na\u010dinu pla\u0107anja.<br \/>\n&nbsp;<\/p>\n<h3>PLA\u0106ANJE<\/h3>\n<p>&nbsp;<\/p>\n<h4>\u0160to zna\u010de IBAN i BIC?<\/h4>\n<p>IBAN (International Bank Account Number) je broj koji zamjenjuje sve podatke o nacionalnom ra\u010dunu (kao \u0161to je broj ra\u010duna i \u0161ifra banke u Njema\u010dkoj). BIC (Business Identifier Code) je me\u0111unarodno standardizirani bankovni kod (sli\u010dno bankovnom usmjeravaju\u0107em kodu) koji jasno identificira pru\u017eatelje usluga pla\u0107anja diljem svijeta.<\/p>\n<h4>Gdje je CVC na mojoj kreditnoj kartici?<\/h4>\n<p>Troznamenkasti sigurnosni kod nalazi se na pole\u0111ini kartice.<\/p>\n<h4>Kako se prikazuje PDV?<\/h4>\n<p>Porez na dodanu vrijednost (PDV) obra\u010dunava se posebno na svakom ra\u010dunu.<\/p>\n<h4>Za\u0161to je moje pla\u0107anje kreditnom karticom odbijeno?<\/h4>\n<p>Mo\u017ee postojati nekoliko razloga za\u0161to je pla\u0107anje va\u0161om kreditnom karticom odbijeno. Na primjer, pogre\u0161ka pri tipkanju, neva\u017ee\u0107a kartica, nedostaju\u0107a potvrda ili tehni\u010dka pogre\u0161ka na na\u0161oj web stranici. Drago nam je \u0161to vam mo\u017eemo ponuditi sljede\u0107e alternativne opcije pla\u0107anja: PayPal, poklon kartica &#8230; ili nas kontaktirajte na <strong><a href=\"mailto:info@pikaluna.com\">info@pikaluna.com<\/a><\/strong> i mi \u0107emo vam pomo\u0107i rije\u0161iti problem.<\/p>\n<h4>Kada i kako \u0107u dobiti svoj ra\u010dun?<\/h4>\n<p>Ra\u010dun \u0107ete dobiti e-po\u0161tom \u010dim svi proizvodi koje ste naru\u010dili budu otpremljeni.<\/p>\n<h4>Ho\u0107u li nakon uplate dobiti potvrdu?<\/h4>\n<p>Ako ste kao na\u010din pla\u0107anja odabrali PayPal ili kreditnu karticu, Va\u0161a \u0107e narud\u017eba biti dovr\u0161ena tek nakon \u0161to je proces pla\u0107anja uspje\u0161no zavr\u0161en. Potvrda o pla\u0107anju pojavit \u0107e se u va\u0161em pregledniku nakon zavr\u0161etka cijelog procesa.<\/p>\n<h4>Koje na\u010dine pla\u0107anja prihva\u0107ate?<\/h4>\n<p>Mo\u017eete birati izme\u0111u sljede\u0107ih opcija pla\u0107anja: pouze\u0107em, kreditnom karticom (Visa, Mastercard) i PayPal.<\/p>\n<h4>Kada \u0107e moja kreditna kartica biti tere\u0107ena?<\/h4>\n<p>Proces pla\u0107anja automatski rezervira kupljene proizvode. Va\u0161a \u0107e kreditna kartica biti tere\u0107ena za puni iznos va\u0161ih kupnji kada se proizvodi po\u0161alju.<\/p>\n<h4>Mogu li platiti na rate?<\/h4>\n<p>Na\u017ealost, pla\u0107anje na rate nije mogu\u0107e.<br \/>\n&nbsp;<\/p>\n<h3>KOD ZA POPUST<\/h3>\n<p>&nbsp;<\/p>\n<h4>Kako mogu iskoristiti kod vau\u010dera?<\/h4>\n<p>Nakon \u0161to imate proizvode u ko\u0161arici, idite na blagajnu i jednostavno unesite kod kupona u polje &#8220;Kod kupona&#8221;. Na\u0107i \u0107ete ga s desne strane.<br \/>\nUkupan iznos va\u0161e narud\u017ebe bit \u0107e odmah umanjen za vrijednost vouchera. Zatim dovr\u0161avate narud\u017ebu.<\/p>\n<h4>Moj kod vau\u010dera ne radi. \u0160to se doga\u0111a?<\/h4>\n<p>Mo\u017ee postojati nekoliko razloga za\u0161to kod va\u0161eg vau\u010dera ne radi:<br \/>\n1. Vau\u010der je ve\u0107 iskori\u0161ten, tako da vi\u0161e nema sredstava.<br \/>\n2. Vau\u010der je povezan s ra\u010dunom odre\u0111enog kupca.<br \/>\n3. Vau\u010der je vezan uz minimalnu i\/ili maksimalnu vrijednost narud\u017ebe.<br \/>\nUkoliko imate pitanja, obratite nam se na <strong><a href=\"mailto:info@pikaluna.com\">info@pikaluna.com<\/a><\/strong>.<br \/>\n&nbsp;<\/p>\n<h3>POKLON KARTICE<\/h3>\n<p>&nbsp;<\/p>\n<h4>Gdje mogu kupiti darovnu karticu?<\/h4>\n<p>Poklon karticu mo\u017eete naru\u010diti putem na\u0161e web stranice (<strong><a href=\"https:\/\/stara.pikaluna.com\/hr\/product-category\/gift-card\/\" target=\"_blank\" rel=\"noopener\">https:\/\/stara.pikaluna.com\/hr\/product-category\/gift-card\/<\/a><\/strong>) ili kontaktiranjem putem e-maila (<strong><a href=\"mailto:info@pikaluna.com\">info@pikaluna.com<\/a><\/strong>).<\/p>\n<h4>\u0160to se doga\u0111a ako izgubim darovnu karticu ili unesem pogre\u0161nu adresu e-po\u0161te na svoj ra\u010dun?<\/h4>\n<p>Kontaktirajte nas na <strong><a href=\"mailto:info@pikaluna.com\">info@pikaluna.com<\/a><\/strong> i provjerit \u0107emo to\u010dan kod vouchera i email. Me\u0111utim, ne prihva\u0107amo nikakvu odgovornost za gubitak, kra\u0111u, o\u0161te\u0107enje, ne\u010ditljivost ili neovla\u0161teno kori\u0161tenje va\u0161e darovne kartice.<\/p>\n<h4>Kako mogu iskoristiti svoju darovnu karticu?<\/h4>\n<p>Svoju darovnu karticu mo\u017eete iskoristiti u online trgovini. Poklon kartica vrijedi godinu dana, a minimalna vrijednost narud\u017ebe u trenutku iskori\u0161tenja je vrijednost darovne kartice.<br \/>\nSvoju darovnu karticu mo\u017eete iskoristiti ba\u0161 kao kod vouchera. Nakon \u0161to imate proizvode u ko\u0161arici, tijekom procesa naplate dodajte kod darovne kartice u polje &#8220;Kod kupona&#8221;. Vrijednost darovne kartice bit \u0107e odbijena od ukupnog iznosa narud\u017ebe.<\/p>\n<h4>\u0160to se doga\u0111a ako po\u0161aljem natrag naru\u010dene proizvode?<\/h4>\n<p>Naravno, mo\u017eete vratiti proizvode koji vam se ne svi\u0111aju. Ako je narud\u017eba pla\u0107ena darovnom karticom, iznos povrata bit \u0107e vra\u0107en na va\u0161u darovnu karticu \u010dim primimo va\u0161e vra\u0107ene proizvode. Ako iznos narud\u017ebe prema\u0161uje vrijednost va\u0161e darovne kartice, iznos povrata \u0107e vam biti vra\u0107en putem druge opcije pla\u0107anja koju ste odabrali \u010dim primimo va\u0161e vra\u0107ene proizvode. Imajte na umu da \u0107e se povrat sredstava putem drugog odabranog na\u010dina pla\u0107anja izvr\u0161iti samo do iznosa koji je izvorno pla\u0107en tim na\u010dinom pla\u0107anja. Ako nakon povrata ostane bilo kakav iznos, bit \u0107e pripisan va\u0161oj darovnoj kartici.<\/p>\n<h4>\u0160to se doga\u0111a ako je vrijednost moje narud\u017ebe ve\u0107a od vrijednosti moje poklon kartice?<\/h4>\n<p>Nema problema. Ako iznos va\u0161e narud\u017ebe prema\u0161uje vrijednost va\u0161e darovne kartice, od vas \u0107e se automatski tra\u017eiti da odaberete dodatni na\u010din pla\u0107anja za pla\u0107anje preostalog iznosa va\u0161e narud\u017ebe.<br \/>\nImajte na umu da iako mo\u017eete imati vi\u0161e darovnih kartica povezanih sa svojom adresom e-po\u0161te, samo jednu mo\u017eete iskoristiti odjednom.<\/p>\n<h4>Mogu li iskoristiti svoju darovnu karticu za postoje\u0107u narud\u017ebu?<\/h4>\n<p>Poklon kartice nije mogu\u0107e iskoristiti retroaktivno. Poklon kartice se ne mogu zamijeniti. Svoju darovnu karticu mo\u017eete iskoristiti za sljede\u0107u narud\u017ebu.<\/p>\n<h4>Mogu li iskoristiti kod za popust prilikom kupnje darovne kartice?<\/h4>\n<p>Kodovi za popust ili druge promocije ne mogu se primijeniti na kupnju darovnih kartica.<br \/>\n&nbsp;<\/p>\n<h3>SLANJE I DOSTAVA<\/h3>\n<p>&nbsp;<\/p>\n<h4>Koliko traje dostava?<\/h4>\n<p>Vrijeme isporuke ovisi o zemlji iz koje dolazite:<br \/>\nAustrija, Njema\u010dka, Poljska, Rumunjska: 5-7 radnih dana;<br \/>\n\u010ce\u0161ka, Slova\u010dka: 4-6 radnih dana;<br \/>\nSlovenija, Hrvatska, Italija: 3-4 radna dana.<br \/>\nUkoliko imamo ve\u0107i broj narud\u017ebi, rok isporuke se mo\u017ee produljiti za dan-dva.<\/p>\n<h4>Kako mogu pratiti svoju narud\u017ebu?<\/h4>\n<p>Status svoje narud\u017ebe mo\u017eete provjeriti pored potvrde otpreme koju ste primili e-po\u0161tom. Za svaki paket koji vam bude poslan primit \u0107ete potvrdu o otpremi koja \u0107e sadr\u017eavati i poveznicu za pra\u0107enje paketa. Tako da uvijek znate gdje je va\u0161a po\u0161iljka i koliko \u0107e vremena trebati da stigne.<\/p>\n<h4>Kako mogu provjeriti jesam li izvr\u0161io ispravnu narud\u017ebu?<\/h4>\n<p>Mo\u017eete provjeriti je li va\u0161a narud\u017eba ispravna slanjem e-po\u0161te s potvrdom narud\u017ebe. Ako ne mo\u017eete prona\u0107i e-po\u0161tu, provjerite i spam.<br \/>\nAko imate dodatnih pitanja o svojoj narud\u017ebi, u bilo kojem trenutku mo\u017eete kontaktirati na\u0161u slu\u017ebu za korisnike putem e-po\u0161te na <strong><a href=\"mailto:info@pikaluna.com\">info@pikaluna.com<\/a><\/strong> i rado \u0107emo vam pomo\u0107i.<\/p>\n<h4>\u0160to mogu u\u010diniti ako dobijem o\u0161te\u0107en proizvod?<\/h4>\n<p>Ukoliko uo\u010dite nedostatak ili o\u0161te\u0107enje na tajicama koje niste vi uzrokovali, javite nam se na <strong><a href=\"mailto:info@pikaluna.com\">info@pikaluna.com<\/a><\/strong> u roku od 14 dana od primitka paketa. Molimo vas da paket ne \u0161aljete natrag na na\u0161u adresu, ve\u0107 pri\u010dekajte na\u0161 odgovor i mi \u0107emo u skladu s tim ispraviti kvar.<\/p>\n<h4>Mo\u017ee li se adresa za dostavu razlikovati od adrese za naplatu?<\/h4>\n<p>Va\u0161a narud\u017eba mo\u017ee biti isporu\u010dena na adresu koja se razlikuje od adrese za naplatu, npr. Va\u0161e radno mjesto. Jednostavno odaberite &#8220;Dostaviti na drugu adresu?&#8221; i unesite \u017eeljenu adresu za dostavu.<\/p>\n<h4>Mogu li promijeniti adresu dostave nakon \u0161to dovr\u0161im narud\u017ebu?<\/h4>\n<p>Nadamo se da razumijete da ne mo\u017eemo promijeniti va\u0161u PikaLuna adresu za dostavu za narud\u017ebu koja je ve\u0107 potvr\u0111ena. Budu\u0107i da narud\u017ebe obra\u0111ujemo odmah, ne mo\u017eemo jam\u010diti da \u0107e se detalji promijeniti na vrijeme. U slu\u010daju da se navedena adresa ne mo\u017ee prona\u0107i ili se paket ne mo\u017ee isporu\u010diti, bit \u0107e nam poslan natrag. Nakon povrata i pregleda, kredit \u0107e biti vra\u0107en odabranom metodom.<br \/>\n&nbsp;<\/p>\n<h3>POVRAT PROIZVODA I NOVCA<\/h3>\n<p>&nbsp;<\/p>\n<h4>Kako mogu vratiti svoju narud\u017ebu?<\/h4>\n<p>Prilikom povrata artikla potrebno je ispuniti obrazac koji se nalazi ovdje: <strong><a href=\"https:\/\/stara.pikaluna.com\/hr\/returns-form\/\" target=\"_blank\" rel=\"noopener\">https:\/\/stara.pikaluna.com\/hr\/returns-form\/<\/a><\/strong>. Obrazac ne morate ispisivati jer \u0107e biti poslan na na\u0161u e-mail adresu. Ako imate bilo kakvih problema ili pitanja, obratite se na\u0161em timu na <strong><a href=\"mailto:info@pikaluna.com\">info@pikaluna.com<\/a><\/strong> i mi \u0107emo vam se javiti u najkra\u0107em mogu\u0107em roku.<\/p>\n<h4>\u0160to ako mi se ne svide tajice koje sam naru\u010dio?<\/h4>\n<p>Ako proizvod koji smo isporu\u010dili ne ispunjava va\u0161a o\u010dekivanja, mo\u017eete ga vratiti. Ne prihva\u0107amo otkupne pakete. Tro\u0161kove po\u0161tarine povrata proizvoda snosi kupac, te tro\u0161kove ne vra\u0107amo. Molimo koristite povratnicu s navo\u0111enjem razloga povrata. Sve va\u017ene informacije o povratu mo\u017eete prona\u0107i pod &#8220;Kako mogu vratiti svoju narud\u017ebu?&#8221;. Povrat vrijednosti narud\u017ebe vr\u0161imo istim na\u010dinom pla\u0107anja kojim je narud\u017eba pla\u0107ena \u010dim paket stigne i bude pregledan. Ako ste naru\u010dili pla\u0107anje pouze\u0107em, prilikom ispunjavanja obrasca za povrat morate navesti i broj kreditne kartice na koju mo\u017eemo izvr\u0161iti povrat vrijednosti va\u0161e narud\u017ebe.<\/p>\n<h4>Koliko je obi\u010dno potrebno da se dobije povrat novca?<\/h4>\n<p>U roku od 14 dana nakon \u0161to paket stigne i kada ga pregledamo, pokrenut \u0107emo proces povrata putem odgovaraju\u0107eg sredstva pla\u0107anja.<\/p>\n<h4>Je li mogu\u0107a direktna zamjena vra\u0107enog proizvoda?<\/h4>\n<p>Na\u017ealost, izravna zamjena vra\u0107enog proizvoda nije mogu\u0107a. Nakon \u0161to je paket vra\u0107en i pregledan, mo\u017eemo vam poslati zamjenski ili vratiti kupovnu cijenu proizvoda &#8211; stanje \u0107e biti dodijeljeno putem va\u0161eg odabranog na\u010dina pla\u0107anja.<\/p>\n<h4>Kako mogu podnijeti reklamaciju na proizvod?<\/h4>\n<p>Ukoliko uo\u010dite nedostatak ili o\u0161te\u0107enje na tajicama koje niste vi uzrokovali, javite nam se na <strong><a href=\"mailto:info@pikaluna.com\">info@pikaluna.com<\/a><\/strong> u roku od 14 dana od primitka paketa. Ne \u0161aljite paket natrag na na\u0161u adresu, ve\u0107 pri\u010dekajte na\u0161 odgovor i mi \u0107emo u skladu s tim ispraviti kvar.<\/p>\n<h4>Kako \u0107u dobiti naknadu?<\/h4>\n<p>Va\u0161a \u0107e kupoprodajna cijena biti vra\u0107ena istim na\u010dinom pla\u0107anja koji ste odabrali za kupnju. U slu\u010daju pla\u0107anja karticom, vra\u0107amo iznos na va\u0161 bankovni ra\u010dun. Za PayPal pla\u0107anja, povrat \u0107e biti izvr\u0161en na va\u0161 PayPal ra\u010dun. Ako ste naru\u010dili pla\u0107anje pouze\u0107em, kontaktirat \u0107emo vas kako bismo vam dali broj kreditne kartice na koju mo\u017eemo izvr\u0161iti povrat vrijednosti va\u0161e narud\u017ebe.<\/p>\n<h4>Na koju adresu trebam poslati povratni paket?<\/h4>\n<p>Proizvode vratite na INVIO d.o.o, Ljubljanska cesta 45, 1241 Kamnik, Slovenija.<br \/>\n&nbsp;<\/p>\n<h3>OSTALO<\/h3>\n<p>&nbsp;<\/p>\n<h4>Kako prona\u0107i pravu veli\u010dinu ili kroj?<\/h4>\n<p>Kako biste bili sigurni da ste odabrali pravu veli\u010dinu, provjerite na\u0161u tablicu veli\u010dina prije naru\u010divanja. Uzmite svoje mjere i usporedite ih s na\u0161om tablicom veli\u010dina. Ako ste izme\u0111u veli\u010dina i ne znate koju odabrati, kontaktirajte nas na <strong><a href=\"mailto:info@pikaluna.com\">info@pikaluna.com<\/a><\/strong> i mi \u0107emo vam pomo\u0107i.<\/p>\n<h4>Kako se mogu pretplatiti na newsletter?<\/h4>\n<p>Ako ne \u017eelite propustiti nijednu od na\u0161ih najnovijih ponuda, pretplatite se na na\u0161 besplatni bilten. Da biste to u\u010dinili, ozna\u010dite &#8220;Pretplatite se na na\u0161 newsletter&#8221; ispod podataka o isporuci kada dovr\u0161ite kupnju. Zatim \u0107emo vam poslati e-poruku s molbom da potvrdite svoju registraciju na newsletter.<\/p>\n<h4>Koliko \u010desto \u0107u primati bilten?<\/h4>\n<p>Na\u0161 newsletter objavljujemo samo povremeno. Osobito u slu\u010daju posebnih ponuda poput rasprodaja, obnavljanja zaliha ili novopristiglih artikala koje nikako ne smijete propustiti.<\/p>\n<h4>Kako vam mogu poslati svoje prijedloge i povratne informacije?<\/h4>\n<p>Pozdravljamo va\u0161e povratne informacije, kritike i pohvale. Po\u0161aljite nam e-mail na <strong><a href=\"mailto:info@pikaluna.com\">info@pikaluna.com<\/a><\/strong>. Javit \u0107emo vam se u svakom slu\u010daju.<\/p>\n<h4>\u0160to mogu u\u010diniti ako imam tehni\u010dkih problema s web stranicom?<\/h4>\n<p>Uvijek nastojimo u\u010diniti va\u0161e iskustvo kupnje izvrsnim. Ako postoji bilo kakav tehni\u010dki problem ili se \u010dini da ne\u0161to ne radi kako bi trebalo, bili bismo vam zahvalni ako biste nas kontaktirali kako bismo mogli rije\u0161iti problem. Po\u0161aljite poruku na <strong><a href=\"mailto:info@pikaluna.com\">info@pikaluna.com<\/a><\/strong> i ne zaboravite prilo\u017eiti snimak zaslona. Preporu\u010damo kori\u0161tenje najnovije verzije va\u0161eg preglednika za kori\u0161tenje svih zna\u010dajki na\u0161e online trgovine. Molimo provjerite koristite li najnoviju verziju svog web preglednika, je li JavaScript omogu\u0107en i jesu li kola\u010di\u0107i dopu\u0161teni.<\/p>\n","protected":false},"excerpt":{"rendered":"<p>&nbsp; TAJICE &nbsp; Kako oprati PikaLuna odje\u0107u? Preporu\u010damo pranje na 30 stupnjeva na programu za osjetljivo rublje. Prije pranja okrenite odjevni predmet tako da otisak bude s unutarnje strane. Ne savjetujemo su\u0161enje u su\u0161ilici. Osim tablice veli\u010dina, mo\u017eete prona\u0107i i svojstva i sastav materijala, kao i upute za pranje za svaki pojedini artikl. Jesu li &hellip; <a href=\"https:\/\/stara.pikaluna.com\/hr\/faq\/\">Continued<\/a><\/p>\n","protected":false},"author":20,"featured_media":0,"parent":0,"menu_order":0,"comment_status":"closed","ping_status":"closed","template":"template-content.blade.php","meta":{"_acf_changed":false,"inline_featured_image":false,"footnotes":""},"class_list":["post-366","page","type-page","status-publish","hentry"],"acf":[],"_links":{"self":[{"href":"https:\/\/stara.pikaluna.com\/hr\/wp-json\/wp\/v2\/pages\/366","targetHints":{"allow":["GET"]}}],"collection":[{"href":"https:\/\/stara.pikaluna.com\/hr\/wp-json\/wp\/v2\/pages"}],"about":[{"href":"https:\/\/stara.pikaluna.com\/hr\/wp-json\/wp\/v2\/types\/page"}],"author":[{"embeddable":true,"href":"https:\/\/stara.pikaluna.com\/hr\/wp-json\/wp\/v2\/users\/20"}],"replies":[{"embeddable":true,"href":"https:\/\/stara.pikaluna.com\/hr\/wp-json\/wp\/v2\/comments?post=366"}],"version-history":[{"count":0,"href":"https:\/\/stara.pikaluna.com\/hr\/wp-json\/wp\/v2\/pages\/366\/revisions"}],"wp:attachment":[{"href":"https:\/\/stara.pikaluna.com\/hr\/wp-json\/wp\/v2\/media?parent=366"}],"curies":[{"name":"wp","href":"https:\/\/api.w.org\/{rel}","templated":true}]}}