{"id":10415,"date":"2021-12-20T13:25:43","date_gmt":"2021-12-20T12:25:43","guid":{"rendered":"https:\/\/stara.pikaluna.com\/hr\/?page_id=10415"},"modified":"2022-11-08T11:03:54","modified_gmt":"2022-11-08T10:03:54","slug":"returns-form","status":"publish","type":"page","link":"https:\/\/stara.pikaluna.com\/hr\/returns-form\/","title":{"rendered":"Returns form"},"content":{"rendered":"<p>Iako mi u PikaLuni nastojimo svojim kupcima ponuditi samo najbolje, tu i tamo mo\u017ee se desiti pogre\u0161ka.<\/p>\n<p>Ako ste primili pogre\u0161nu veli\u010dinu, ako je proizvod o\u0161te\u0107en ili ima tvorni\u010dku pogre\u0161ku, nemojte ispunjavati obrazac i kontaktirajte nas na<strong> <a class=\"waffle-rich-text-link\" style=\"color: #ff29a9;\" href=\"mailto:info@pikaluna.com\">info@pikaluna.com<\/a><\/strong> u roku od 14 dana od primitka paketa.<\/p>\n<p>Molimo da ne \u0161aljete paket natrag, ve\u0107 pri\u010dekate na\u0161 odgovor kako bismo mogli otkloniti pogre\u0161ku.<\/p>\n<p><strong>Sa\u017eetak:<\/strong><br \/>\n\u2014 Proizvod mora biti neopran, neno\u0161en i sa svim oznakama u originalnoj ambala\u017ei. Proizvod tako\u0111er mora biti bez mrlja, kose ili bilo kakvih drugih o\u0161te\u0107enja.<br \/>\n\u2014 Nakon \u0161to ste uspje\u0161no poslali obrazac za povrat, po\u0161aljite proizvode natrag na adresu Invio d.o.o., Ljubljanska cesta 45, 1241 Kamnik, Slovenija.<br \/>\n\u2014 Ne prihva\u0107amo pakete s otkupom. Kupac je odgovoran za pla\u0107anje vlastitih tro\u0161kova dostave za vra\u0107anje svog predmeta. Tro\u0161kovi dostave su nepovratni.<br \/>\n\u2014 Ako imate bilo kakvih problema ili pitanja, obratite se na\u0161em timu na<span style=\"color: #ff29a9;\"><strong><a href=\"mailto:info@pikaluna.com\"> info@pikaluna.com<\/a>,<\/strong><\/span>\u00a0a mi \u0107emo Vam odgovoriti \u0161to je prije mogu\u0107e.<\/p>\n","protected":false},"excerpt":{"rendered":"<p>Iako mi u PikaLuni nastojimo svojim kupcima ponuditi samo najbolje, tu i tamo mo\u017ee se desiti pogre\u0161ka. Ako ste primili pogre\u0161nu veli\u010dinu, ako je proizvod o\u0161te\u0107en ili ima tvorni\u010dku pogre\u0161ku, nemojte ispunjavati obrazac i kontaktirajte nas na info@pikaluna.com u roku od 14 dana od primitka paketa. Molimo da ne \u0161aljete paket natrag, ve\u0107 pri\u010dekate na\u0161 &hellip; <a href=\"https:\/\/stara.pikaluna.com\/hr\/returns-form\/\">Continued<\/a><\/p>\n","protected":false},"author":20,"featured_media":0,"parent":0,"menu_order":0,"comment_status":"closed","ping_status":"closed","template":"template-returns-form.blade.php","meta":{"_acf_changed":false,"inline_featured_image":false,"footnotes":""},"class_list":["post-10415","page","type-page","status-publish","hentry"],"acf":[],"_links":{"self":[{"href":"https:\/\/stara.pikaluna.com\/hr\/wp-json\/wp\/v2\/pages\/10415","targetHints":{"allow":["GET"]}}],"collection":[{"href":"https:\/\/stara.pikaluna.com\/hr\/wp-json\/wp\/v2\/pages"}],"about":[{"href":"https:\/\/stara.pikaluna.com\/hr\/wp-json\/wp\/v2\/types\/page"}],"author":[{"embeddable":true,"href":"https:\/\/stara.pikaluna.com\/hr\/wp-json\/wp\/v2\/users\/20"}],"replies":[{"embeddable":true,"href":"https:\/\/stara.pikaluna.com\/hr\/wp-json\/wp\/v2\/comments?post=10415"}],"version-history":[{"count":0,"href":"https:\/\/stara.pikaluna.com\/hr\/wp-json\/wp\/v2\/pages\/10415\/revisions"}],"wp:attachment":[{"href":"https:\/\/stara.pikaluna.com\/hr\/wp-json\/wp\/v2\/media?parent=10415"}],"curies":[{"name":"wp","href":"https:\/\/api.w.org\/{rel}","templated":true}]}}