{"id":11886,"date":"2022-06-08T21:00:47","date_gmt":"2022-06-08T19:00:47","guid":{"rendered":"https:\/\/stara.pikaluna.com\/de\/?post_type=product&#038;p=11886"},"modified":"2025-12-05T16:07:56","modified_gmt":"2025-12-05T15:07:56","slug":"blush-tropical-kurzaermeliger-sweater","status":"publish","type":"product","link":"https:\/\/stara.pikaluna.com\/de\/product\/blush-tropical-kurzaermeliger-sweater\/","title":{"rendered":"Blush Tropical Kurz\u00e4rmeliger Sweater"},"content":{"rendered":"","protected":false},"excerpt":{"rendered":"<p><strong>Gr\u00f6\u00dfe des Models:<\/strong>\u00a0170 cm<br \/>\n<strong>Das Model tr\u00e4gt die Gr\u00f6\u00dfe:<\/strong>\u00a0S<\/p>\n","protected":false},"featured_media":17819,"template":"","meta":{"_acf_changed":false,"inline_featured_image":false},"product_brand":[],"product_cat":[246,253,78,24],"product_tag":[],"class_list":{"0":"post-11886","1":"product","2":"type-product","3":"status-publish","4":"has-post-thumbnail","6":"product_cat-10e-and-under","7":"product_cat-cotton","8":"product_cat-cotton-short-sleave-sweaters","9":"product_cat-outlet","11":"first","12":"instock","13":"sale","14":"shipping-taxable","15":"purchasable","16":"product-type-variable","17":"has-default-attributes"},"bundled_by":["12804"],"bundle_stock_status":"instock","bundle_stock_quantity":null,"bundle_virtual":false,"bundle_layout":"","bundle_add_to_cart_form_location":"","bundle_editable_in_cart":false,"bundle_sold_individually_context":"","bundle_item_grouping":"","bundle_min_size":"","bundle_max_size":"","bundle_price":[],"bundled_items":[],"bundle_sell_ids":[],"acf":[],"_links":{"self":[{"href":"https:\/\/stara.pikaluna.com\/de\/wp-json\/wp\/v2\/product\/11886","targetHints":{"allow":["GET"]}}],"collection":[{"href":"https:\/\/stara.pikaluna.com\/de\/wp-json\/wp\/v2\/product"}],"about":[{"href":"https:\/\/stara.pikaluna.com\/de\/wp-json\/wp\/v2\/types\/product"}],"wp:featuredmedia":[{"embeddable":true,"href":"https:\/\/stara.pikaluna.com\/de\/wp-json\/wp\/v2\/media\/17819"}],"wp:attachment":[{"href":"https:\/\/stara.pikaluna.com\/de\/wp-json\/wp\/v2\/media?parent=11886"}],"wp:term":[{"taxonomy":"product_brand","embeddable":true,"href":"https:\/\/stara.pikaluna.com\/de\/wp-json\/wp\/v2\/product_brand?post=11886"},{"taxonomy":"product_cat","embeddable":true,"href":"https:\/\/stara.pikaluna.com\/de\/wp-json\/wp\/v2\/product_cat?post=11886"},{"taxonomy":"product_tag","embeddable":true,"href":"https:\/\/stara.pikaluna.com\/de\/wp-json\/wp\/v2\/product_tag?post=11886"}],"curies":[{"name":"wp","href":"https:\/\/api.w.org\/{rel}","templated":true}]}}