{"id":11517,"date":"2022-06-07T17:06:47","date_gmt":"2022-06-07T15:06:47","guid":{"rendered":"https:\/\/stara.pikaluna.com\/de\/?post_type=product&#038;p=11517"},"modified":"2025-12-10T14:04:56","modified_gmt":"2025-12-10T13:04:56","slug":"sea-palm-shorts","status":"publish","type":"product","link":"https:\/\/stara.pikaluna.com\/de\/product\/sea-palm-shorts\/","title":{"rendered":"Sea Palm Shorts"},"content":{"rendered":"","protected":false},"excerpt":{"rendered":"<p><strong>Gr\u00f6\u00dfe des Models:<\/strong>\u00a0170 cm<br \/>\n<strong>Das Model tr\u00e4gt die Gr\u00f6\u00dfe:<\/strong>\u00a0S<\/p>\n","protected":false},"featured_media":18015,"template":"","meta":{"_acf_changed":false,"inline_featured_image":false},"product_brand":[],"product_cat":[246,253,70,24],"product_tag":[],"class_list":{"0":"post-11517","1":"product","2":"type-product","3":"status-publish","4":"has-post-thumbnail","6":"product_cat-10e-and-under","7":"product_cat-cotton","8":"product_cat-cotton-shorts","9":"product_cat-outlet","11":"first","12":"instock","13":"sale","14":"shipping-taxable","15":"purchasable","16":"product-type-variable","17":"has-default-attributes"},"bundled_by":["12847"],"bundle_stock_status":"instock","bundle_stock_quantity":null,"bundle_virtual":false,"bundle_layout":"","bundle_add_to_cart_form_location":"","bundle_editable_in_cart":false,"bundle_sold_individually_context":"","bundle_item_grouping":"","bundle_min_size":"","bundle_max_size":"","bundle_price":[],"bundled_items":[],"bundle_sell_ids":[],"acf":[],"_links":{"self":[{"href":"https:\/\/stara.pikaluna.com\/de\/wp-json\/wp\/v2\/product\/11517","targetHints":{"allow":["GET"]}}],"collection":[{"href":"https:\/\/stara.pikaluna.com\/de\/wp-json\/wp\/v2\/product"}],"about":[{"href":"https:\/\/stara.pikaluna.com\/de\/wp-json\/wp\/v2\/types\/product"}],"wp:featuredmedia":[{"embeddable":true,"href":"https:\/\/stara.pikaluna.com\/de\/wp-json\/wp\/v2\/media\/18015"}],"wp:attachment":[{"href":"https:\/\/stara.pikaluna.com\/de\/wp-json\/wp\/v2\/media?parent=11517"}],"wp:term":[{"taxonomy":"product_brand","embeddable":true,"href":"https:\/\/stara.pikaluna.com\/de\/wp-json\/wp\/v2\/product_brand?post=11517"},{"taxonomy":"product_cat","embeddable":true,"href":"https:\/\/stara.pikaluna.com\/de\/wp-json\/wp\/v2\/product_cat?post=11517"},{"taxonomy":"product_tag","embeddable":true,"href":"https:\/\/stara.pikaluna.com\/de\/wp-json\/wp\/v2\/product_tag?post=11517"}],"curies":[{"name":"wp","href":"https:\/\/api.w.org\/{rel}","templated":true}]}}