{"id":8790,"date":"2021-12-20T13:22:40","date_gmt":"2021-12-20T12:22:40","guid":{"rendered":"https:\/\/stara.pikaluna.com\/de\/?page_id=8790"},"modified":"2022-11-08T11:44:06","modified_gmt":"2022-11-08T10:44:06","slug":"returns-form","status":"publish","type":"page","link":"https:\/\/stara.pikaluna.com\/de\/returns-form\/","title":{"rendered":"Returns form"},"content":{"rendered":"<p>Auch wenn wir bei PikaLuna bestrebt sind, unseren Kunden nur das Beste zu bieten, kann ein Missgeschick hier und da nicht ausgeschlossen werden.<\/p>\n<p>Wenn Sie eine falsche Gr\u00f6\u00dfe erhalten haben, das Produkt besch\u00e4digt ist oder einen Herstellungsfehler aufweist, f\u00fcllen Sie das Formular nicht aus und kontaktieren Sie uns innerhalb von 14 Tagen nach Erhalt des Pakets unter <strong><a class=\"waffle-rich-text-link\" style=\"color: #ff29a9;\" href=\"mailto:info@pikaluna.com\">info@pikaluna.com<\/a><\/strong>.<\/p>\n<p>Schicken Sie das Paket nicht an uns zur\u00fcck, sondern warten Sie auf unsere Antwort, damit wir den Mangel beheben k\u00f6nnen.<\/p>\n<p><strong>Zusammenfassung:<\/strong><br \/>\n\u2014 Das Produkt muss sich ungewaschen, ungetragen und mit allen Etiketten intakt in der Originalverpackung befinden. Das Produkt muss auch frei von Flecken, Haaren und anderen Sch\u00e4den sein.<br \/>\n\u2014 <span data-sheets-value=\"{&quot;1&quot;:2,&quot;2&quot;:&quot;Nachdem Sie das R\u00fcckgabeformular erfolgreich ausgef\u00fcllt haben, senden Sie die Produkte an Invio d.o.o., Ljubljanska cesta 45, 1241 Kamnik, Slowenien.&quot;}\" data-sheets-userformat=\"{&quot;2&quot;:8961,&quot;3&quot;:{&quot;1&quot;:0},&quot;11&quot;:4,&quot;12&quot;:0,&quot;16&quot;:10}\">Nachdem Sie das R\u00fcckgabeformular erfolgreich ausgef\u00fcllt haben, senden Sie die Produkte an Invio d.o.o., Ljubljanska cesta 45, 1241 Kamnik, Slowenien.<\/span><br \/>\n\u2014 Wir akzeptieren keine Sendungen per Nachnahme. Der Kunde hat die eigenen R\u00fccksendekosten selbst zu tragen. Eine Erstattung von R\u00fccksendekosten ist nicht vorgesehen.<br \/>\n\u2014 Wenn du Probleme oder Fragen hast, kontaktiere bitte unser Team unter <span style=\"color: #ff29a9;\"><strong>\u00a0<a href=\"mailto:info@pikaluna.com\">info@pikaluna.com<\/a><\/strong><\/span>\u00a0und wir werden dir so schnell wie m\u00f6glich antworten.<\/p>\n","protected":false},"excerpt":{"rendered":"<p>Auch wenn wir bei PikaLuna bestrebt sind, unseren Kunden nur das Beste zu bieten, kann ein Missgeschick hier und da nicht ausgeschlossen werden. Wenn Sie eine falsche Gr\u00f6\u00dfe erhalten haben, das Produkt besch\u00e4digt ist oder einen Herstellungsfehler aufweist, f\u00fcllen Sie das Formular nicht aus und kontaktieren Sie uns innerhalb von 14 Tagen nach Erhalt des &hellip; <a href=\"https:\/\/stara.pikaluna.com\/de\/returns-form\/\">Continued<\/a><\/p>\n","protected":false},"author":20,"featured_media":0,"parent":0,"menu_order":0,"comment_status":"closed","ping_status":"closed","template":"template-returns-form.blade.php","meta":{"_acf_changed":false,"inline_featured_image":false,"footnotes":""},"class_list":["post-8790","page","type-page","status-publish","hentry"],"acf":[],"_links":{"self":[{"href":"https:\/\/stara.pikaluna.com\/de\/wp-json\/wp\/v2\/pages\/8790","targetHints":{"allow":["GET"]}}],"collection":[{"href":"https:\/\/stara.pikaluna.com\/de\/wp-json\/wp\/v2\/pages"}],"about":[{"href":"https:\/\/stara.pikaluna.com\/de\/wp-json\/wp\/v2\/types\/page"}],"author":[{"embeddable":true,"href":"https:\/\/stara.pikaluna.com\/de\/wp-json\/wp\/v2\/users\/20"}],"replies":[{"embeddable":true,"href":"https:\/\/stara.pikaluna.com\/de\/wp-json\/wp\/v2\/comments?post=8790"}],"version-history":[{"count":0,"href":"https:\/\/stara.pikaluna.com\/de\/wp-json\/wp\/v2\/pages\/8790\/revisions"}],"wp:attachment":[{"href":"https:\/\/stara.pikaluna.com\/de\/wp-json\/wp\/v2\/media?parent=8790"}],"curies":[{"name":"wp","href":"https:\/\/api.w.org\/{rel}","templated":true}]}}