{"id":379,"date":"2020-08-06T08:37:27","date_gmt":"2020-08-06T06:37:27","guid":{"rendered":"https:\/\/stara.pikaluna.com\/de\/?page_id=379"},"modified":"2022-02-07T13:09:25","modified_gmt":"2022-02-07T12:09:25","slug":"about-us","status":"publish","type":"page","link":"https:\/\/stara.pikaluna.com\/de\/about-us\/","title":{"rendered":"\u00dcber uns"},"content":{"rendered":"<h3>Unser Auftrag:<\/h3>\n<p>Wir kombinieren mit neuen, superweichen Materialien, die in der EU entwickelt werden, Haltbarkeit, Komfort und Qualit\u00e4t.<\/p>\n<p>&nbsp;<\/p>\n<h3>Unsere Vision:<\/h3>\n<p>Wir wollen mit hochwertigen Materialien, die in der EU entwickelt werden, eine Vorreiterrolle in der Modebranche einnehmen. Unsere Marke soll auf Basis des Feedbacks unserer Kundinnen wachsen. Wir wollen, dass jede Kundin mit uns w\u00e4chst. Wir streben danach, dass unsere Kleidung zum Teil aus recycelten Materialien hergestellt wird &#8211; denn wir k\u00fcmmern uns um unseren Planeten!<\/p>\n<p>&nbsp;<\/p>\n<h3>Was uns anders macht:<\/h3>\n<p>Alle unsere Kleidungsst\u00fccke werden in der EU entworfen. Einige Designs wurden sogar von euch angeregt, unseren lieben Kundinnen! Und das ist es, was uns auszeichnet: Deine Meinung ist uns wirklich wichtig! Wir haben ein Ohr f\u00fcr euch und wir ber\u00fccksichtigen euer Feedback! Au\u00dferdem sidn unsere Stoffe einfach &#8230; WOW! Aber vertraue nicht nur auf unsere Worte \u2013 probiere es selbst aus.<\/p>\n<p>&nbsp;<\/p>\n<p><img decoding=\"async\" class=\"alignnone wp-image-800\" src=\"https:\/\/stara.pikaluna.com\/de\/wp-content\/uploads\/sites\/6\/2020\/08\/Pikaluna_280720-141-min-1-600x400.jpg\" alt=\"\" width=\"788\" height=\"524\" srcset=\"https:\/\/stara.pikaluna.com\/de\/wp-content\/uploads\/sites\/6\/2020\/08\/Pikaluna_280720-141-min-1-600x400.jpg 600w, https:\/\/stara.pikaluna.com\/de\/wp-content\/uploads\/sites\/6\/2020\/08\/Pikaluna_280720-141-min-1-1200x800.jpg 1200w, https:\/\/stara.pikaluna.com\/de\/wp-content\/uploads\/sites\/6\/2020\/08\/Pikaluna_280720-141-min-1-768x512.jpg 768w, https:\/\/stara.pikaluna.com\/de\/wp-content\/uploads\/sites\/6\/2020\/08\/Pikaluna_280720-141-min-1-1536x1024.jpg 1536w\" sizes=\"(max-width: 788px) 100vw, 788px\" \/><\/p>\n<p>&nbsp;<\/p>\n<p>Invio d.o.o. ist ein Handelsunternehmen, das die internationale Marke PIKALUNA vertreibt.<\/p>\n<p>Full name of the company INVIO D.O.O<\/p>\n<p>Address TRG KOMANDANTA STANETA 8, 1000 LJUBLJANA, SLOVENIA<\/p>\n<p>Phone: 08 651 904 2130<\/p>\n<p>Email\u00a0 <a href=\"mailto:INFO@PIKALUNA.COM\" target=\"_blank\" rel=\"noopener\">INFO@PIKALUNA.COM<\/a><\/p>\n<p>Registration number +<u><\/u><u><\/u>86 743 61 000<\/p>\n<p>The owner name ALJAZ STER<\/p>\n","protected":false},"excerpt":{"rendered":"<p>Unser Auftrag: Wir kombinieren mit neuen, superweichen Materialien, die in der EU entwickelt werden, Haltbarkeit, Komfort und Qualit\u00e4t. &nbsp; Unsere Vision: Wir wollen mit hochwertigen Materialien, die in der EU entwickelt werden, eine Vorreiterrolle in der Modebranche einnehmen. Unsere Marke soll auf Basis des Feedbacks unserer Kundinnen wachsen. Wir wollen, dass jede Kundin mit uns &hellip; <a href=\"https:\/\/stara.pikaluna.com\/de\/about-us\/\">Continued<\/a><\/p>\n","protected":false},"author":3,"featured_media":0,"parent":0,"menu_order":0,"comment_status":"closed","ping_status":"closed","template":"template-content.blade.php","meta":{"_acf_changed":false,"inline_featured_image":false,"footnotes":""},"class_list":["post-379","page","type-page","status-publish","hentry"],"acf":[],"_links":{"self":[{"href":"https:\/\/stara.pikaluna.com\/de\/wp-json\/wp\/v2\/pages\/379","targetHints":{"allow":["GET"]}}],"collection":[{"href":"https:\/\/stara.pikaluna.com\/de\/wp-json\/wp\/v2\/pages"}],"about":[{"href":"https:\/\/stara.pikaluna.com\/de\/wp-json\/wp\/v2\/types\/page"}],"author":[{"embeddable":true,"href":"https:\/\/stara.pikaluna.com\/de\/wp-json\/wp\/v2\/users\/3"}],"replies":[{"embeddable":true,"href":"https:\/\/stara.pikaluna.com\/de\/wp-json\/wp\/v2\/comments?post=379"}],"version-history":[{"count":0,"href":"https:\/\/stara.pikaluna.com\/de\/wp-json\/wp\/v2\/pages\/379\/revisions"}],"wp:attachment":[{"href":"https:\/\/stara.pikaluna.com\/de\/wp-json\/wp\/v2\/media?parent=379"}],"curies":[{"name":"wp","href":"https:\/\/api.w.org\/{rel}","templated":true}]}}