{"id":4358,"date":"2020-12-08T14:26:07","date_gmt":"2020-12-08T13:26:07","guid":{"rendered":"https:\/\/stara.pikaluna.com\/cz\/?post_type=product&#038;p=4358"},"modified":"2025-12-10T12:03:54","modified_gmt":"2025-12-10T11:03:54","slug":"camo","status":"publish","type":"product","link":"https:\/\/stara.pikaluna.com\/cz\/product\/camo\/","title":{"rendered":"Camo"},"content":{"rendered":"","protected":false},"excerpt":{"rendered":"<p>Pr\u00e9miov\u00e9 m\u011bkk\u00e9 leg\u00edny Pikaluna, jedine\u010dn\u00fd design ve spojen\u00ed s pohodl\u00edm. Pozvedaj\u00ed standard!<\/p>\n","protected":false},"featured_media":44851,"template":"","meta":{"_acf_changed":false,"inline_featured_image":false},"product_brand":[],"product_cat":[274,119,33,35],"product_tag":[],"class_list":{"0":"post-4358","1":"product","2":"type-product","3":"status-publish","4":"has-post-thumbnail","6":"product_cat-20e-and-under","7":"product_cat-all-leggings","8":"product_cat-leggings","9":"product_cat-new","11":"first","12":"instock","13":"sale","14":"shipping-taxable","15":"purchasable","16":"product-type-variable","17":"has-default-attributes"},"bundled_by":["38790","64163"],"bundle_stock_status":"instock","bundle_stock_quantity":null,"bundle_virtual":false,"bundle_layout":"","bundle_add_to_cart_form_location":"","bundle_editable_in_cart":false,"bundle_sold_individually_context":"","bundle_item_grouping":"","bundle_min_size":"","bundle_max_size":"","bundle_price":[],"bundled_items":[],"bundle_sell_ids":[],"acf":[],"_links":{"self":[{"href":"https:\/\/stara.pikaluna.com\/cz\/wp-json\/wp\/v2\/product\/4358","targetHints":{"allow":["GET"]}}],"collection":[{"href":"https:\/\/stara.pikaluna.com\/cz\/wp-json\/wp\/v2\/product"}],"about":[{"href":"https:\/\/stara.pikaluna.com\/cz\/wp-json\/wp\/v2\/types\/product"}],"wp:featuredmedia":[{"embeddable":true,"href":"https:\/\/stara.pikaluna.com\/cz\/wp-json\/wp\/v2\/media\/44851"}],"wp:attachment":[{"href":"https:\/\/stara.pikaluna.com\/cz\/wp-json\/wp\/v2\/media?parent=4358"}],"wp:term":[{"taxonomy":"product_brand","embeddable":true,"href":"https:\/\/stara.pikaluna.com\/cz\/wp-json\/wp\/v2\/product_brand?post=4358"},{"taxonomy":"product_cat","embeddable":true,"href":"https:\/\/stara.pikaluna.com\/cz\/wp-json\/wp\/v2\/product_cat?post=4358"},{"taxonomy":"product_tag","embeddable":true,"href":"https:\/\/stara.pikaluna.com\/cz\/wp-json\/wp\/v2\/product_tag?post=4358"}],"curies":[{"name":"wp","href":"https:\/\/api.w.org\/{rel}","templated":true}]}}