{"id":37239,"date":"2021-10-13T11:02:48","date_gmt":"2021-10-13T09:02:48","guid":{"rendered":"https:\/\/stara.pikaluna.com\/cz\/?post_type=product&#038;p=37239"},"modified":"2025-12-10T12:03:57","modified_gmt":"2025-12-10T11:03:57","slug":"galaxy-kids","status":"publish","type":"product","link":"https:\/\/stara.pikaluna.com\/cz\/product\/galaxy-kids\/","title":{"rendered":"Dlouh\u00e9 D\u011btsk\u00e9 Leg\u00edny Galaxy"},"content":{"rendered":"","protected":false},"excerpt":{"rendered":"<p>Super jemn\u00e9 a pohodln\u00e9. Va\u0161e d\u011bti mohou uk\u00e1zat svou m\u00f3dn\u00ed str\u00e1nku a u\u017e\u00edvat si pohodl\u00ed na ka\u017ed\u00e9m kroku!<\/p>\n","protected":false},"featured_media":45932,"template":"","meta":{"_acf_changed":false,"inline_featured_image":false},"product_brand":[],"product_cat":[273,24,239],"product_tag":[29],"class_list":{"0":"post-37239","1":"product","2":"type-product","3":"status-publish","4":"has-post-thumbnail","6":"product_cat-15e-and-under","7":"product_cat-kids-all-products","8":"product_cat-kids-long-leggings","9":"product_tag-best-seller","11":"first","12":"instock","13":"sale","14":"shipping-taxable","15":"purchasable","16":"product-type-variable","17":"has-default-attributes"},"bundled_by":["37756","37346","99127"],"bundle_stock_status":"instock","bundle_stock_quantity":null,"bundle_virtual":false,"bundle_layout":"","bundle_add_to_cart_form_location":"","bundle_editable_in_cart":false,"bundle_sold_individually_context":"","bundle_item_grouping":"","bundle_min_size":"","bundle_max_size":"","bundle_price":[],"bundled_items":[],"bundle_sell_ids":[],"acf":[],"_links":{"self":[{"href":"https:\/\/stara.pikaluna.com\/cz\/wp-json\/wp\/v2\/product\/37239","targetHints":{"allow":["GET"]}}],"collection":[{"href":"https:\/\/stara.pikaluna.com\/cz\/wp-json\/wp\/v2\/product"}],"about":[{"href":"https:\/\/stara.pikaluna.com\/cz\/wp-json\/wp\/v2\/types\/product"}],"wp:featuredmedia":[{"embeddable":true,"href":"https:\/\/stara.pikaluna.com\/cz\/wp-json\/wp\/v2\/media\/45932"}],"wp:attachment":[{"href":"https:\/\/stara.pikaluna.com\/cz\/wp-json\/wp\/v2\/media?parent=37239"}],"wp:term":[{"taxonomy":"product_brand","embeddable":true,"href":"https:\/\/stara.pikaluna.com\/cz\/wp-json\/wp\/v2\/product_brand?post=37239"},{"taxonomy":"product_cat","embeddable":true,"href":"https:\/\/stara.pikaluna.com\/cz\/wp-json\/wp\/v2\/product_cat?post=37239"},{"taxonomy":"product_tag","embeddable":true,"href":"https:\/\/stara.pikaluna.com\/cz\/wp-json\/wp\/v2\/product_tag?post=37239"}],"curies":[{"name":"wp","href":"https:\/\/api.w.org\/{rel}","templated":true}]}}