{"id":245454,"date":"2025-07-18T13:41:37","date_gmt":"2025-07-18T11:41:37","guid":{"rendered":"https:\/\/stara.pikaluna.com\/cz\/?post_type=product&#038;p=245454"},"modified":"2025-12-05T16:16:25","modified_gmt":"2025-12-05T15:16:25","slug":"short-jumpsuit-dits-etna","status":"publish","type":"product","link":"https:\/\/stara.pikaluna.com\/cz\/product\/short-jumpsuit-dits-etna\/","title":{"rendered":"Kr\u00e1tk\u00e1 Kombin\u00e9za Dits Etna"},"content":{"rendered":"","protected":false},"excerpt":{"rendered":"<p>Pr\u00e9miov\u00e9 m\u011bkk\u00e9 leg\u00edny Pikaluna, jedine\u010dn\u00fd design ve spojen\u00ed s pohodl\u00edm. Pozvedaj\u00ed standard!<\/p>\n","protected":false},"featured_media":245649,"template":"","meta":{"_acf_changed":false,"inline_featured_image":false},"product_brand":[],"product_cat":[274,280,234,233,35],"product_tag":[],"class_list":{"0":"post-245454","1":"product","2":"type-product","3":"status-publish","4":"has-post-thumbnail","6":"product_cat-20e-and-under","7":"product_cat-final-sale","8":"product_cat-jumpsuits","9":"product_cat-jumpsuits-and-dresses","10":"product_cat-new","12":"first","13":"instock","14":"sale","15":"shipping-taxable","16":"purchasable","17":"product-type-variable","18":"has-default-attributes"},"bundled_by":[],"bundle_stock_status":"instock","bundle_stock_quantity":null,"bundle_virtual":false,"bundle_layout":"","bundle_add_to_cart_form_location":"","bundle_editable_in_cart":false,"bundle_sold_individually_context":"","bundle_item_grouping":"","bundle_min_size":"","bundle_max_size":"","bundle_price":[],"bundled_items":[],"bundle_sell_ids":[],"acf":[],"_links":{"self":[{"href":"https:\/\/stara.pikaluna.com\/cz\/wp-json\/wp\/v2\/product\/245454","targetHints":{"allow":["GET"]}}],"collection":[{"href":"https:\/\/stara.pikaluna.com\/cz\/wp-json\/wp\/v2\/product"}],"about":[{"href":"https:\/\/stara.pikaluna.com\/cz\/wp-json\/wp\/v2\/types\/product"}],"wp:featuredmedia":[{"embeddable":true,"href":"https:\/\/stara.pikaluna.com\/cz\/wp-json\/wp\/v2\/media\/245649"}],"wp:attachment":[{"href":"https:\/\/stara.pikaluna.com\/cz\/wp-json\/wp\/v2\/media?parent=245454"}],"wp:term":[{"taxonomy":"product_brand","embeddable":true,"href":"https:\/\/stara.pikaluna.com\/cz\/wp-json\/wp\/v2\/product_brand?post=245454"},{"taxonomy":"product_cat","embeddable":true,"href":"https:\/\/stara.pikaluna.com\/cz\/wp-json\/wp\/v2\/product_cat?post=245454"},{"taxonomy":"product_tag","embeddable":true,"href":"https:\/\/stara.pikaluna.com\/cz\/wp-json\/wp\/v2\/product_tag?post=245454"}],"curies":[{"name":"wp","href":"https:\/\/api.w.org\/{rel}","templated":true}]}}