{"id":242270,"date":"2025-06-21T23:11:43","date_gmt":"2025-06-21T21:11:43","guid":{"rendered":"https:\/\/stara.pikaluna.com\/cz\/?post_type=product&#038;p=242270"},"modified":"2025-12-10T13:53:43","modified_gmt":"2025-12-10T12:53:43","slug":"kids-biker-leggings-blossom","status":"publish","type":"product","link":"https:\/\/stara.pikaluna.com\/cz\/product\/kids-biker-leggings-blossom\/","title":{"rendered":"D\u011btsk\u00e9 Biker \u0160ortky Blossom"},"content":{"rendered":"","protected":false},"excerpt":{"rendered":"","protected":false},"featured_media":242275,"template":"","meta":{"_acf_changed":false,"inline_featured_image":false},"product_brand":[],"product_cat":[273,280,24,238,35],"product_tag":[],"class_list":{"0":"post-242270","1":"product","2":"type-product","3":"status-publish","4":"has-post-thumbnail","6":"product_cat-15e-and-under","7":"product_cat-final-sale","8":"product_cat-kids-all-products","9":"product_cat-kids-biker-shorts","10":"product_cat-new","12":"first","13":"instock","14":"sale","15":"shipping-taxable","16":"purchasable","17":"product-type-variable","18":"has-default-attributes"},"bundled_by":[],"bundle_stock_status":"instock","bundle_stock_quantity":null,"bundle_virtual":false,"bundle_layout":"","bundle_add_to_cart_form_location":"","bundle_editable_in_cart":false,"bundle_sold_individually_context":"","bundle_item_grouping":"","bundle_min_size":"","bundle_max_size":"","bundle_price":[],"bundled_items":[],"bundle_sell_ids":[],"acf":[],"_links":{"self":[{"href":"https:\/\/stara.pikaluna.com\/cz\/wp-json\/wp\/v2\/product\/242270","targetHints":{"allow":["GET"]}}],"collection":[{"href":"https:\/\/stara.pikaluna.com\/cz\/wp-json\/wp\/v2\/product"}],"about":[{"href":"https:\/\/stara.pikaluna.com\/cz\/wp-json\/wp\/v2\/types\/product"}],"wp:featuredmedia":[{"embeddable":true,"href":"https:\/\/stara.pikaluna.com\/cz\/wp-json\/wp\/v2\/media\/242275"}],"wp:attachment":[{"href":"https:\/\/stara.pikaluna.com\/cz\/wp-json\/wp\/v2\/media?parent=242270"}],"wp:term":[{"taxonomy":"product_brand","embeddable":true,"href":"https:\/\/stara.pikaluna.com\/cz\/wp-json\/wp\/v2\/product_brand?post=242270"},{"taxonomy":"product_cat","embeddable":true,"href":"https:\/\/stara.pikaluna.com\/cz\/wp-json\/wp\/v2\/product_cat?post=242270"},{"taxonomy":"product_tag","embeddable":true,"href":"https:\/\/stara.pikaluna.com\/cz\/wp-json\/wp\/v2\/product_tag?post=242270"}],"curies":[{"name":"wp","href":"https:\/\/api.w.org\/{rel}","templated":true}]}}