{"id":236521,"date":"2025-05-09T11:43:01","date_gmt":"2025-05-09T09:43:01","guid":{"rendered":"https:\/\/stara.pikaluna.com\/cz\/?post_type=product&#038;p=236521"},"modified":"2025-12-10T12:05:37","modified_gmt":"2025-12-10T11:05:37","slug":"dits-flow-pants","status":"publish","type":"product","link":"https:\/\/stara.pikaluna.com\/cz\/product\/dits-flow-pants\/","title":{"rendered":"Dits Flow Kalhoty"},"content":{"rendered":"","protected":false},"excerpt":{"rendered":"<p>Pr\u00e9miov\u00e9 m\u011bkk\u00e9 leg\u00edny Pikaluna, jedine\u010dn\u00fd design ve spojen\u00ed s pohodl\u00edm. Pozvedaj\u00ed standard!<\/p>\n","protected":false},"featured_media":236526,"template":"","meta":{"_acf_changed":false,"inline_featured_image":false},"product_brand":[],"product_cat":[275,222,35,226,175,176],"product_tag":[],"class_list":{"0":"post-236521","1":"product","2":"type-product","3":"status-publish","4":"has-post-thumbnail","6":"product_cat-25e-and-under","7":"product_cat-flow-pants","8":"product_cat-new","9":"product_cat-pants","10":"product_cat-sunseeker","11":"product_cat-sunseeker-pants","13":"first","14":"instock","15":"sale","16":"shipping-taxable","17":"purchasable","18":"product-type-variable","19":"has-default-attributes"},"bundled_by":[],"bundle_stock_status":"instock","bundle_stock_quantity":null,"bundle_virtual":false,"bundle_layout":"","bundle_add_to_cart_form_location":"","bundle_editable_in_cart":false,"bundle_sold_individually_context":"","bundle_item_grouping":"","bundle_min_size":"","bundle_max_size":"","bundle_price":[],"bundled_items":[],"bundle_sell_ids":[],"acf":[],"_links":{"self":[{"href":"https:\/\/stara.pikaluna.com\/cz\/wp-json\/wp\/v2\/product\/236521","targetHints":{"allow":["GET"]}}],"collection":[{"href":"https:\/\/stara.pikaluna.com\/cz\/wp-json\/wp\/v2\/product"}],"about":[{"href":"https:\/\/stara.pikaluna.com\/cz\/wp-json\/wp\/v2\/types\/product"}],"wp:featuredmedia":[{"embeddable":true,"href":"https:\/\/stara.pikaluna.com\/cz\/wp-json\/wp\/v2\/media\/236526"}],"wp:attachment":[{"href":"https:\/\/stara.pikaluna.com\/cz\/wp-json\/wp\/v2\/media?parent=236521"}],"wp:term":[{"taxonomy":"product_brand","embeddable":true,"href":"https:\/\/stara.pikaluna.com\/cz\/wp-json\/wp\/v2\/product_brand?post=236521"},{"taxonomy":"product_cat","embeddable":true,"href":"https:\/\/stara.pikaluna.com\/cz\/wp-json\/wp\/v2\/product_cat?post=236521"},{"taxonomy":"product_tag","embeddable":true,"href":"https:\/\/stara.pikaluna.com\/cz\/wp-json\/wp\/v2\/product_tag?post=236521"}],"curies":[{"name":"wp","href":"https:\/\/api.w.org\/{rel}","templated":true}]}}