{"id":196053,"date":"2024-05-14T18:48:32","date_gmt":"2024-05-14T16:48:32","guid":{"rendered":"https:\/\/stara.pikaluna.com\/cz\/?post_type=product&#038;p=196053"},"modified":"2025-12-10T12:04:49","modified_gmt":"2025-12-10T11:04:49","slug":"sweats-mesh-capri-etna","status":"publish","type":"product","link":"https:\/\/stara.pikaluna.com\/cz\/product\/sweats-mesh-capri-etna\/","title":{"rendered":"Sweats Mesh Capri Etna"},"content":{"rendered":"","protected":false},"excerpt":{"rendered":"<p>Super hebk\u00e9 a vysoce kvalitn\u00ed PikaLuna tepl\u00e1ky jsou kombinac\u00ed unik\u00e1tn\u00edho designu a skv\u011bl\u00e9ho pohodl\u00ed. Spole\u010dn\u011b m\u016f\u017eeme zv\u00fd\u0161it standardy!<\/p>\n","protected":false},"featured_media":202225,"template":"","meta":{"_acf_changed":false,"inline_featured_image":false},"product_brand":[],"product_cat":[275,124,170,171,35,53],"product_tag":[30],"class_list":{"0":"post-196053","1":"product","2":"type-product","3":"status-publish","4":"has-post-thumbnail","6":"product_cat-25e-and-under","7":"product_cat-all-sweat-pants","8":"product_cat-mesh","9":"product_cat-mesh-sweats","10":"product_cat-new","11":"product_cat-sweat-pants","12":"product_tag-newproduct","14":"first","15":"instock","16":"sale","17":"shipping-taxable","18":"purchasable","19":"product-type-variable"},"bundled_by":[],"bundle_stock_status":"instock","bundle_stock_quantity":null,"bundle_virtual":false,"bundle_layout":"","bundle_add_to_cart_form_location":"","bundle_editable_in_cart":false,"bundle_sold_individually_context":"","bundle_item_grouping":"","bundle_min_size":"","bundle_max_size":"","bundle_price":[],"bundled_items":[],"bundle_sell_ids":[],"acf":[],"_links":{"self":[{"href":"https:\/\/stara.pikaluna.com\/cz\/wp-json\/wp\/v2\/product\/196053","targetHints":{"allow":["GET"]}}],"collection":[{"href":"https:\/\/stara.pikaluna.com\/cz\/wp-json\/wp\/v2\/product"}],"about":[{"href":"https:\/\/stara.pikaluna.com\/cz\/wp-json\/wp\/v2\/types\/product"}],"wp:featuredmedia":[{"embeddable":true,"href":"https:\/\/stara.pikaluna.com\/cz\/wp-json\/wp\/v2\/media\/202225"}],"wp:attachment":[{"href":"https:\/\/stara.pikaluna.com\/cz\/wp-json\/wp\/v2\/media?parent=196053"}],"wp:term":[{"taxonomy":"product_brand","embeddable":true,"href":"https:\/\/stara.pikaluna.com\/cz\/wp-json\/wp\/v2\/product_brand?post=196053"},{"taxonomy":"product_cat","embeddable":true,"href":"https:\/\/stara.pikaluna.com\/cz\/wp-json\/wp\/v2\/product_cat?post=196053"},{"taxonomy":"product_tag","embeddable":true,"href":"https:\/\/stara.pikaluna.com\/cz\/wp-json\/wp\/v2\/product_tag?post=196053"}],"curies":[{"name":"wp","href":"https:\/\/api.w.org\/{rel}","templated":true}]}}